{"id":106668,"date":"2026-04-09T17:38:09","date_gmt":"2026-04-09T17:38:09","guid":{"rendered":"https:\/\/e.kosmolat.eu\/product\/revers-eyebrowartist-uzacu-zimulis-un-otina-melns-25-g\/"},"modified":"2026-04-09T17:38:19","modified_gmt":"2026-04-09T17:38:19","slug":"revers-eyebrowartist-uzacu-zimulis-un-otina-melns-25-g","status":"publish","type":"product","link":"https:\/\/e.kosmolat.eu\/lv\/product\/revers-eyebrowartist-uzacu-zimulis-un-otina-melns-25-g\/","title":{"rendered":"Revers EyeBrowArtist uzacu z\u012bmulis un oti\u0146a Melns, 2,5 g"},"content":{"rendered":"<p>Ilgnotur\u012bgs autom\u0101tiskais z\u012bmulis un ot\u012bte. Vaska formula.<br \/>\nLieto\u0161ana:<br \/>\n1. Ar z\u012bmuli iez\u012bm\u0113jiet uzacu aug\u0161\u0113jo un apak\u0161\u0113jo kont\u016bru.<br \/>\n2. Aizpildiet uzacis ar izv\u0113l\u0113to z\u012bmu\u013ca kr\u0101su.<br \/>\n3. Ar ot\u012bti iz\u0137emm\u0113jiet un veidojiet uzacu formu.<\/p>\n","protected":false},"excerpt":{"rendered":"<p>Ilgnotur\u012bgs autom\u0101tiskais z\u012bmulis un ot\u012bte. Vaska formula. Lieto\u0161ana: 1. Ar z\u012bmuli iez\u012bm\u0113jiet uzacu aug\u0161\u0113jo un apak\u0161\u0113jo kont\u016bru. 2. Aizpildiet uzacis ar izv\u0113l\u0113to z\u012bmu\u013ca kr\u0101su. 3. Ar ot\u012bti iz\u0137emm\u0113jiet un veidojiet uzacu formu.<\/p>\n","protected":false},"featured_media":0,"template":"","meta":[],"product_cat":[1249],"product_tag":[],"class_list":{"0":"post-106668","1":"product","2":"type-product","3":"status-publish","5":"product_brand-revers-cosmetics_pl","6":"product_cat-new","8":"first","9":"instock","10":"taxable","11":"shipping-taxable","12":"product-type-simple"},"_links":{"self":[{"href":"https:\/\/e.kosmolat.eu\/lv\/wp-json\/wp\/v2\/product\/106668","targetHints":{"allow":["GET"]}}],"collection":[{"href":"https:\/\/e.kosmolat.eu\/lv\/wp-json\/wp\/v2\/product"}],"about":[{"href":"https:\/\/e.kosmolat.eu\/lv\/wp-json\/wp\/v2\/types\/product"}],"wp:attachment":[{"href":"https:\/\/e.kosmolat.eu\/lv\/wp-json\/wp\/v2\/media?parent=106668"}],"wp:term":[{"taxonomy":"product_cat","embeddable":true,"href":"https:\/\/e.kosmolat.eu\/lv\/wp-json\/wp\/v2\/product_cat?post=106668"},{"taxonomy":"product_tag","embeddable":true,"href":"https:\/\/e.kosmolat.eu\/lv\/wp-json\/wp\/v2\/product_tag?post=106668"}],"curies":[{"name":"wp","href":"https:\/\/api.w.org\/{rel}","templated":true}]}}