{"id":106632,"date":"2026-04-09T17:35:46","date_gmt":"2026-04-09T17:35:46","guid":{"rendered":"https:\/\/e.kosmolat.eu\/product\/revers-xl-peach-03-tonalais-krems-30-ml\/"},"modified":"2026-04-09T17:35:58","modified_gmt":"2026-04-09T17:35:58","slug":"revers-xl-peach-03-tonalais-krems-30-ml","status":"publish","type":"product","link":"https:\/\/e.kosmolat.eu\/lv\/product\/revers-xl-peach-03-tonalais-krems-30-ml\/","title":{"rendered":"Revers XL Peach 03 ton\u0101lais kr\u0113ms, 30 ml"},"content":{"rendered":"<p>\u201eNatural Mineral Foundation XL\u201c nodro\u0161ina ilgsto\u0161u \u0101das mitrin\u0101\u0161anu, nosl\u0113pjot visus nepiln\u012bbas. Tas pie\u0161\u0137ir sat\u012bna sp\u012bdumu un aizsarg\u0101 \u0101du pret kait\u012bgiem vides faktoriem. T\u0101 viegl\u0101 formula nerada \u201emaskas\u201c efektu. \u201eNatural Mineral Foundation XL\u201c garant\u0113 nevainojamu grimu, kas saglab\u0101jas stund\u0101m ilgi. Piem\u0113rots visiem \u0101das tipiem.<\/p>\n","protected":false},"excerpt":{"rendered":"<p>\u201eNatural Mineral Foundation XL\u201c nodro\u0161ina ilgsto\u0161u \u0101das mitrin\u0101\u0161anu, nosl\u0113pjot visus nepiln\u012bbas. Tas pie\u0161\u0137ir sat\u012bna sp\u012bdumu un aizsarg\u0101 \u0101du pret kait\u012bgiem vides faktoriem. T\u0101 viegl\u0101 formula nerada \u201emaskas\u201c efektu. \u201eNatural Mineral Foundation XL\u201c garant\u0113 nevainojamu grimu, kas saglab\u0101jas stund\u0101m ilgi. Piem\u0113rots visiem \u0101das tipiem.<\/p>\n","protected":false},"featured_media":0,"template":"","meta":[],"product_cat":[1249],"product_tag":[],"class_list":{"0":"post-106632","1":"product","2":"type-product","3":"status-publish","5":"product_brand-revers-cosmetics_pl","6":"product_cat-new","8":"first","9":"instock","10":"taxable","11":"shipping-taxable","12":"product-type-simple"},"_links":{"self":[{"href":"https:\/\/e.kosmolat.eu\/lv\/wp-json\/wp\/v2\/product\/106632","targetHints":{"allow":["GET"]}}],"collection":[{"href":"https:\/\/e.kosmolat.eu\/lv\/wp-json\/wp\/v2\/product"}],"about":[{"href":"https:\/\/e.kosmolat.eu\/lv\/wp-json\/wp\/v2\/types\/product"}],"wp:attachment":[{"href":"https:\/\/e.kosmolat.eu\/lv\/wp-json\/wp\/v2\/media?parent=106632"}],"wp:term":[{"taxonomy":"product_cat","embeddable":true,"href":"https:\/\/e.kosmolat.eu\/lv\/wp-json\/wp\/v2\/product_cat?post=106632"},{"taxonomy":"product_tag","embeddable":true,"href":"https:\/\/e.kosmolat.eu\/lv\/wp-json\/wp\/v2\/product_tag?post=106632"}],"curies":[{"name":"wp","href":"https:\/\/api.w.org\/{rel}","templated":true}]}}