{"id":106608,"date":"2026-04-09T17:34:09","date_gmt":"2026-04-09T17:34:09","guid":{"rendered":"https:\/\/e.kosmolat.eu\/product\/revers-01-bronze-shimmer-bronzeris-9-g\/"},"modified":"2026-04-09T17:34:21","modified_gmt":"2026-04-09T17:34:21","slug":"revers-01-bronze-shimmer-bronzeris-9-g","status":"publish","type":"product","link":"https:\/\/e.kosmolat.eu\/lv\/product\/revers-01-bronze-shimmer-bronzeris-9-g\/","title":{"rendered":"Revers 01 Bronze &#038; Shimmer Bronzeris, 9 g"},"content":{"rendered":"<p>Bronzera samtaina, kr\u0113mveida tekst\u016bra ar izgaismojo\u0161\u0101m mikroda\u013ci\u0146\u0101m \u013cauj baud\u012bt mirdzo\u0161u iedegumu visa gada garum\u0101, k\u0101 ar\u012b lieliski papildina vakara grimu.<\/p>\n","protected":false},"excerpt":{"rendered":"<p>Bronzera samtaina, kr\u0113mveida tekst\u016bra ar izgaismojo\u0161\u0101m mikroda\u013ci\u0146\u0101m \u013cauj baud\u012bt mirdzo\u0161u iedegumu visa gada garum\u0101, k\u0101 ar\u012b lieliski papildina vakara grimu.<\/p>\n","protected":false},"featured_media":0,"template":"","meta":[],"product_cat":[1249],"product_tag":[],"class_list":{"0":"post-106608","1":"product","2":"type-product","3":"status-publish","5":"product_brand-revers-cosmetics_pl","6":"product_cat-new","8":"first","9":"instock","10":"taxable","11":"shipping-taxable","12":"product-type-simple"},"_links":{"self":[{"href":"https:\/\/e.kosmolat.eu\/lv\/wp-json\/wp\/v2\/product\/106608","targetHints":{"allow":["GET"]}}],"collection":[{"href":"https:\/\/e.kosmolat.eu\/lv\/wp-json\/wp\/v2\/product"}],"about":[{"href":"https:\/\/e.kosmolat.eu\/lv\/wp-json\/wp\/v2\/types\/product"}],"wp:attachment":[{"href":"https:\/\/e.kosmolat.eu\/lv\/wp-json\/wp\/v2\/media?parent=106608"}],"wp:term":[{"taxonomy":"product_cat","embeddable":true,"href":"https:\/\/e.kosmolat.eu\/lv\/wp-json\/wp\/v2\/product_cat?post=106608"},{"taxonomy":"product_tag","embeddable":true,"href":"https:\/\/e.kosmolat.eu\/lv\/wp-json\/wp\/v2\/product_tag?post=106608"}],"curies":[{"name":"wp","href":"https:\/\/api.w.org\/{rel}","templated":true}]}}