{"id":106604,"date":"2026-04-09T17:33:54","date_gmt":"2026-04-09T17:33:54","guid":{"rendered":"https:\/\/e.kosmolat.eu\/product\/revers-04-mineral-perfect-puderis-9-g\/"},"modified":"2026-04-09T17:34:04","modified_gmt":"2026-04-09T17:34:04","slug":"revers-04-mineral-perfect-puderis-9-g","status":"publish","type":"product","link":"https:\/\/e.kosmolat.eu\/lv\/product\/revers-04-mineral-perfect-puderis-9-g\/","title":{"rendered":"Revers 04 Mineral Perfect p\u016bderis, 9 g"},"content":{"rendered":"<p>Viegla kr\u0113mveida tekst\u016bra ide\u0101li sapl\u016bst ar \u0101du un ies\u016bcas t\u0101s strukt\u016br\u0101. Nosl\u0113pj nelielus \u0101das defektus. Ide\u0101li piem\u0113rots neliel\u0101m korekcij\u0101m dienas gait\u0101. Darbojas m\u012bkstino\u0161i un mitrino\u0161i, saglab\u0101 \u0101das gludumu un pasarg\u0101 to no sausuma. Pie\u0161\u0137ir \u0101dai svaigu un dabisku toni. Formula, kas regul\u0113 \u0101das tauku izdal\u012b\u0161anos, garant\u0113 mat\u0113tu p\u0101rkl\u0101jumu vair\u0101kas stundas. Viegli uzkl\u0101jams, ide\u0101li gluds p\u0101rkl\u0101jums bez izpl\u016bdu\u0161\u0101m l\u012bnij\u0101m.<\/p>\n","protected":false},"excerpt":{"rendered":"<p>Viegla kr\u0113mveida tekst\u016bra ide\u0101li sapl\u016bst ar \u0101du un ies\u016bcas t\u0101s strukt\u016br\u0101. Nosl\u0113pj nelielus \u0101das defektus. Ide\u0101li piem\u0113rots neliel\u0101m korekcij\u0101m dienas gait\u0101. Darbojas m\u012bkstino\u0161i un mitrino\u0161i, saglab\u0101 \u0101das gludumu un pasarg\u0101 to no sausuma. Pie\u0161\u0137ir \u0101dai svaigu un dabisku toni. Formula, kas regul\u0113 \u0101das tauku izdal\u012b\u0161anos, garant\u0113 mat\u0113tu p\u0101rkl\u0101jumu vair\u0101kas stundas. Viegli uzkl\u0101jams, ide\u0101li gluds p\u0101rkl\u0101jums [&#8230;]\n","protected":false},"featured_media":0,"template":"","meta":[],"product_cat":[1249],"product_tag":[],"class_list":{"0":"post-106604","1":"product","2":"type-product","3":"status-publish","5":"product_brand-revers-cosmetics_pl","6":"product_cat-new","8":"first","9":"instock","10":"taxable","11":"shipping-taxable","12":"product-type-simple"},"_links":{"self":[{"href":"https:\/\/e.kosmolat.eu\/lv\/wp-json\/wp\/v2\/product\/106604","targetHints":{"allow":["GET"]}}],"collection":[{"href":"https:\/\/e.kosmolat.eu\/lv\/wp-json\/wp\/v2\/product"}],"about":[{"href":"https:\/\/e.kosmolat.eu\/lv\/wp-json\/wp\/v2\/types\/product"}],"wp:attachment":[{"href":"https:\/\/e.kosmolat.eu\/lv\/wp-json\/wp\/v2\/media?parent=106604"}],"wp:term":[{"taxonomy":"product_cat","embeddable":true,"href":"https:\/\/e.kosmolat.eu\/lv\/wp-json\/wp\/v2\/product_cat?post=106604"},{"taxonomy":"product_tag","embeddable":true,"href":"https:\/\/e.kosmolat.eu\/lv\/wp-json\/wp\/v2\/product_tag?post=106604"}],"curies":[{"name":"wp","href":"https:\/\/api.w.org\/{rel}","templated":true}]}}