{"id":106588,"date":"2026-04-09T17:32:49","date_gmt":"2026-04-09T17:32:49","guid":{"rendered":"https:\/\/e.kosmolat.eu\/product\/dermospa-pomegranate-kerm-sviests-200-ml\/"},"modified":"2026-04-09T17:32:59","modified_gmt":"2026-04-09T17:32:59","slug":"dermospa-pomegranate-kerm-sviests-200-ml","status":"publish","type":"product","link":"https:\/\/e.kosmolat.eu\/lv\/product\/dermospa-pomegranate-kerm-sviests-200-ml\/","title":{"rendered":"DermoSPA Pomegranate \u0137erm.sviests, 200 ml"},"content":{"rendered":"<p>\u012apa\u0161i mitrino\u0161s, samtainas tekst\u016bras \u0137erme\u0146a sviests, kas ir bag\u0101tin\u0101ts ar dab\u012bgo ol\u012bve\u013c\u013cu, uzreiz uzlabo \u0101das st\u0101vokli, ilgsto\u0161i pasarg\u0101jot to no p\u0101rm\u0113r\u012bga sausuma un kairin\u0101juma. E vitam\u012bns akt\u012bvi kopj \u0101du, baro to un padara elast\u012bg\u0101ku, atjaunojot t\u0101s neparasto gludumu un elast\u012bbu. Paz\u016bd sausas \u0101das saj\u016bta un nepat\u012bkama saspringuma saj\u016bta.<\/p>\n","protected":false},"excerpt":{"rendered":"<p>\u012apa\u0161i mitrino\u0161s, samtainas tekst\u016bras \u0137erme\u0146a sviests, kas ir bag\u0101tin\u0101ts ar dab\u012bgo ol\u012bve\u013c\u013cu, uzreiz uzlabo \u0101das st\u0101vokli, ilgsto\u0161i pasarg\u0101jot to no p\u0101rm\u0113r\u012bga sausuma un kairin\u0101juma. E vitam\u012bns akt\u012bvi kopj \u0101du, baro to un padara elast\u012bg\u0101ku, atjaunojot t\u0101s neparasto gludumu un elast\u012bbu. Paz\u016bd sausas \u0101das saj\u016bta un nepat\u012bkama saspringuma saj\u016bta.<\/p>\n","protected":false},"featured_media":0,"template":"","meta":[],"product_cat":[1249],"product_tag":[],"class_list":{"0":"post-106588","1":"product","2":"type-product","3":"status-publish","5":"product_brand-revers-cosmetics_pl","6":"product_cat-new","8":"first","9":"instock","10":"taxable","11":"shipping-taxable","12":"product-type-simple"},"_links":{"self":[{"href":"https:\/\/e.kosmolat.eu\/lv\/wp-json\/wp\/v2\/product\/106588","targetHints":{"allow":["GET"]}}],"collection":[{"href":"https:\/\/e.kosmolat.eu\/lv\/wp-json\/wp\/v2\/product"}],"about":[{"href":"https:\/\/e.kosmolat.eu\/lv\/wp-json\/wp\/v2\/types\/product"}],"wp:attachment":[{"href":"https:\/\/e.kosmolat.eu\/lv\/wp-json\/wp\/v2\/media?parent=106588"}],"wp:term":[{"taxonomy":"product_cat","embeddable":true,"href":"https:\/\/e.kosmolat.eu\/lv\/wp-json\/wp\/v2\/product_cat?post=106588"},{"taxonomy":"product_tag","embeddable":true,"href":"https:\/\/e.kosmolat.eu\/lv\/wp-json\/wp\/v2\/product_tag?post=106588"}],"curies":[{"name":"wp","href":"https:\/\/api.w.org\/{rel}","templated":true}]}}