{"id":106584,"date":"2026-04-09T17:32:32","date_gmt":"2026-04-09T17:32:32","guid":{"rendered":"https:\/\/e.kosmolat.eu\/product\/dermospa-white-flowers-kerm-sviests-200-ml\/"},"modified":"2026-04-09T17:32:43","modified_gmt":"2026-04-09T17:32:43","slug":"dermospa-white-flowers-kerm-sviests-200-ml","status":"publish","type":"product","link":"https:\/\/e.kosmolat.eu\/lv\/product\/dermospa-white-flowers-kerm-sviests-200-ml\/","title":{"rendered":"DermoSPA White Flowers \u0137erm.sviests, 200 ml"},"content":{"rendered":"<p>\u0136erme\u0146a sviests ar avokado e\u013c\u013cu nodro\u0161ina optim\u0101lu mitrin\u0101\u0161anu, veicina \u0101das \u0161\u016bnu atjauno\u0161anos, dzi\u013ci mitrina un maigi baro \u0101du. Tas atjauno un izl\u012bdzina \u0101du, k\u0101 ar\u012b aizsarg\u0101 pret br\u012bvo radik\u0101\u013cu iedarb\u012bbu. Avokado e\u013c\u013ca pal\u0113nina noveco\u0161an\u0101s procesu, padarot \u0101du vesel\u012bg\u0101ku un jaun\u0101ku.<\/p>\n","protected":false},"excerpt":{"rendered":"<p>\u0136erme\u0146a sviests ar avokado e\u013c\u013cu nodro\u0161ina optim\u0101lu mitrin\u0101\u0161anu, veicina \u0101das \u0161\u016bnu atjauno\u0161anos, dzi\u013ci mitrina un maigi baro \u0101du. Tas atjauno un izl\u012bdzina \u0101du, k\u0101 ar\u012b aizsarg\u0101 pret br\u012bvo radik\u0101\u013cu iedarb\u012bbu. Avokado e\u013c\u013ca pal\u0113nina noveco\u0161an\u0101s procesu, padarot \u0101du vesel\u012bg\u0101ku un jaun\u0101ku.<\/p>\n","protected":false},"featured_media":0,"template":"","meta":[],"product_cat":[1249],"product_tag":[],"class_list":{"0":"post-106584","1":"product","2":"type-product","3":"status-publish","5":"product_brand-revers-cosmetics_pl","6":"product_cat-new","8":"first","9":"instock","10":"taxable","11":"shipping-taxable","12":"product-type-simple"},"_links":{"self":[{"href":"https:\/\/e.kosmolat.eu\/lv\/wp-json\/wp\/v2\/product\/106584","targetHints":{"allow":["GET"]}}],"collection":[{"href":"https:\/\/e.kosmolat.eu\/lv\/wp-json\/wp\/v2\/product"}],"about":[{"href":"https:\/\/e.kosmolat.eu\/lv\/wp-json\/wp\/v2\/types\/product"}],"wp:attachment":[{"href":"https:\/\/e.kosmolat.eu\/lv\/wp-json\/wp\/v2\/media?parent=106584"}],"wp:term":[{"taxonomy":"product_cat","embeddable":true,"href":"https:\/\/e.kosmolat.eu\/lv\/wp-json\/wp\/v2\/product_cat?post=106584"},{"taxonomy":"product_tag","embeddable":true,"href":"https:\/\/e.kosmolat.eu\/lv\/wp-json\/wp\/v2\/product_tag?post=106584"}],"curies":[{"name":"wp","href":"https:\/\/api.w.org\/{rel}","templated":true}]}}