{"id":106580,"date":"2026-04-09T17:32:16","date_gmt":"2026-04-09T17:32:16","guid":{"rendered":"https:\/\/e.kosmolat.eu\/product\/dermospa-coffeeargan-kerm-sviests-200-ml\/"},"modified":"2026-04-09T17:32:28","modified_gmt":"2026-04-09T17:32:28","slug":"dermospa-coffeeargan-kerm-sviests-200-ml","status":"publish","type":"product","link":"https:\/\/e.kosmolat.eu\/lv\/product\/dermospa-coffeeargan-kerm-sviests-200-ml\/","title":{"rendered":"DermoSPA Coffee&#038;Argan \u0137erm.sviests, 200 ml"},"content":{"rendered":"<p>Atjaunojo\u0161ais un nostiprino\u0161ais \u0137erme\u0146a sviests ar argana e\u013c\u013cu atjauno \u0101dai nepiecie\u0161amo mitruma l\u012bmeni, padarot to z\u012bdaini gludu un pie\u0161\u0137irot tai maigu arom\u0101tu. Argana e\u013c\u013ca un E vitam\u012bns uzreiz padara \u0101du stingr\u0101ku un elast\u012bg\u0101ku. Grauzd\u0113tas kafijas arom\u0101ts padara \u0161\u012b l\u012bdzek\u013ca uzkl\u0101\u0161anu \u013coti pat\u012bkamu.<\/p>\n","protected":false},"excerpt":{"rendered":"<p>Atjaunojo\u0161ais un nostiprino\u0161ais \u0137erme\u0146a sviests ar argana e\u013c\u013cu atjauno \u0101dai nepiecie\u0161amo mitruma l\u012bmeni, padarot to z\u012bdaini gludu un pie\u0161\u0137irot tai maigu arom\u0101tu. Argana e\u013c\u013ca un E vitam\u012bns uzreiz padara \u0101du stingr\u0101ku un elast\u012bg\u0101ku. Grauzd\u0113tas kafijas arom\u0101ts padara \u0161\u012b l\u012bdzek\u013ca uzkl\u0101\u0161anu \u013coti pat\u012bkamu.<\/p>\n","protected":false},"featured_media":0,"template":"","meta":[],"product_cat":[1249],"product_tag":[],"class_list":{"0":"post-106580","1":"product","2":"type-product","3":"status-publish","5":"product_brand-revers-cosmetics_pl","6":"product_cat-new","8":"first","9":"instock","10":"taxable","11":"shipping-taxable","12":"product-type-simple"},"_links":{"self":[{"href":"https:\/\/e.kosmolat.eu\/lv\/wp-json\/wp\/v2\/product\/106580","targetHints":{"allow":["GET"]}}],"collection":[{"href":"https:\/\/e.kosmolat.eu\/lv\/wp-json\/wp\/v2\/product"}],"about":[{"href":"https:\/\/e.kosmolat.eu\/lv\/wp-json\/wp\/v2\/types\/product"}],"wp:attachment":[{"href":"https:\/\/e.kosmolat.eu\/lv\/wp-json\/wp\/v2\/media?parent=106580"}],"wp:term":[{"taxonomy":"product_cat","embeddable":true,"href":"https:\/\/e.kosmolat.eu\/lv\/wp-json\/wp\/v2\/product_cat?post=106580"},{"taxonomy":"product_tag","embeddable":true,"href":"https:\/\/e.kosmolat.eu\/lv\/wp-json\/wp\/v2\/product_tag?post=106580"}],"curies":[{"name":"wp","href":"https:\/\/api.w.org\/{rel}","templated":true}]}}