{"id":106576,"date":"2026-04-09T17:31:57","date_gmt":"2026-04-09T17:31:57","guid":{"rendered":"https:\/\/e.kosmolat.eu\/product\/inelia-goats-milkhoney-krems-rokam-un-nagiem-100-ml\/"},"modified":"2026-04-09T17:32:11","modified_gmt":"2026-04-09T17:32:11","slug":"inelia-goats-milkhoney-krems-rokam-un-nagiem-100-ml","status":"publish","type":"product","link":"https:\/\/e.kosmolat.eu\/lv\/product\/inelia-goats-milkhoney-krems-rokam-un-nagiem-100-ml\/","title":{"rendered":"Inelia Goat`s Milk&#038;Honey kr\u0113ms rok\u0101m un nagiem, 100 ml"},"content":{"rendered":"<p>Koncentr\u0113ts, maigs un nomierino\u0161s kr\u0113ms, kas paredz\u0113ts ikdienas kop\u0161anai kairin\u0101tai \u0101dai, kurai nepiecie\u0161ama re\u0123ener\u0101cija un nomierin\u0101\u0161ana. Kr\u0113ma sast\u0101v\u0101 ir kazas piena prote\u012bni, kuriem piem\u012bt aizsarg\u0101jo\u0161a iedarb\u012bba, nomierinot kairin\u0101jumu un pa\u0101trinot dabisko atjauno\u0161anos. Bag\u0101t\u012bgais akt\u012bvo vielu saturs darbojas k\u0101 \u201epl\u0101ksteris\u201c, intens\u012bvi uzlabojot roku un nagu st\u0101vokli un izskatu. Medus ekstrakts sniedz barojo\u0161u un ener\u0123iz\u0113jo\u0161u efektu. Tas ar\u012b uztur atbilsto\u0161u \u0101das mitruma l\u012bmeni un uzlabo t\u0101s elast\u012bbu. Mande\u013cu piens, kas ir bag\u0101ts ar E vitam\u012bnu \u2013 jaun\u012bbas vitam\u012bnu, uzlabo elast\u012bbu un re\u0123ener\u0113.<\/p>\n<p>Lieto\u0161ana:<br \/>\nUzkl\u0101jiet nelielu kr\u0113ma daudzumu uz roku \u0101das un nagiem. Iemas\u0113jiet r\u016bp\u012bgi, piev\u0113r\u0161ot \u012bpa\u0161u uzman\u012bbu visvair\u0101k sausaj\u0101m un kairin\u0101taj\u0101m viet\u0101m. Lietojiet katru dienu atbilsto\u0161i vajadz\u012bb\u0101m.<\/p>\n","protected":false},"excerpt":{"rendered":"<p>Koncentr\u0113ts, maigs un nomierino\u0161s kr\u0113ms, kas paredz\u0113ts ikdienas kop\u0161anai kairin\u0101tai \u0101dai, kurai nepiecie\u0161ama re\u0123ener\u0101cija un nomierin\u0101\u0161ana. Kr\u0113ma sast\u0101v\u0101 ir kazas piena prote\u012bni, kuriem piem\u012bt aizsarg\u0101jo\u0161a iedarb\u012bba, nomierinot kairin\u0101jumu un pa\u0101trinot dabisko atjauno\u0161anos. Bag\u0101t\u012bgais akt\u012bvo vielu saturs darbojas k\u0101 \u201epl\u0101ksteris\u201c, intens\u012bvi uzlabojot roku un nagu st\u0101vokli un izskatu. Medus ekstrakts sniedz barojo\u0161u un ener\u0123iz\u0113jo\u0161u efektu. Tas [&#8230;]\n","protected":false},"featured_media":0,"template":"","meta":[],"product_cat":[1249],"product_tag":[],"class_list":{"0":"post-106576","1":"product","2":"type-product","3":"status-publish","5":"product_brand-revers-cosmetics_pl","6":"product_cat-new","8":"first","9":"instock","10":"taxable","11":"shipping-taxable","12":"product-type-simple"},"_links":{"self":[{"href":"https:\/\/e.kosmolat.eu\/lv\/wp-json\/wp\/v2\/product\/106576","targetHints":{"allow":["GET"]}}],"collection":[{"href":"https:\/\/e.kosmolat.eu\/lv\/wp-json\/wp\/v2\/product"}],"about":[{"href":"https:\/\/e.kosmolat.eu\/lv\/wp-json\/wp\/v2\/types\/product"}],"wp:attachment":[{"href":"https:\/\/e.kosmolat.eu\/lv\/wp-json\/wp\/v2\/media?parent=106576"}],"wp:term":[{"taxonomy":"product_cat","embeddable":true,"href":"https:\/\/e.kosmolat.eu\/lv\/wp-json\/wp\/v2\/product_cat?post=106576"},{"taxonomy":"product_tag","embeddable":true,"href":"https:\/\/e.kosmolat.eu\/lv\/wp-json\/wp\/v2\/product_tag?post=106576"}],"curies":[{"name":"wp","href":"https:\/\/api.w.org\/{rel}","templated":true}]}}