{"id":106572,"date":"2026-04-09T17:31:42","date_gmt":"2026-04-09T17:31:42","guid":{"rendered":"https:\/\/e.kosmolat.eu\/product\/revers-olive-roku-krems-125-ml\/"},"modified":"2026-04-09T17:31:53","modified_gmt":"2026-04-09T17:31:53","slug":"revers-olive-roku-krems-125-ml","status":"publish","type":"product","link":"https:\/\/e.kosmolat.eu\/lv\/product\/revers-olive-roku-krems-125-ml\/","title":{"rendered":"Revers Olive roku kr\u0113ms, 125 ml"},"content":{"rendered":"<p>Kr\u0113ms bag\u0101ts ar akt\u012bvaj\u0101m sast\u0101vda\u013c\u0101m, rad\u012bts ikdienas kop\u0161anai sausai, jut\u012bgai un pras\u012bgai roku \u0101dai. Pateicoties augstajam glicer\u012bna un za\u013co ol\u012bvu ekstrakta saturam, produkts efekt\u012bvi re\u0123ener\u0113 epidermu, atjauno komfortu un nov\u0113r\u0161 sausumu. Dab\u012bgajam za\u013co ol\u012bvu ekstraktam piem\u012bt nomierino\u0161a un re\u0123ener\u0113jo\u0161a iedarb\u012bba, k\u0101 ar\u012b tas papildina lip\u012bdus epidermas strukt\u016br\u0101. \u0100da k\u013c\u016bst redzami glud\u0101ka, elast\u012bg\u0101ka un iztur\u012bg\u0101ka pret mazg\u0101\u0161anas l\u012bdzek\u013ciem, aukstumu, v\u0113ju un sausu gaisu. Ol\u012bvas ekstrakts atbalsta ar\u012b dabiskos atjauno\u0161an\u0101s procesus, uzlabojot ne tikai \u0101das, bet ar\u012b nagu st\u0101vokli.<\/p>\n<p>Lieto\u0161ana: Uzkl\u0101jiet uz t\u012br\u0101m, saus\u0101m rok\u0101m. Iemas\u0113jiet, l\u012bdz l\u012bdzeklis piln\u012bb\u0101 ies\u016bcies, piev\u0113r\u0161ot \u012bpa\u0161u uzman\u012bbu nagu un kutikulu zonai. Lietojiet regul\u0101ri, \u012bpa\u0161i p\u0113c roku mazg\u0101\u0161anas vai saskares ar kairino\u0161\u0101m viel\u0101m.<\/p>\n","protected":false},"excerpt":{"rendered":"<p>Kr\u0113ms bag\u0101ts ar akt\u012bvaj\u0101m sast\u0101vda\u013c\u0101m, rad\u012bts ikdienas kop\u0161anai sausai, jut\u012bgai un pras\u012bgai roku \u0101dai. Pateicoties augstajam glicer\u012bna un za\u013co ol\u012bvu ekstrakta saturam, produkts efekt\u012bvi re\u0123ener\u0113 epidermu, atjauno komfortu un nov\u0113r\u0161 sausumu. Dab\u012bgajam za\u013co ol\u012bvu ekstraktam piem\u012bt nomierino\u0161a un re\u0123ener\u0113jo\u0161a iedarb\u012bba, k\u0101 ar\u012b tas papildina lip\u012bdus epidermas strukt\u016br\u0101. \u0100da k\u013c\u016bst redzami glud\u0101ka, elast\u012bg\u0101ka un iztur\u012bg\u0101ka pret [&#8230;]\n","protected":false},"featured_media":0,"template":"","meta":[],"product_cat":[1249],"product_tag":[],"class_list":{"0":"post-106572","1":"product","2":"type-product","3":"status-publish","5":"product_brand-revers-cosmetics_pl","6":"product_cat-new","8":"first","9":"instock","10":"taxable","11":"shipping-taxable","12":"product-type-simple"},"_links":{"self":[{"href":"https:\/\/e.kosmolat.eu\/lv\/wp-json\/wp\/v2\/product\/106572","targetHints":{"allow":["GET"]}}],"collection":[{"href":"https:\/\/e.kosmolat.eu\/lv\/wp-json\/wp\/v2\/product"}],"about":[{"href":"https:\/\/e.kosmolat.eu\/lv\/wp-json\/wp\/v2\/types\/product"}],"wp:attachment":[{"href":"https:\/\/e.kosmolat.eu\/lv\/wp-json\/wp\/v2\/media?parent=106572"}],"wp:term":[{"taxonomy":"product_cat","embeddable":true,"href":"https:\/\/e.kosmolat.eu\/lv\/wp-json\/wp\/v2\/product_cat?post=106572"},{"taxonomy":"product_tag","embeddable":true,"href":"https:\/\/e.kosmolat.eu\/lv\/wp-json\/wp\/v2\/product_tag?post=106572"}],"curies":[{"name":"wp","href":"https:\/\/api.w.org\/{rel}","templated":true}]}}