{"id":106568,"date":"2026-04-09T17:31:23","date_gmt":"2026-04-09T17:31:23","guid":{"rendered":"https:\/\/e.kosmolat.eu\/product\/revers-aloe-roku-krems-125-ml\/"},"modified":"2026-04-09T17:31:36","modified_gmt":"2026-04-09T17:31:36","slug":"revers-aloe-roku-krems-125-ml","status":"publish","type":"product","link":"https:\/\/e.kosmolat.eu\/lv\/product\/revers-aloe-roku-krems-125-ml\/","title":{"rendered":"Revers Aloe roku kr\u0113ms, 125 ml"},"content":{"rendered":"<p>Kr\u0113ms paredz\u0113ts intens\u012bvai sausas, raupjas un jut\u012bgas roku \u0101das kop\u0161anai. T\u0101 bag\u0101t\u012bg\u0101 formula efekt\u012bvi atjauno epidermu, nomierina kairin\u0101jumu un nodro\u0161ina ilgsto\u0161u mitrin\u0101\u0161anu. Pateicoties glicer\u012bna un alvejas saturam, tam ir daudzpus\u012bga iedarb\u012bba \u2014 tas atjauno, aizsarg\u0101 un atgrie\u017e \u0101dai komfortu. Kr\u0113m\u0101 eso\u0161ais alvejas ekstrakts darbojas nomierino\u0161i un re\u0123ener\u0113jo\u0161i. Tas sniedz atvieglojumu kairin\u0101tai \u0101dai, pa\u0101trina t\u0101s atjauno\u0161anos un stiprina t\u0101s dabisko aizsargbarjeru.<\/p>\n<p>Lieto\u0161ana: Uzkl\u0101jiet uz t\u012br\u0101m, saus\u0101m rok\u0101m. Iemas\u0113jiet, l\u012bdz l\u012bdzeklis piln\u012bb\u0101 ies\u016bcies, piev\u0113r\u0161ot \u012bpa\u0161u uzman\u012bbu nagu un kutikulu zonai. Lietojiet regul\u0101ri, \u012bpa\u0161i p\u0113c roku mazg\u0101\u0161anas vai saskares ar kairino\u0161\u0101m viel\u0101m.<\/p>\n","protected":false},"excerpt":{"rendered":"<p>Kr\u0113ms paredz\u0113ts intens\u012bvai sausas, raupjas un jut\u012bgas roku \u0101das kop\u0161anai. T\u0101 bag\u0101t\u012bg\u0101 formula efekt\u012bvi atjauno epidermu, nomierina kairin\u0101jumu un nodro\u0161ina ilgsto\u0161u mitrin\u0101\u0161anu. Pateicoties glicer\u012bna un alvejas saturam, tam ir daudzpus\u012bga iedarb\u012bba \u2014 tas atjauno, aizsarg\u0101 un atgrie\u017e \u0101dai komfortu. Kr\u0113m\u0101 eso\u0161ais alvejas ekstrakts darbojas nomierino\u0161i un re\u0123ener\u0113jo\u0161i. Tas sniedz atvieglojumu kairin\u0101tai \u0101dai, pa\u0101trina t\u0101s atjauno\u0161anos [&#8230;]\n","protected":false},"featured_media":0,"template":"","meta":[],"product_cat":[1249],"product_tag":[],"class_list":{"0":"post-106568","1":"product","2":"type-product","3":"status-publish","5":"product_brand-revers-cosmetics_pl","6":"product_cat-new","8":"first","9":"instock","10":"taxable","11":"shipping-taxable","12":"product-type-simple"},"_links":{"self":[{"href":"https:\/\/e.kosmolat.eu\/lv\/wp-json\/wp\/v2\/product\/106568","targetHints":{"allow":["GET"]}}],"collection":[{"href":"https:\/\/e.kosmolat.eu\/lv\/wp-json\/wp\/v2\/product"}],"about":[{"href":"https:\/\/e.kosmolat.eu\/lv\/wp-json\/wp\/v2\/types\/product"}],"wp:attachment":[{"href":"https:\/\/e.kosmolat.eu\/lv\/wp-json\/wp\/v2\/media?parent=106568"}],"wp:term":[{"taxonomy":"product_cat","embeddable":true,"href":"https:\/\/e.kosmolat.eu\/lv\/wp-json\/wp\/v2\/product_cat?post=106568"},{"taxonomy":"product_tag","embeddable":true,"href":"https:\/\/e.kosmolat.eu\/lv\/wp-json\/wp\/v2\/product_tag?post=106568"}],"curies":[{"name":"wp","href":"https:\/\/api.w.org\/{rel}","templated":true}]}}