{"id":106564,"date":"2026-04-09T17:31:08","date_gmt":"2026-04-09T17:31:08","guid":{"rendered":"https:\/\/e.kosmolat.eu\/product\/inelia-extra-dry-rullisu-dez-antiperspirants-50-ml\/"},"modified":"2026-04-09T17:31:18","modified_gmt":"2026-04-09T17:31:18","slug":"inelia-extra-dry-rullisu-dez-antiperspirants-50-ml","status":"publish","type":"product","link":"https:\/\/e.kosmolat.eu\/lv\/product\/inelia-extra-dry-rullisu-dez-antiperspirants-50-ml\/","title":{"rendered":"Inelia Extra Dry Rull\u012b\u0161u dez.antiperspirants, 50 ml"},"content":{"rendered":"<p>INELIA spirta nesaturo\u0161ais dezodorants ar rull\u012bti apvieno efekt\u012bvu sv\u012b\u0161anas samazin\u0101\u0161anu ar dezodoranta \u012bpa\u0161\u012bb\u0101m un vienlaic\u012bgu \u0101das kop\u0161anu. Pateicoties E vitam\u012bna saturam, tas efekt\u012bvi aizsarg\u0101 jut\u012bgo padus\u0113s eso\u0161o \u0101du, bet maigais arom\u0101ts nodro\u0161ina komforta saj\u016btu uz ilg\u0101m stund\u0101m. Dezodorants neatst\u0101j p\u0113das uz ap\u0123\u0113rba.<\/p>\n<p>Lieto\u0161ana: uzkl\u0101t uz t\u012bras un sausas \u0101das.<\/p>\n<p>Piesardz\u012bbas pas\u0101kumi: tikai \u0101r\u012bgai lieto\u0161anai. Izvair\u012bties no kontakta ar ac\u012bm. Ja nok\u013c\u016bst ac\u012bs, izskalot ar lielu daudzumu \u016bdens.<\/p>\n","protected":false},"excerpt":{"rendered":"<p>INELIA spirta nesaturo\u0161ais dezodorants ar rull\u012bti apvieno efekt\u012bvu sv\u012b\u0161anas samazin\u0101\u0161anu ar dezodoranta \u012bpa\u0161\u012bb\u0101m un vienlaic\u012bgu \u0101das kop\u0161anu. Pateicoties E vitam\u012bna saturam, tas efekt\u012bvi aizsarg\u0101 jut\u012bgo padus\u0113s eso\u0161o \u0101du, bet maigais arom\u0101ts nodro\u0161ina komforta saj\u016btu uz ilg\u0101m stund\u0101m. Dezodorants neatst\u0101j p\u0113das uz ap\u0123\u0113rba. Lieto\u0161ana: uzkl\u0101t uz t\u012bras un sausas \u0101das. Piesardz\u012bbas pas\u0101kumi: tikai \u0101r\u012bgai lieto\u0161anai. Izvair\u012bties [&#8230;]\n","protected":false},"featured_media":0,"template":"","meta":[],"product_cat":[1249],"product_tag":[],"class_list":{"0":"post-106564","1":"product","2":"type-product","3":"status-publish","5":"product_brand-revers-cosmetics_pl","6":"product_cat-new","8":"first","9":"instock","10":"taxable","11":"shipping-taxable","12":"product-type-simple"},"_links":{"self":[{"href":"https:\/\/e.kosmolat.eu\/lv\/wp-json\/wp\/v2\/product\/106564","targetHints":{"allow":["GET"]}}],"collection":[{"href":"https:\/\/e.kosmolat.eu\/lv\/wp-json\/wp\/v2\/product"}],"about":[{"href":"https:\/\/e.kosmolat.eu\/lv\/wp-json\/wp\/v2\/types\/product"}],"wp:attachment":[{"href":"https:\/\/e.kosmolat.eu\/lv\/wp-json\/wp\/v2\/media?parent=106564"}],"wp:term":[{"taxonomy":"product_cat","embeddable":true,"href":"https:\/\/e.kosmolat.eu\/lv\/wp-json\/wp\/v2\/product_cat?post=106564"},{"taxonomy":"product_tag","embeddable":true,"href":"https:\/\/e.kosmolat.eu\/lv\/wp-json\/wp\/v2\/product_tag?post=106564"}],"curies":[{"name":"wp","href":"https:\/\/api.w.org\/{rel}","templated":true}]}}