{"id":106544,"date":"2026-04-09T17:29:43","date_gmt":"2026-04-09T17:29:43","guid":{"rendered":"https:\/\/e.kosmolat.eu\/product\/inelia-ultra-pure-depilacijas-krems-125-ml\/"},"modified":"2026-04-09T17:29:54","modified_gmt":"2026-04-09T17:29:54","slug":"inelia-ultra-pure-depilacijas-krems-125-ml","status":"publish","type":"product","link":"https:\/\/e.kosmolat.eu\/lv\/product\/inelia-ultra-pure-depilacijas-krems-125-ml\/","title":{"rendered":"Inelia Ultra Pure Depil\u0101cijas kr\u0113ms, 125 ml"},"content":{"rendered":"<p>Kr\u0113mveida depil\u0101cijas l\u012bdzeklis k\u0101j\u0101m ar alveju un argana e\u013c\u013cu. Tas satur nomierino&scaron;u alvejas ekstraktu un intens\u012bvi re\u0123ener\u0113jo&scaron;u argana e\u013c\u013cu, pateicoties kam \u0101da ilgsto&scaron;i paliek dzi\u013ci mitrin\u0101ta, atjaunota un elast\u012bga. Kr\u0113ms nodro&scaron;ina efekt\u012bvu epil\u0101ciju, padara \u0101du samtaini gludu un sniedz ilgsto&scaron;u komforta saj\u016btu. \u0112rta l\u0101psti\u0146a atvieglo kr\u0113ma uzkl\u0101&scaron;anu.<\/p>\n<p><strong>Lieto&scaron;ana:<\/strong><\/p>\n<p>Ar l\u0101psti\u0146u uz mazg\u0101tas un nosusin\u0101tas \u0101das maigi (nesaskr\u0101p\u0113jot) vienm\u0113r\u012bgi uzkl\u0101jiet kr\u0113mu uz \u0137erme\u0146a viet\u0101m, no kur\u0101m v\u0113laties no\u0146emt mati\u0146us. Ar l\u0101psti\u0146u no\u0146emiet kr\u0113mu no neliela \u0101das laukuma &bdquo;pret mati\u0146u aug&scaron;anas virzienu&ldquo;; ja mati\u0146i izn\u0101k viegli, turpiniet epil\u0101ciju, cit\u0101di atst\u0101jiet kr\u0113mu uz \u0101das uz da\u017e\u0101m min\u016bt\u0113m, bet ne ilg\u0101k k\u0101 10 min\u016btes no proced\u016bras s\u0101kuma. Laiks, kas nepiecie&scaron;ams, lai kr\u0113ms iedarbotos, ir atkar\u012bgs no matu biezuma. P\u0113c epil\u0101cijas r\u016bp\u012bgi nomazg\u0101jiet \u0101du ar siltu \u016bdeni bez ziep\u0113m un nosusiniet to.<\/p>\n<p>Ieteicams saglab\u0101t \u0101r\u0113jo iepakojumu l\u012bdz br\u012bdim, kad epil\u0101cijas kr\u0113ms ir izlietots.<\/p>\n<p><strong>Piesardz\u012bbas pas\u0101kumi:<\/strong><\/p>\n<p>Izvairieties no saskares ar ac\u012bm. Ja produkts nok\u013c\u016bst ac\u012bs, nekav\u0113joties izskalojiet t\u0101s ar \u016bdeni un konsult\u0113jieties ar \u0101rstu. Satur tioglikol\u0101tus un s\u0101rmus. Uzman\u012bgi izlasiet lieto&scaron;anas instrukciju. Lietojiet saska\u0146\u0101 ar instrukciju. Glab\u0101jiet b\u0113rniem nepieejam\u0101 viet\u0101. 24 stundas p\u0113c kr\u0113ma uzkl\u0101&scaron;anas nav ieteicams lietot dezodorantus, pretpiedzi\u0146as l\u012bdzek\u013cus vai sau\u013coties epil\u0113taj\u0101s viet\u0101s. Nelietojiet kr\u0113mu uz kairin\u0101tas, boj\u0101tas vai stipri iedegu&scaron;as \u0101das. Glab\u0101jiet b\u0113rniem nepieejam\u0101 viet\u0101.<\/p>\n<p><strong>Iedarb\u012bba ir atkar\u012bga no matu un \u0101das biezuma un tipa.<\/strong><\/p>\n<p><strong>Piesardz\u012bbas pas\u0101kumi, kas nor\u0101d\u012bti uz \u0101r\u0113j\u0101 iepakojuma.<\/strong><\/p>\n<p><strong>Glab\u0101t b\u0113rniem nepieejam\u0101 viet\u0101.<\/strong><\/p>\n<p><strong>\u013boti akt\u012bva viela.<\/strong><\/p>\n<p><strong>Aizkav\u0113 un pal\u0113nina matu ataug&scaron;anu.<\/strong><\/p>\n<p><strong>Nelietojiet &scaron;o produktu sejas matu no\u0146em&scaron;anai.<\/strong><\/p>\n","protected":false},"excerpt":{"rendered":"<p>Kr\u0113mveida depil\u0101cijas l\u012bdzeklis k\u0101j\u0101m ar alveju un argana e\u013c\u013cu. Tas satur nomierino&scaron;u alvejas ekstraktu un intens\u012bvi re\u0123ener\u0113jo&scaron;u argana e\u013c\u013cu, pateicoties kam \u0101da ilgsto&scaron;i paliek dzi\u013ci mitrin\u0101ta, atjaunota un elast\u012bga. Kr\u0113ms nodro&scaron;ina efekt\u012bvu epil\u0101ciju, padara \u0101du samtaini gludu un sniedz ilgsto&scaron;u komforta saj\u016btu. \u0112rta l\u0101psti\u0146a atvieglo kr\u0113ma uzkl\u0101&scaron;anu. Lieto&scaron;ana: Ar l\u0101psti\u0146u uz mazg\u0101tas un nosusin\u0101tas \u0101das [&#8230;]\n","protected":false},"featured_media":0,"template":"","meta":[],"product_cat":[1249],"product_tag":[],"class_list":{"0":"post-106544","1":"product","2":"type-product","3":"status-publish","5":"product_brand-revers-cosmetics_pl","6":"product_cat-new","8":"first","9":"instock","10":"taxable","11":"shipping-taxable","12":"product-type-simple"},"_links":{"self":[{"href":"https:\/\/e.kosmolat.eu\/lv\/wp-json\/wp\/v2\/product\/106544","targetHints":{"allow":["GET"]}}],"collection":[{"href":"https:\/\/e.kosmolat.eu\/lv\/wp-json\/wp\/v2\/product"}],"about":[{"href":"https:\/\/e.kosmolat.eu\/lv\/wp-json\/wp\/v2\/types\/product"}],"wp:attachment":[{"href":"https:\/\/e.kosmolat.eu\/lv\/wp-json\/wp\/v2\/media?parent=106544"}],"wp:term":[{"taxonomy":"product_cat","embeddable":true,"href":"https:\/\/e.kosmolat.eu\/lv\/wp-json\/wp\/v2\/product_cat?post=106544"},{"taxonomy":"product_tag","embeddable":true,"href":"https:\/\/e.kosmolat.eu\/lv\/wp-json\/wp\/v2\/product_tag?post=106544"}],"curies":[{"name":"wp","href":"https:\/\/api.w.org\/{rel}","templated":true}]}}