{"id":106540,"date":"2026-04-09T17:29:25","date_gmt":"2026-04-09T17:29:25","guid":{"rendered":"https:\/\/e.kosmolat.eu\/product\/revers-sejas-krems-70-50-ml\/"},"modified":"2026-04-09T17:29:37","modified_gmt":"2026-04-09T17:29:37","slug":"revers-sejas-krems-70-50-ml","status":"publish","type":"product","link":"https:\/\/e.kosmolat.eu\/lv\/product\/revers-sejas-krems-70-50-ml\/","title":{"rendered":"Revers Sejas kr\u0113ms 70+, 50 ml"},"content":{"rendered":"<p><strong>Redzami uzlabo \u0101das elast\u012bbu<\/strong><\/p>\n<p><strong>Pa\u0101trina &scaron;\u016bnu atjauno&scaron;anos un darbojas pret noveco&scaron;anos<\/strong><\/p>\n<p><strong>Nostiprina un izl\u012bdzina<\/strong><\/p>\n<p>Retinols veicina &scaron;\u016bnu atjauno&scaron;anos, samazinot grumbu un \u0101das nel\u012bdzenumu izpausmes. Pateicoties sast\u0101vda\u013cas pak\u0101peniskai atbr\u012bvo&scaron;anai, tas l\u012bdz minimumam samazina kairin\u0101juma risku, vienlaikus nodro&scaron;inot efekt\u012bvu iedarb\u012bbu. Hialuronsk\u0101bes, kas ir starp&scaron;\u016bnu matricas sast\u0101vda\u013ca, kl\u0101tb\u016btne \u013cauj formulai piesaist\u012bt \u016bdeni \u0101d\u0101, nodro&scaron;inot t\u0101s elast\u012bbu un gludumu. Regul\u0101ra lieto&scaron;ana nomierina iekaisumu un izl\u012bdzina \u0101das toni, pie&scaron;\u0137irot \u0101dai vesel\u012bgu un starojo&scaron;u izskatu.<\/p>\n<p><strong>Lieto&scaron;ana:<\/strong><\/p>\n<p>Uzkl\u0101jiet vakar\u0101 uz att\u012br\u012btas un sausas \u0101das. Izvairieties no zonas ap ac\u012bm un muti. Pirm\u0101s divas ned\u0113\u013cas lietojiet reizi 2&ndash;3 dien\u0101s, p\u0113c tam pak\u0101peniski palieliniet lieto&scaron;anas bie\u017eumu.<\/p>\n<p>Satur A vitam\u012bnu &mdash; pirms lieto&scaron;anas \u0146emiet v\u0113r\u0101 savu dienas devu.<\/p>\n","protected":false},"excerpt":{"rendered":"<p>Redzami uzlabo \u0101das elast\u012bbu Pa\u0101trina &scaron;\u016bnu atjauno&scaron;anos un darbojas pret noveco&scaron;anos Nostiprina un izl\u012bdzina Retinols veicina &scaron;\u016bnu atjauno&scaron;anos, samazinot grumbu un \u0101das nel\u012bdzenumu izpausmes. Pateicoties sast\u0101vda\u013cas pak\u0101peniskai atbr\u012bvo&scaron;anai, tas l\u012bdz minimumam samazina kairin\u0101juma risku, vienlaikus nodro&scaron;inot efekt\u012bvu iedarb\u012bbu. Hialuronsk\u0101bes, kas ir starp&scaron;\u016bnu matricas sast\u0101vda\u013ca, kl\u0101tb\u016btne \u013cauj formulai piesaist\u012bt \u016bdeni \u0101d\u0101, nodro&scaron;inot t\u0101s elast\u012bbu un gludumu. [&#8230;]\n","protected":false},"featured_media":0,"template":"","meta":[],"product_cat":[1249],"product_tag":[],"class_list":{"0":"post-106540","1":"product","2":"type-product","3":"status-publish","5":"product_brand-revers-cosmetics_pl","6":"product_cat-new","8":"first","9":"instock","10":"taxable","11":"shipping-taxable","12":"product-type-simple"},"_links":{"self":[{"href":"https:\/\/e.kosmolat.eu\/lv\/wp-json\/wp\/v2\/product\/106540","targetHints":{"allow":["GET"]}}],"collection":[{"href":"https:\/\/e.kosmolat.eu\/lv\/wp-json\/wp\/v2\/product"}],"about":[{"href":"https:\/\/e.kosmolat.eu\/lv\/wp-json\/wp\/v2\/types\/product"}],"wp:attachment":[{"href":"https:\/\/e.kosmolat.eu\/lv\/wp-json\/wp\/v2\/media?parent=106540"}],"wp:term":[{"taxonomy":"product_cat","embeddable":true,"href":"https:\/\/e.kosmolat.eu\/lv\/wp-json\/wp\/v2\/product_cat?post=106540"},{"taxonomy":"product_tag","embeddable":true,"href":"https:\/\/e.kosmolat.eu\/lv\/wp-json\/wp\/v2\/product_tag?post=106540"}],"curies":[{"name":"wp","href":"https:\/\/api.w.org\/{rel}","templated":true}]}}