{"id":106536,"date":"2026-04-09T17:29:10","date_gmt":"2026-04-09T17:29:10","guid":{"rendered":"https:\/\/e.kosmolat.eu\/product\/revers-sejas-krems-60-50-ml\/"},"modified":"2026-04-09T17:29:20","modified_gmt":"2026-04-09T17:29:20","slug":"revers-sejas-krems-60-50-ml","status":"publish","type":"product","link":"https:\/\/e.kosmolat.eu\/lv\/product\/revers-sejas-krems-60-50-ml\/","title":{"rendered":"Revers Sejas kr\u0113ms 60+, 50 ml"},"content":{"rendered":"<p><strong>Nostiprina \u0101das barjeras funkciju un uzlabo mitrin\u0101&scaron;anu<\/strong><\/p>\n<p><strong>Uzlabo elast\u012bbu un izl\u012bdzina grumbi\u0146as<\/strong><\/p>\n<p><strong>Nostiprina \u0101das strukt\u016bru<\/strong><\/p>\n<p>Kolag\u0113ns veicina \u0101das strukt\u016bras atjauno&scaron;anos, uzlabojot t\u0101s elast\u012bbu un tonusu. Kr\u0113ma akt\u012bv\u0101s sast\u0101vda\u013cas, tostarp keram\u012bdi, nostiprina hidrolip\u012bdu barjeru, nov\u0113r&scaron;ot mitruma zudumu. &Scaron;\u012b formula palielina \u0101das elast\u012bbu un mitrin\u0101&scaron;anu, k\u0101 ar\u012b veicina hialuronsk\u0101bes veido&scaron;anos \u0101d\u0101. Regul\u0101ra lieto&scaron;ana atjauno \u0101das elast\u012bbu un vesel\u012bgu izskatu.<\/p>\n<p><strong>Lieto&scaron;ana:<\/strong><\/p>\n<p>Viegli ieklop\u0113jiet, lai stimul\u0113tu mikrocirkul\u0101ciju. Lietojiet no r\u012bta un vakar\u0101 uz att\u012br\u012btas sejas, kakla un dekolt\u0113 zonas \u0101das.<\/p>\n","protected":false},"excerpt":{"rendered":"<p>Nostiprina \u0101das barjeras funkciju un uzlabo mitrin\u0101&scaron;anu Uzlabo elast\u012bbu un izl\u012bdzina grumbi\u0146as Nostiprina \u0101das strukt\u016bru Kolag\u0113ns veicina \u0101das strukt\u016bras atjauno&scaron;anos, uzlabojot t\u0101s elast\u012bbu un tonusu. Kr\u0113ma akt\u012bv\u0101s sast\u0101vda\u013cas, tostarp keram\u012bdi, nostiprina hidrolip\u012bdu barjeru, nov\u0113r&scaron;ot mitruma zudumu. &Scaron;\u012b formula palielina \u0101das elast\u012bbu un mitrin\u0101&scaron;anu, k\u0101 ar\u012b veicina hialuronsk\u0101bes veido&scaron;anos \u0101d\u0101. Regul\u0101ra lieto&scaron;ana atjauno \u0101das elast\u012bbu un [&#8230;]\n","protected":false},"featured_media":0,"template":"","meta":[],"product_cat":[1249],"product_tag":[],"class_list":{"0":"post-106536","1":"product","2":"type-product","3":"status-publish","5":"product_brand-revers-cosmetics_pl","6":"product_cat-new","8":"first","9":"instock","10":"taxable","11":"shipping-taxable","12":"product-type-simple"},"_links":{"self":[{"href":"https:\/\/e.kosmolat.eu\/lv\/wp-json\/wp\/v2\/product\/106536","targetHints":{"allow":["GET"]}}],"collection":[{"href":"https:\/\/e.kosmolat.eu\/lv\/wp-json\/wp\/v2\/product"}],"about":[{"href":"https:\/\/e.kosmolat.eu\/lv\/wp-json\/wp\/v2\/types\/product"}],"wp:attachment":[{"href":"https:\/\/e.kosmolat.eu\/lv\/wp-json\/wp\/v2\/media?parent=106536"}],"wp:term":[{"taxonomy":"product_cat","embeddable":true,"href":"https:\/\/e.kosmolat.eu\/lv\/wp-json\/wp\/v2\/product_cat?post=106536"},{"taxonomy":"product_tag","embeddable":true,"href":"https:\/\/e.kosmolat.eu\/lv\/wp-json\/wp\/v2\/product_tag?post=106536"}],"curies":[{"name":"wp","href":"https:\/\/api.w.org\/{rel}","templated":true}]}}