{"id":106528,"date":"2026-04-09T17:28:39","date_gmt":"2026-04-09T17:28:39","guid":{"rendered":"https:\/\/e.kosmolat.eu\/product\/revers-sejas-krems-40-50-ml\/"},"modified":"2026-04-09T17:28:51","modified_gmt":"2026-04-09T17:28:51","slug":"revers-sejas-krems-40-50-ml","status":"publish","type":"product","link":"https:\/\/e.kosmolat.eu\/lv\/product\/revers-sejas-krems-40-50-ml\/","title":{"rendered":"Revers Sejas kr\u0113ms 40+, 50 ml"},"content":{"rendered":"<p><strong>LACTIL&reg; ilgsto&scaron;i mitrina epidermu un dzi\u013c\u0101kus \u0101das sl\u0101\u0146us<\/strong><\/p>\n<p><strong>Aizsarg\u0101 pret mitruma zudumu<\/strong><\/p>\n<p><strong>Nostiprina, m\u012bkstina un toniz\u0113<\/strong><\/p>\n<p>Intens\u012bvi mitrino&scaron;\u0101 formula izl\u012bdzina \u0101du, atjaunojot t\u0101s elast\u012bbu. Hialuronsk\u0101be iedarbojas gan uz \u0101das virsmas, gan t\u0101s dzi\u013c\u0101kajos sl\u0101\u0146os. \u0100da k\u013c\u016bst maig\u0101ka, elast\u012bg\u0101ka un iztur\u012bg\u0101ka pret sausumu. LACTIL&reg; sast\u0101vda\u013ca ilgsto&scaron;i paaugstina epidermas mitruma l\u012bmeni. T\u0101 transport\u0113 \u016bdeni uz \u0101das &scaron;\u016bn\u0101m un no t\u0101m, nodro&scaron;inot optim\u0101lu mitruma l\u012bmeni un kontrol\u0113tu keratiniz\u0101ciju.<\/p>\n<p><strong>Lieto&scaron;ana:<\/strong><\/p>\n<p>Viegli ieklop\u0113jiet, lai l\u012bdzeklis lab\u0101k ies\u016bktos. Uzkl\u0101jiet no r\u012bta un vakar\u0101 uz att\u012br\u012btas, mitras sejas, kakla un dekolt\u0113 zonas \u0101das. Var lietot zem saules aizsargkr\u0113ma un grima.<\/p>\n","protected":false},"excerpt":{"rendered":"<p>LACTIL&reg; ilgsto&scaron;i mitrina epidermu un dzi\u013c\u0101kus \u0101das sl\u0101\u0146us Aizsarg\u0101 pret mitruma zudumu Nostiprina, m\u012bkstina un toniz\u0113 Intens\u012bvi mitrino&scaron;\u0101 formula izl\u012bdzina \u0101du, atjaunojot t\u0101s elast\u012bbu. Hialuronsk\u0101be iedarbojas gan uz \u0101das virsmas, gan t\u0101s dzi\u013c\u0101kajos sl\u0101\u0146os. \u0100da k\u013c\u016bst maig\u0101ka, elast\u012bg\u0101ka un iztur\u012bg\u0101ka pret sausumu. LACTIL&reg; sast\u0101vda\u013ca ilgsto&scaron;i paaugstina epidermas mitruma l\u012bmeni. T\u0101 transport\u0113 \u016bdeni uz \u0101das &scaron;\u016bn\u0101m [&#8230;]\n","protected":false},"featured_media":0,"template":"","meta":[],"product_cat":[1249],"product_tag":[],"class_list":{"0":"post-106528","1":"product","2":"type-product","3":"status-publish","5":"product_brand-revers-cosmetics_pl","6":"product_cat-new","8":"first","9":"instock","10":"taxable","11":"shipping-taxable","12":"product-type-simple"},"_links":{"self":[{"href":"https:\/\/e.kosmolat.eu\/lv\/wp-json\/wp\/v2\/product\/106528","targetHints":{"allow":["GET"]}}],"collection":[{"href":"https:\/\/e.kosmolat.eu\/lv\/wp-json\/wp\/v2\/product"}],"about":[{"href":"https:\/\/e.kosmolat.eu\/lv\/wp-json\/wp\/v2\/types\/product"}],"wp:attachment":[{"href":"https:\/\/e.kosmolat.eu\/lv\/wp-json\/wp\/v2\/media?parent=106528"}],"wp:term":[{"taxonomy":"product_cat","embeddable":true,"href":"https:\/\/e.kosmolat.eu\/lv\/wp-json\/wp\/v2\/product_cat?post=106528"},{"taxonomy":"product_tag","embeddable":true,"href":"https:\/\/e.kosmolat.eu\/lv\/wp-json\/wp\/v2\/product_tag?post=106528"}],"curies":[{"name":"wp","href":"https:\/\/api.w.org\/{rel}","templated":true}]}}