{"id":106524,"date":"2026-04-09T17:28:23","date_gmt":"2026-04-09T17:28:23","guid":{"rendered":"https:\/\/e.kosmolat.eu\/product\/revers-spa-nail-lidz-nagu-stiprin-10-ml\/"},"modified":"2026-04-09T17:28:34","modified_gmt":"2026-04-09T17:28:34","slug":"revers-spa-nail-lidz-nagu-stiprin-10-ml","status":"publish","type":"product","link":"https:\/\/e.kosmolat.eu\/lv\/product\/revers-spa-nail-lidz-nagu-stiprin-10-ml\/","title":{"rendered":"Revers SPA Nail L\u012bdz.nagu stiprin, 10 ml"},"content":{"rendered":"<p>Ar IN-KERATEX\u00ae bag\u0101tin\u0101tais stiprino\u0161ais serums pal\u012bdz pasarg\u0101t nagu pl\u0101ksni no l\u016b\u0161anas un \u0161\u0137el\u0161an\u0101s. Dabiski stimul\u0113 nagu aug\u0161anu. Caursp\u012bd\u012bg\u0101 b\u0101ze aizsarg\u0101 nagu virsmu no \u0101r\u0113jiem faktoriem un pal\u012bdz pagarin\u0101t nagu lakas notur\u012bbu. Prepar\u0101ts satur ekskluz\u012bvu pist\u0101ciju sve\u0137u e\u013c\u013cu, kam piem\u012bt dziedino\u0161as un stiprino\u0161as \u012bpa\u0161\u012bbas. \u0160\u0137idr\u0101 formula nodro\u0161ina vieglu uzkl\u0101\u0161anu un \u013coti \u012bsu \u017e\u0101v\u0113\u0161an\u0101s laiku.<\/p>\n<p>K\u0101 lietot k\u0101 stiprino\u0161u l\u012bdzekli:<br \/>\nUzkl\u0101jiet vienu sl\u0101ni l\u012bdzek\u013ca uz not\u012br\u012btas nagu pl\u0101ksnes. Serumu vajadz\u0113tu lietot regul\u0101ri p\u0113c nepiecie\u0161am\u012bbas, vismaz divas reizes ned\u0113\u013c\u0101.<\/p>\n<p>K\u0101 lietot k\u0101 stiprino\u0161u b\u0101zi:<br \/>\nUzkl\u0101jiet vienu sl\u0101ni uz not\u012br\u012btas nagu pl\u0101ksnes. Kad tas iz\u017e\u016bst, uzkl\u0101jiet savu iecien\u012bt\u0101ko nagu laku.<\/p>\n","protected":false},"excerpt":{"rendered":"<p>Ar IN-KERATEX\u00ae bag\u0101tin\u0101tais stiprino\u0161ais serums pal\u012bdz pasarg\u0101t nagu pl\u0101ksni no l\u016b\u0161anas un \u0161\u0137el\u0161an\u0101s. Dabiski stimul\u0113 nagu aug\u0161anu. Caursp\u012bd\u012bg\u0101 b\u0101ze aizsarg\u0101 nagu virsmu no \u0101r\u0113jiem faktoriem un pal\u012bdz pagarin\u0101t nagu lakas notur\u012bbu. Prepar\u0101ts satur ekskluz\u012bvu pist\u0101ciju sve\u0137u e\u013c\u013cu, kam piem\u012bt dziedino\u0161as un stiprino\u0161as \u012bpa\u0161\u012bbas. \u0160\u0137idr\u0101 formula nodro\u0161ina vieglu uzkl\u0101\u0161anu un \u013coti \u012bsu \u017e\u0101v\u0113\u0161an\u0101s laiku. K\u0101 lietot [&#8230;]\n","protected":false},"featured_media":0,"template":"","meta":[],"product_cat":[1249],"product_tag":[],"class_list":{"0":"post-106524","1":"product","2":"type-product","3":"status-publish","5":"product_brand-revers-cosmetics_pl","6":"product_cat-new","8":"first","9":"instock","10":"taxable","11":"shipping-taxable","12":"product-type-simple"},"_links":{"self":[{"href":"https:\/\/e.kosmolat.eu\/lv\/wp-json\/wp\/v2\/product\/106524","targetHints":{"allow":["GET"]}}],"collection":[{"href":"https:\/\/e.kosmolat.eu\/lv\/wp-json\/wp\/v2\/product"}],"about":[{"href":"https:\/\/e.kosmolat.eu\/lv\/wp-json\/wp\/v2\/types\/product"}],"wp:attachment":[{"href":"https:\/\/e.kosmolat.eu\/lv\/wp-json\/wp\/v2\/media?parent=106524"}],"wp:term":[{"taxonomy":"product_cat","embeddable":true,"href":"https:\/\/e.kosmolat.eu\/lv\/wp-json\/wp\/v2\/product_cat?post=106524"},{"taxonomy":"product_tag","embeddable":true,"href":"https:\/\/e.kosmolat.eu\/lv\/wp-json\/wp\/v2\/product_tag?post=106524"}],"curies":[{"name":"wp","href":"https:\/\/api.w.org\/{rel}","templated":true}]}}