{"id":106508,"date":"2026-04-09T17:27:19","date_gmt":"2026-04-09T17:27:19","guid":{"rendered":"https:\/\/e.kosmolat.eu\/product\/revers-13-lip-image-lupu-krasa-4-g\/"},"modified":"2026-04-09T17:27:30","modified_gmt":"2026-04-09T17:27:30","slug":"revers-13-lip-image-lupu-krasa-4-g","status":"publish","type":"product","link":"https:\/\/e.kosmolat.eu\/lv\/product\/revers-13-lip-image-lupu-krasa-4-g\/","title":{"rendered":"Revers 13 Lip Image l\u016bpu kr\u0101sa, 4 g"},"content":{"rendered":"<p>Revers Lip Image l\u016bpu kr\u0101sa ir ide\u0101la izv\u0113le sieviet\u0113m, kuras v\u0113las apvienot dzi\u013cu, ko\u0161u kr\u0101su ar maigu kop\u0161anu. \u0160is izcilais produkts apvieno augstas kvalit\u0101tes formulu, \u0113rtu lieto\u0161anu un stil\u012bgu izskatu. Tas ir produkts t\u0101m, kuras nov\u0113rt\u0113 kvalit\u0101ti, \u0113rt\u012bbu un stilu.<\/p>\n","protected":false},"excerpt":{"rendered":"<p>Revers Lip Image l\u016bpu kr\u0101sa ir ide\u0101la izv\u0113le sieviet\u0113m, kuras v\u0113las apvienot dzi\u013cu, ko\u0161u kr\u0101su ar maigu kop\u0161anu. \u0160is izcilais produkts apvieno augstas kvalit\u0101tes formulu, \u0113rtu lieto\u0161anu un stil\u012bgu izskatu. Tas ir produkts t\u0101m, kuras nov\u0113rt\u0113 kvalit\u0101ti, \u0113rt\u012bbu un stilu.<\/p>\n","protected":false},"featured_media":0,"template":"","meta":[],"product_cat":[1249],"product_tag":[],"class_list":{"0":"post-106508","1":"product","2":"type-product","3":"status-publish","5":"product_brand-revers-cosmetics_pl","6":"product_cat-new","8":"first","9":"instock","10":"taxable","11":"shipping-taxable","12":"product-type-simple"},"_links":{"self":[{"href":"https:\/\/e.kosmolat.eu\/lv\/wp-json\/wp\/v2\/product\/106508","targetHints":{"allow":["GET"]}}],"collection":[{"href":"https:\/\/e.kosmolat.eu\/lv\/wp-json\/wp\/v2\/product"}],"about":[{"href":"https:\/\/e.kosmolat.eu\/lv\/wp-json\/wp\/v2\/types\/product"}],"wp:attachment":[{"href":"https:\/\/e.kosmolat.eu\/lv\/wp-json\/wp\/v2\/media?parent=106508"}],"wp:term":[{"taxonomy":"product_cat","embeddable":true,"href":"https:\/\/e.kosmolat.eu\/lv\/wp-json\/wp\/v2\/product_cat?post=106508"},{"taxonomy":"product_tag","embeddable":true,"href":"https:\/\/e.kosmolat.eu\/lv\/wp-json\/wp\/v2\/product_tag?post=106508"}],"curies":[{"name":"wp","href":"https:\/\/api.w.org\/{rel}","templated":true}]}}