{"id":106496,"date":"2026-04-09T17:26:31","date_gmt":"2026-04-09T17:26:31","guid":{"rendered":"https:\/\/e.kosmolat.eu\/product\/revers-mineral-illuminating-grima-baze-30-ml\/"},"modified":"2026-04-09T17:26:43","modified_gmt":"2026-04-09T17:26:43","slug":"revers-mineral-illuminating-grima-baze-30-ml","status":"publish","type":"product","link":"https:\/\/e.kosmolat.eu\/lv\/product\/revers-mineral-illuminating-grima-baze-30-ml\/","title":{"rendered":"Revers Mineral Illuminating grima b\u0101ze, 30 ml"},"content":{"rendered":"<p>Apgaismojo\u0161a grima b\u0101ze ar gaismu atstarojo\u0161iem perlamutra pigmentiem. B\u0101ze vizu\u0101li uzlabo \u0101das izskatu un toni, maigi to izgaismo un pie\u0161\u0137ir meiten\u012bgu mirdzumu. Viegla, mitrino\u0161a formula nodro\u0161ina \u0101das gludumu, nosl\u0113pj nepiln\u012bbas un smalk\u0101s grumbi\u0146as. Kosm\u0113tikas l\u012bdzeklis atvieglo grima uzkl\u0101\u0161anu un iev\u0113rojami pagarin\u0101 t\u0101 notur\u012bbu, garant\u0113jot nevainojamu un dabisku efektu \u2013 relaks\u0113tu un kop\u0113tu \u0101du.<br \/>\nLieto\u0161ana:<br \/>\nUzkl\u0101jiet pl\u0101nu kosm\u0113tikas sl\u0101ni uz att\u012br\u012btas sejas \u0101das vai uz t\u0101m viet\u0101m, kuras v\u0113laties izcelt ar maigu mirdzumu. P\u0113c b\u0101zes uzkl\u0101\u0161anas pagaidiet 30 sekundes, lai t\u0101 labi ies\u016bktos.<\/p>\n","protected":false},"excerpt":{"rendered":"<p>Apgaismojo\u0161a grima b\u0101ze ar gaismu atstarojo\u0161iem perlamutra pigmentiem. B\u0101ze vizu\u0101li uzlabo \u0101das izskatu un toni, maigi to izgaismo un pie\u0161\u0137ir meiten\u012bgu mirdzumu. Viegla, mitrino\u0161a formula nodro\u0161ina \u0101das gludumu, nosl\u0113pj nepiln\u012bbas un smalk\u0101s grumbi\u0146as. Kosm\u0113tikas l\u012bdzeklis atvieglo grima uzkl\u0101\u0161anu un iev\u0113rojami pagarin\u0101 t\u0101 notur\u012bbu, garant\u0113jot nevainojamu un dabisku efektu \u2013 relaks\u0113tu un kop\u0113tu \u0101du. Lieto\u0161ana: Uzkl\u0101jiet [&#8230;]\n","protected":false},"featured_media":0,"template":"","meta":[],"product_cat":[1249],"product_tag":[],"class_list":{"0":"post-106496","1":"product","2":"type-product","3":"status-publish","5":"product_brand-revers-cosmetics_pl","6":"product_cat-new","8":"first","9":"instock","10":"taxable","11":"shipping-taxable","12":"product-type-simple"},"_links":{"self":[{"href":"https:\/\/e.kosmolat.eu\/lv\/wp-json\/wp\/v2\/product\/106496","targetHints":{"allow":["GET"]}}],"collection":[{"href":"https:\/\/e.kosmolat.eu\/lv\/wp-json\/wp\/v2\/product"}],"about":[{"href":"https:\/\/e.kosmolat.eu\/lv\/wp-json\/wp\/v2\/types\/product"}],"wp:attachment":[{"href":"https:\/\/e.kosmolat.eu\/lv\/wp-json\/wp\/v2\/media?parent=106496"}],"wp:term":[{"taxonomy":"product_cat","embeddable":true,"href":"https:\/\/e.kosmolat.eu\/lv\/wp-json\/wp\/v2\/product_cat?post=106496"},{"taxonomy":"product_tag","embeddable":true,"href":"https:\/\/e.kosmolat.eu\/lv\/wp-json\/wp\/v2\/product_tag?post=106496"}],"curies":[{"name":"wp","href":"https:\/\/api.w.org\/{rel}","templated":true}]}}