{"id":106492,"date":"2026-04-09T17:26:15","date_gmt":"2026-04-09T17:26:15","guid":{"rendered":"https:\/\/e.kosmolat.eu\/product\/revers-mineral-correcting-grima-baze-30-ml\/"},"modified":"2026-04-09T17:26:25","modified_gmt":"2026-04-09T17:26:25","slug":"revers-mineral-correcting-grima-baze-30-ml","status":"publish","type":"product","link":"https:\/\/e.kosmolat.eu\/lv\/product\/revers-mineral-correcting-grima-baze-30-ml\/","title":{"rendered":"Revers Mineral Correcting grima b\u0101ze, 30 ml"},"content":{"rendered":"<p>Kori\u0123\u0113jo\u0161s ton\u0101lais kr\u0113ms pret aps\u0101rtumu un \u0101das nepiln\u012bb\u0101m. \u0100da k\u013c\u016bst gluda, bet kuperoze un papla\u0161in\u0101t\u0101s poras k\u013c\u016bst maz\u0101k paman\u0101mas. Viegl\u0101 tekst\u016bra ir viegli uzkl\u0101jama un nodro\u0161ina \u0101dai mitrin\u0101jumu un mat\u0113tu izskatu. Tas atvieglo \u0161\u0137idr\u0101 ton\u0101l\u0101 kr\u0113ma uzkl\u0101\u0161anu un pagarin\u0101 grima notur\u012bbu. Tas aizsarg\u0101 pret \u0101r\u0113jo faktoru kait\u012bgo ietekmi un nekairina \u0101du.<br \/>\nLieto\u0161ana:<br \/>\nAr pirkstiem uzkl\u0101jiet pl\u0101nu kosm\u0113tikas sl\u0101ni uz att\u012br\u012btas sejas vai t\u0101s da\u013c\u0101m, kur\u0101m nepiecie\u0161ama korekcija. P\u0113c b\u0101zes uzkl\u0101\u0161anas pagaidiet 30 sekundes, lai t\u0101 labi ies\u016bktos.<\/p>\n","protected":false},"excerpt":{"rendered":"<p>Kori\u0123\u0113jo\u0161s ton\u0101lais kr\u0113ms pret aps\u0101rtumu un \u0101das nepiln\u012bb\u0101m. \u0100da k\u013c\u016bst gluda, bet kuperoze un papla\u0161in\u0101t\u0101s poras k\u013c\u016bst maz\u0101k paman\u0101mas. Viegl\u0101 tekst\u016bra ir viegli uzkl\u0101jama un nodro\u0161ina \u0101dai mitrin\u0101jumu un mat\u0113tu izskatu. Tas atvieglo \u0161\u0137idr\u0101 ton\u0101l\u0101 kr\u0113ma uzkl\u0101\u0161anu un pagarin\u0101 grima notur\u012bbu. Tas aizsarg\u0101 pret \u0101r\u0113jo faktoru kait\u012bgo ietekmi un nekairina \u0101du. Lieto\u0161ana: Ar pirkstiem uzkl\u0101jiet [&#8230;]\n","protected":false},"featured_media":0,"template":"","meta":[],"product_cat":[1249],"product_tag":[],"class_list":{"0":"post-106492","1":"product","2":"type-product","3":"status-publish","5":"product_brand-revers-cosmetics_pl","6":"product_cat-new","8":"first","9":"instock","10":"taxable","11":"shipping-taxable","12":"product-type-simple"},"_links":{"self":[{"href":"https:\/\/e.kosmolat.eu\/lv\/wp-json\/wp\/v2\/product\/106492","targetHints":{"allow":["GET"]}}],"collection":[{"href":"https:\/\/e.kosmolat.eu\/lv\/wp-json\/wp\/v2\/product"}],"about":[{"href":"https:\/\/e.kosmolat.eu\/lv\/wp-json\/wp\/v2\/types\/product"}],"wp:attachment":[{"href":"https:\/\/e.kosmolat.eu\/lv\/wp-json\/wp\/v2\/media?parent=106492"}],"wp:term":[{"taxonomy":"product_cat","embeddable":true,"href":"https:\/\/e.kosmolat.eu\/lv\/wp-json\/wp\/v2\/product_cat?post=106492"},{"taxonomy":"product_tag","embeddable":true,"href":"https:\/\/e.kosmolat.eu\/lv\/wp-json\/wp\/v2\/product_tag?post=106492"}],"curies":[{"name":"wp","href":"https:\/\/api.w.org\/{rel}","templated":true}]}}