{"id":106488,"date":"2026-04-09T17:25:58","date_gmt":"2026-04-09T17:25:58","guid":{"rendered":"https:\/\/e.kosmolat.eu\/product\/revers-mineral-perfect-silikona-grima-baze-30-ml\/"},"modified":"2026-04-09T17:26:10","modified_gmt":"2026-04-09T17:26:10","slug":"revers-mineral-perfect-silikona-grima-baze-30-ml","status":"publish","type":"product","link":"https:\/\/e.kosmolat.eu\/lv\/product\/revers-mineral-perfect-silikona-grima-baze-30-ml\/","title":{"rendered":"Revers Mineral Perfect silikona grima b\u0101ze, 30 ml"},"content":{"rendered":"<p>\u201eMineral Perfect\u201c silikona grima b\u0101ze efekt\u012bvi pagarin\u0101 grima notur\u012bbu \u2013 \u0101da k\u013c\u016bst ide\u0101li gluda, samtaini maiga un mat\u0113ta. Viegla, kopjo\u0161a formula, kas satur silikona e\u013c\u013cas, sagatavo \u0101du kr\u0113mveida grima vai p\u016bdera uzkl\u0101\u0161anai, nodro\u0161inot to vienm\u0113r\u012bgu sadali, neuzsverot grumbi\u0146as. T\u0101 aizsarg\u0101 pret \u0101r\u0113jo faktoru kait\u012bgo ietekmi, neapgr\u016btinot \u0101du.<br \/>\nLieto\u0161ana:<br \/>\nAr pirkstiem uzkl\u0101jiet pl\u0101nu kosm\u0113tikas sl\u0101ni uz visas sejas vai t\u0101s da\u013c\u0101m, kur grims \u0101tri izsm\u0113r\u0113jas. P\u0113c b\u0101zes uzkl\u0101\u0161anas pagaidiet 30 sekundes, lai t\u0101 labi ies\u016bktos.<\/p>\n","protected":false},"excerpt":{"rendered":"<p>\u201eMineral Perfect\u201c silikona grima b\u0101ze efekt\u012bvi pagarin\u0101 grima notur\u012bbu \u2013 \u0101da k\u013c\u016bst ide\u0101li gluda, samtaini maiga un mat\u0113ta. Viegla, kopjo\u0161a formula, kas satur silikona e\u013c\u013cas, sagatavo \u0101du kr\u0113mveida grima vai p\u016bdera uzkl\u0101\u0161anai, nodro\u0161inot to vienm\u0113r\u012bgu sadali, neuzsverot grumbi\u0146as. T\u0101 aizsarg\u0101 pret \u0101r\u0113jo faktoru kait\u012bgo ietekmi, neapgr\u016btinot \u0101du. Lieto\u0161ana: Ar pirkstiem uzkl\u0101jiet pl\u0101nu kosm\u0113tikas sl\u0101ni uz [&#8230;]\n","protected":false},"featured_media":0,"template":"","meta":[],"product_cat":[1911],"product_tag":[],"class_list":{"0":"post-106488","1":"product","2":"type-product","3":"status-publish","5":"product_brand-revers-cosmetics_pl","6":"product_cat-new-ru","8":"first","9":"instock","10":"taxable","11":"shipping-taxable","12":"product-type-simple"},"_links":{"self":[{"href":"https:\/\/e.kosmolat.eu\/lv\/wp-json\/wp\/v2\/product\/106488","targetHints":{"allow":["GET"]}}],"collection":[{"href":"https:\/\/e.kosmolat.eu\/lv\/wp-json\/wp\/v2\/product"}],"about":[{"href":"https:\/\/e.kosmolat.eu\/lv\/wp-json\/wp\/v2\/types\/product"}],"wp:attachment":[{"href":"https:\/\/e.kosmolat.eu\/lv\/wp-json\/wp\/v2\/media?parent=106488"}],"wp:term":[{"taxonomy":"product_cat","embeddable":true,"href":"https:\/\/e.kosmolat.eu\/lv\/wp-json\/wp\/v2\/product_cat?post=106488"},{"taxonomy":"product_tag","embeddable":true,"href":"https:\/\/e.kosmolat.eu\/lv\/wp-json\/wp\/v2\/product_tag?post=106488"}],"curies":[{"name":"wp","href":"https:\/\/api.w.org\/{rel}","templated":true}]}}