{"id":106484,"date":"2026-04-09T17:25:43","date_gmt":"2026-04-09T17:25:43","guid":{"rendered":"https:\/\/e.kosmolat.eu\/product\/revers-101-camouflage-konsileris-10-ml\/"},"modified":"2026-04-09T17:25:53","modified_gmt":"2026-04-09T17:25:53","slug":"revers-101-camouflage-konsileris-10-ml","status":"publish","type":"product","link":"https:\/\/e.kosmolat.eu\/lv\/product\/revers-101-camouflage-konsileris-10-ml\/","title":{"rendered":"Revers 101 Camouflage kons\u012bleris, 10 ml"},"content":{"rendered":"<p>Revers Camouflage ir daudzfunkcion\u0101ls \u0161\u0137idrais korektors, kas efekt\u012bvi mask\u0113 \u0101das nepiln\u012bbas un tum\u0161os lokus zem ac\u012bm. Kr\u0113mveida tekst\u016bra un augsta p\u0101rkl\u0101juma pak\u0101pe nodro\u0161ina vienm\u0113r\u012bgu \u0101das toni un svaigu, atp\u016btu izstarojo\u0161u izskatu. Korrektors mask\u0113 s\u012bk\u0101s grumbi\u0146as, samazina aps\u0101rtumu un turas daudzas stundas, neizpl\u016bstot. \u0112rts aplikators ar samtainu gali\u0146u nodro\u0161ina prec\u012bzu uzkl\u0101\u0161anu.<\/p>\n","protected":false},"excerpt":{"rendered":"<p>Revers Camouflage ir daudzfunkcion\u0101ls \u0161\u0137idrais korektors, kas efekt\u012bvi mask\u0113 \u0101das nepiln\u012bbas un tum\u0161os lokus zem ac\u012bm. Kr\u0113mveida tekst\u016bra un augsta p\u0101rkl\u0101juma pak\u0101pe nodro\u0161ina vienm\u0113r\u012bgu \u0101das toni un svaigu, atp\u016btu izstarojo\u0161u izskatu. Korrektors mask\u0113 s\u012bk\u0101s grumbi\u0146as, samazina aps\u0101rtumu un turas daudzas stundas, neizpl\u016bstot. \u0112rts aplikators ar samtainu gali\u0146u nodro\u0161ina prec\u012bzu uzkl\u0101\u0161anu.<\/p>\n","protected":false},"featured_media":0,"template":"","meta":[],"product_cat":[1249],"product_tag":[],"class_list":{"0":"post-106484","1":"product","2":"type-product","3":"status-publish","5":"product_brand-revers-cosmetics_pl","6":"product_cat-new","8":"first","9":"instock","10":"taxable","11":"shipping-taxable","12":"product-type-simple"},"_links":{"self":[{"href":"https:\/\/e.kosmolat.eu\/lv\/wp-json\/wp\/v2\/product\/106484","targetHints":{"allow":["GET"]}}],"collection":[{"href":"https:\/\/e.kosmolat.eu\/lv\/wp-json\/wp\/v2\/product"}],"about":[{"href":"https:\/\/e.kosmolat.eu\/lv\/wp-json\/wp\/v2\/types\/product"}],"wp:attachment":[{"href":"https:\/\/e.kosmolat.eu\/lv\/wp-json\/wp\/v2\/media?parent=106484"}],"wp:term":[{"taxonomy":"product_cat","embeddable":true,"href":"https:\/\/e.kosmolat.eu\/lv\/wp-json\/wp\/v2\/product_cat?post=106484"},{"taxonomy":"product_tag","embeddable":true,"href":"https:\/\/e.kosmolat.eu\/lv\/wp-json\/wp\/v2\/product_tag?post=106484"}],"curies":[{"name":"wp","href":"https:\/\/api.w.org\/{rel}","templated":true}]}}