{"id":106480,"date":"2026-04-09T17:25:26","date_gmt":"2026-04-09T17:25:26","guid":{"rendered":"https:\/\/e.kosmolat.eu\/product\/revers-04-lumi-strobing-prof-izgaismotaju-palete-125-g\/"},"modified":"2026-04-09T17:25:38","modified_gmt":"2026-04-09T17:25:38","slug":"revers-04-lumi-strobing-prof-izgaismotaju-palete-125-g","status":"publish","type":"product","link":"https:\/\/e.kosmolat.eu\/lv\/product\/revers-04-lumi-strobing-prof-izgaismotaju-palete-125-g\/","title":{"rendered":"Revers 04 Lumi Strobing Prof.izgaismot\u0101ju palete, 12,5 g"},"content":{"rendered":"<p>Tr\u012bs to\u0146u izgaismot\u0101ju komplekts ar sp\u012bd\u012bgu pigmentu. Pateicoties kr\u0113mveida un p\u016bderveida formulai, visi to\u0146i lieliski sapl\u016bst un pie\u0161\u0137ir ide\u0101lu, \u012bpa\u0161i sp\u012bd\u012bgu mirdzumu. Visi to\u0146i satur izgaismojo\u0161as mikrodal\u012bni\u0146as, kas uz \u0101das rada modernu, mitru efektu. Izgaismot\u0101jus var kombin\u0113t vai uzkl\u0101t atsevi\u0161\u0137i uz sejas un \u0137erme\u0146a, lai pie\u0161\u0137irtu \u0101dai starojo\u0161u mirdzumu.<\/p>\n<p>Lieto\u0161ana:<br \/>\nAr otu uzkl\u0101j nelielu daudzumu jebkura veida izgaismot\u0101ja uz:<br \/>\n1. Uzacu apvidus<br \/>\n2. Smaile\u0146iem<br \/>\n3. Acu kakti\u0146iem<br \/>\n4. \u0100das izliekumiem virs aug\u0161l\u016bpas un izl\u012bdziniet<\/p>\n","protected":false},"excerpt":{"rendered":"<p>Tr\u012bs to\u0146u izgaismot\u0101ju komplekts ar sp\u012bd\u012bgu pigmentu. Pateicoties kr\u0113mveida un p\u016bderveida formulai, visi to\u0146i lieliski sapl\u016bst un pie\u0161\u0137ir ide\u0101lu, \u012bpa\u0161i sp\u012bd\u012bgu mirdzumu. Visi to\u0146i satur izgaismojo\u0161as mikrodal\u012bni\u0146as, kas uz \u0101das rada modernu, mitru efektu. Izgaismot\u0101jus var kombin\u0113t vai uzkl\u0101t atsevi\u0161\u0137i uz sejas un \u0137erme\u0146a, lai pie\u0161\u0137irtu \u0101dai starojo\u0161u mirdzumu. Lieto\u0161ana: Ar otu uzkl\u0101j nelielu daudzumu [&#8230;]\n","protected":false},"featured_media":0,"template":"","meta":[],"product_cat":[1249],"product_tag":[],"class_list":{"0":"post-106480","1":"product","2":"type-product","3":"status-publish","5":"product_brand-revers-cosmetics_pl","6":"product_cat-new","8":"first","9":"instock","10":"taxable","11":"shipping-taxable","12":"product-type-simple"},"_links":{"self":[{"href":"https:\/\/e.kosmolat.eu\/lv\/wp-json\/wp\/v2\/product\/106480","targetHints":{"allow":["GET"]}}],"collection":[{"href":"https:\/\/e.kosmolat.eu\/lv\/wp-json\/wp\/v2\/product"}],"about":[{"href":"https:\/\/e.kosmolat.eu\/lv\/wp-json\/wp\/v2\/types\/product"}],"wp:attachment":[{"href":"https:\/\/e.kosmolat.eu\/lv\/wp-json\/wp\/v2\/media?parent=106480"}],"wp:term":[{"taxonomy":"product_cat","embeddable":true,"href":"https:\/\/e.kosmolat.eu\/lv\/wp-json\/wp\/v2\/product_cat?post=106480"},{"taxonomy":"product_tag","embeddable":true,"href":"https:\/\/e.kosmolat.eu\/lv\/wp-json\/wp\/v2\/product_tag?post=106480"}],"curies":[{"name":"wp","href":"https:\/\/api.w.org\/{rel}","templated":true}]}}