{"id":106464,"date":"2026-04-09T17:24:15","date_gmt":"2026-04-09T17:24:15","guid":{"rendered":"https:\/\/e.kosmolat.eu\/product\/%d0%bf%d1%83asa-sc%d1%81%d0%be%d0%b2a%d1%8f-%d0%ba%d0%be%d0%bc%d0%bfa%d0%ba%d1%82%d0%bda%d1%8f-10g\/"},"modified":"2026-04-09T17:24:27","modified_gmt":"2026-04-09T17:24:27","slug":"%d0%bf%d1%83asa-sc%d1%81%d0%be%d0%b2a%d1%8f-%d0%ba%d0%be%d0%bc%d0%bfa%d0%ba%d1%82%d0%bda%d1%8f-10g","status":"publish","type":"product","link":"https:\/\/e.kosmolat.eu\/lv\/product\/%d0%bf%d1%83asa-sc%d1%81%d0%be%d0%b2a%d1%8f-%d0%ba%d0%be%d0%bc%d0%bfa%d0%ba%d1%82%d0%bda%d1%8f-10g\/","title":{"rendered":"\u041f\u0443\u00e4\u0161\u0105 \u0161\u010d\u0441\u043e\u0432\u0105\u044f \u043a\u043e\u043c\u043f\u0105\u043a\u0442\u043d\u0105\u044f 10g"},"content":{"rendered":"<p>Ar p\u016bderi REVERS RICE DERMA FIXER J\u016bs ieg\u016bsiet ide\u0101lu mat\u0113tu grima fini\u0161u! \u0160is caursp\u012bd\u012bgais pres\u0113tais p\u016bderis ide\u0101li sapl\u016bst ar \u0101du, fiks\u0113 grimu un nodro\u0161ina ilgsto\u0161u mat\u0113tas, gludas \u0101das efektu.<\/p>\n","protected":false},"excerpt":{"rendered":"<p>Ar p\u016bderi REVERS RICE DERMA FIXER J\u016bs ieg\u016bsiet ide\u0101lu mat\u0113tu grima fini\u0161u! \u0160is caursp\u012bd\u012bgais pres\u0113tais p\u016bderis ide\u0101li sapl\u016bst ar \u0101du, fiks\u0113 grimu un nodro\u0161ina ilgsto\u0161u mat\u0113tas, gludas \u0101das efektu.<\/p>\n","protected":false},"featured_media":0,"template":"","meta":[],"product_cat":[1249,1485],"product_tag":[],"class_list":{"0":"post-106464","1":"product","2":"type-product","3":"status-publish","5":"product_brand-revers-cosmetics_pl","6":"product_cat-new","7":"product_cat-puderi","9":"first","10":"instock","11":"taxable","12":"shipping-taxable","13":"product-type-simple"},"_links":{"self":[{"href":"https:\/\/e.kosmolat.eu\/lv\/wp-json\/wp\/v2\/product\/106464","targetHints":{"allow":["GET"]}}],"collection":[{"href":"https:\/\/e.kosmolat.eu\/lv\/wp-json\/wp\/v2\/product"}],"about":[{"href":"https:\/\/e.kosmolat.eu\/lv\/wp-json\/wp\/v2\/types\/product"}],"wp:attachment":[{"href":"https:\/\/e.kosmolat.eu\/lv\/wp-json\/wp\/v2\/media?parent=106464"}],"wp:term":[{"taxonomy":"product_cat","embeddable":true,"href":"https:\/\/e.kosmolat.eu\/lv\/wp-json\/wp\/v2\/product_cat?post=106464"},{"taxonomy":"product_tag","embeddable":true,"href":"https:\/\/e.kosmolat.eu\/lv\/wp-json\/wp\/v2\/product_tag?post=106464"}],"curies":[{"name":"wp","href":"https:\/\/api.w.org\/{rel}","templated":true}]}}