{"id":106456,"date":"2026-04-09T17:23:57","date_gmt":"2026-04-09T17:23:57","guid":{"rendered":"https:\/\/e.kosmolat.eu\/product\/donegal-maksl-nagu-kompl-sky-up-24gab\/"},"modified":"2026-04-09T17:24:09","modified_gmt":"2026-04-09T17:24:09","slug":"donegal-maksl-nagu-kompl-sky-up-24gab","status":"publish","type":"product","link":"https:\/\/e.kosmolat.eu\/lv\/product\/donegal-maksl-nagu-kompl-sky-up-24gab\/","title":{"rendered":"Donegal m\u0101ksl.nagu kompl.Sky Up, 24gab."},"content":{"rendered":"<p>M\u0101ksl\u012bgo nagu komplekts, ko var uzlikt pa\u0161ai. Violeti, tum\u0161i zili un caursp\u012bd\u012bgi mot\u012bvi, kuru dizainu iedvesmojis debess. \u0160\u012b ori\u0123in\u0101l\u0101 kompoz\u012bcija rada stilu, kas ir gan viegls, gan izcili unik\u0101ls. \u0160ie m\u0101ksl\u012bgie nagi ir ide\u0101la izv\u0113le t\u0101m, kuras nov\u0113rt\u0113 \u0101trus un gatavus risin\u0101jumus. Tie ir izgatavoti no iztur\u012bga un elast\u012bga materi\u0101la, kas nodro\u0161ina \u0113rtu uzlik\u0161anu un dro\u0161u lieto\u0161anu. Nagi ir pieejami da\u017e\u0101dos izm\u0113ros un tos var piel\u0101got savai dab\u012bgajai nagu pl\u0101ksnei, tos viegli nof\u012bl\u0113jot. Komplekt\u0101 ir 24 m\u0101ksl\u012bgie nagi.<\/p>\n<p>Lieto\u0161anas instrukcija:<br \/>\n1. Ar speci\u0101lu n\u016bji\u0146u atb\u012bdiet kutikulas uz nagu pl\u0101ksnes.<br \/>\n2. Viegli nopul\u0113jiet dabisko nagu pl\u0101ksni, lai virsma k\u013c\u016btu nedaudz mat\u0113ta. Not\u012briet nagu pl\u0101ksni no putek\u013ciem.<br \/>\n3. Izv\u0113lieties piem\u0113rota izm\u0113ra m\u0101ksl\u012bgos nagus, lai tie atbilstu j\u016bsu dabisko nagu izm\u0113ram.<br \/>\n4. Uzkl\u0101jiet l\u012bmi uz nagu gali\u0146a iek\u0161\u0113j\u0101s puses, uzlieciet to uz nagu un viegli piespiediet apm\u0113ram 10 sekundes. <\/p>\n<p>Komplekt\u0101 nav iek\u013cauta l\u012bme!<\/p>\n","protected":false},"excerpt":{"rendered":"<p>M\u0101ksl\u012bgo nagu komplekts, ko var uzlikt pa\u0161ai. Violeti, tum\u0161i zili un caursp\u012bd\u012bgi mot\u012bvi, kuru dizainu iedvesmojis debess. \u0160\u012b ori\u0123in\u0101l\u0101 kompoz\u012bcija rada stilu, kas ir gan viegls, gan izcili unik\u0101ls. \u0160ie m\u0101ksl\u012bgie nagi ir ide\u0101la izv\u0113le t\u0101m, kuras nov\u0113rt\u0113 \u0101trus un gatavus risin\u0101jumus. Tie ir izgatavoti no iztur\u012bga un elast\u012bga materi\u0101la, kas nodro\u0161ina \u0113rtu uzlik\u0161anu un [&#8230;]\n","protected":false},"featured_media":106460,"template":"","meta":[],"product_cat":[1911,1409],"product_tag":[],"class_list":{"0":"post-106456","1":"product","2":"type-product","3":"status-publish","4":"has-post-thumbnail","6":"product_brand-donegal-sp-zo-o-_pl","7":"product_cat-new-ru","8":"product_cat-1409","10":"first","11":"instock","12":"taxable","13":"shipping-taxable","14":"product-type-simple"},"_links":{"self":[{"href":"https:\/\/e.kosmolat.eu\/lv\/wp-json\/wp\/v2\/product\/106456","targetHints":{"allow":["GET"]}}],"collection":[{"href":"https:\/\/e.kosmolat.eu\/lv\/wp-json\/wp\/v2\/product"}],"about":[{"href":"https:\/\/e.kosmolat.eu\/lv\/wp-json\/wp\/v2\/types\/product"}],"wp:featuredmedia":[{"embeddable":true,"href":"https:\/\/e.kosmolat.eu\/lv\/wp-json\/wp\/v2\/media\/106460"}],"wp:attachment":[{"href":"https:\/\/e.kosmolat.eu\/lv\/wp-json\/wp\/v2\/media?parent=106456"}],"wp:term":[{"taxonomy":"product_cat","embeddable":true,"href":"https:\/\/e.kosmolat.eu\/lv\/wp-json\/wp\/v2\/product_cat?post=106456"},{"taxonomy":"product_tag","embeddable":true,"href":"https:\/\/e.kosmolat.eu\/lv\/wp-json\/wp\/v2\/product_tag?post=106456"}],"curies":[{"name":"wp","href":"https:\/\/api.w.org\/{rel}","templated":true}]}}