{"id":106448,"date":"2026-04-09T17:23:39","date_gmt":"2026-04-09T17:23:39","guid":{"rendered":"https:\/\/e.kosmolat.eu\/product\/atopi-med-dusas-zel-sampuns-2in1-400-ml\/"},"modified":"2026-04-09T17:23:51","modified_gmt":"2026-04-09T17:23:51","slug":"atopi-med-dusas-zel-sampuns-2in1-400-ml","status":"publish","type":"product","link":"https:\/\/e.kosmolat.eu\/lv\/product\/atopi-med-dusas-zel-sampuns-2in1-400-ml\/","title":{"rendered":"Atopi Med Du\u0161as \u017eel.-\u0161amp\u016bns 2in1, 400 ml"},"content":{"rendered":"<p>Piem\u0113rots b\u0113rniem, hipoaler\u0123isks, test\u0113ts uz atopiskas \u0101das. Maigs att\u012bro&scaron;s \u017eelejveida &scaron;amp\u016bns ir paredz\u0113ts \u013coti sausas, atopiskas un aler\u0123isk\u0101m reakcij\u0101m pak\u013cautas \u0101das ikdienas kop&scaron;anai. T\u0101 akt\u012bv\u0101s sast\u0101vda\u013cas saudz\u012bgi att\u012bra matus, galvas \u0101du, \u0137ermeni, seju un rokas. Pateicoties unik\u0101lajai e\u013c\u013cu kombin\u0101cijai, tas atjauno dabisko aizsarg\u0101jo&scaron;o hidrolip\u012bdu barjeru, baro un mitrina \u0101du.<\/p>\n<p><strong>Dermatolo\u0123iski test\u0113ts.<\/strong><br \/>\n<strong>Lieto&scaron;ana:<\/strong> uzkl\u0101jiet 2&ndash;5 ml uz s\u016bk\u013ca vai plaukstas un saputojiet. Sadaliet putas pa mitru \u0137ermeni vai matiem. Iemas\u0113jiet un noskalojiet ar lielu daudzumu silta \u016bdens.<\/p>\n","protected":false},"excerpt":{"rendered":"<p>Piem\u0113rots b\u0113rniem, hipoaler\u0123isks, test\u0113ts uz atopiskas \u0101das. Maigs att\u012bro&scaron;s \u017eelejveida &scaron;amp\u016bns ir paredz\u0113ts \u013coti sausas, atopiskas un aler\u0123isk\u0101m reakcij\u0101m pak\u013cautas \u0101das ikdienas kop&scaron;anai. T\u0101 akt\u012bv\u0101s sast\u0101vda\u013cas saudz\u012bgi att\u012bra matus, galvas \u0101du, \u0137ermeni, seju un rokas. Pateicoties unik\u0101lajai e\u013c\u013cu kombin\u0101cijai, tas atjauno dabisko aizsarg\u0101jo&scaron;o hidrolip\u012bdu barjeru, baro un mitrina \u0101du. Dermatolo\u0123iski test\u0113ts. Lieto&scaron;ana: uzkl\u0101jiet 2&ndash;5 ml [&#8230;]\n","protected":false},"featured_media":106452,"template":"","meta":[],"product_cat":[1283],"product_tag":[],"class_list":{"0":"post-106448","1":"product","2":"type-product","3":"status-publish","4":"has-post-thumbnail","6":"product_brand-elfa_ua","7":"product_cat-1283","9":"first","10":"instock","11":"taxable","12":"shipping-taxable","13":"product-type-simple"},"_links":{"self":[{"href":"https:\/\/e.kosmolat.eu\/lv\/wp-json\/wp\/v2\/product\/106448","targetHints":{"allow":["GET"]}}],"collection":[{"href":"https:\/\/e.kosmolat.eu\/lv\/wp-json\/wp\/v2\/product"}],"about":[{"href":"https:\/\/e.kosmolat.eu\/lv\/wp-json\/wp\/v2\/types\/product"}],"wp:featuredmedia":[{"embeddable":true,"href":"https:\/\/e.kosmolat.eu\/lv\/wp-json\/wp\/v2\/media\/106452"}],"wp:attachment":[{"href":"https:\/\/e.kosmolat.eu\/lv\/wp-json\/wp\/v2\/media?parent=106448"}],"wp:term":[{"taxonomy":"product_cat","embeddable":true,"href":"https:\/\/e.kosmolat.eu\/lv\/wp-json\/wp\/v2\/product_cat?post=106448"},{"taxonomy":"product_tag","embeddable":true,"href":"https:\/\/e.kosmolat.eu\/lv\/wp-json\/wp\/v2\/product_tag?post=106448"}],"curies":[{"name":"wp","href":"https:\/\/api.w.org\/{rel}","templated":true}]}}