{"id":106440,"date":"2026-04-09T17:23:20","date_gmt":"2026-04-09T17:23:20","guid":{"rendered":"https:\/\/e.kosmolat.eu\/product\/atopi-med-mikstinoss-krems-400-ml\/"},"modified":"2026-04-09T17:23:34","modified_gmt":"2026-04-09T17:23:34","slug":"atopi-med-mikstinoss-krems-400-ml","status":"publish","type":"product","link":"https:\/\/e.kosmolat.eu\/lv\/product\/atopi-med-mikstinoss-krems-400-ml\/","title":{"rendered":"Atopi Med M\u012bkstino\u0161s kr\u0113ms, 400 ml"},"content":{"rendered":"<p>Piem\u0113rots b\u0113rniem, hipoaler\u0123isks, test\u0113ts uz atopiskas \u0101das. M\u012bkstino&scaron;s kr\u0113ms ir paredz\u0113ts \u013coti sausas un atopiskas \u0101das ikdienas kop&scaron;anai. Tas ilgsto&scaron;i mitrina, baro un m\u012bkstina \u0101du, samazinot lob\u012b&scaron;anos. Pateicoties r\u016bp\u012bgi atlas\u012bt\u0101m akt\u012bvaj\u0101m sast\u0101vda\u013c\u0101m, kr\u0113ms atjauno \u0101das dabisko aizsargbarjeru un mazina niezi. Piem\u0113rots cilv\u0113kiem ar jut\u012bgu un maigu \u0101du, kas ir pak\u013cauta kairin\u0101jumam un aler\u0123isk\u0101m reakcij\u0101m. Kr\u0113ms ar bag\u0101t\u012bgu un pat\u012bkamu tekst\u016bru nodro&scaron;ina pilnv\u0113rt\u012bgu kop&scaron;anu pat \u013coti sausai \u0101dai.<\/p>\n<p><strong>Dermatolo\u0123iski test\u0113ts.<\/strong><br \/>\n<strong>Lieto&scaron;ana:<\/strong> uzkl\u0101jiet uz t\u012bras \u0101das 1&ndash;2 reizes dien\u0101. Piem\u0113rots sejai un \u0137ermenim.<\/p>\n","protected":false},"excerpt":{"rendered":"<p>Piem\u0113rots b\u0113rniem, hipoaler\u0123isks, test\u0113ts uz atopiskas \u0101das. M\u012bkstino&scaron;s kr\u0113ms ir paredz\u0113ts \u013coti sausas un atopiskas \u0101das ikdienas kop&scaron;anai. Tas ilgsto&scaron;i mitrina, baro un m\u012bkstina \u0101du, samazinot lob\u012b&scaron;anos. Pateicoties r\u016bp\u012bgi atlas\u012bt\u0101m akt\u012bvaj\u0101m sast\u0101vda\u013c\u0101m, kr\u0113ms atjauno \u0101das dabisko aizsargbarjeru un mazina niezi. Piem\u0113rots cilv\u0113kiem ar jut\u012bgu un maigu \u0101du, kas ir pak\u013cauta kairin\u0101jumam un aler\u0123isk\u0101m reakcij\u0101m. Kr\u0113ms [&#8230;]\n","protected":false},"featured_media":106444,"template":"","meta":[],"product_cat":[1391],"product_tag":[],"class_list":{"0":"post-106440","1":"product","2":"type-product","3":"status-publish","4":"has-post-thumbnail","6":"product_brand-elfa_ua","7":"product_cat-1391","9":"first","10":"instock","11":"taxable","12":"shipping-taxable","13":"product-type-simple"},"_links":{"self":[{"href":"https:\/\/e.kosmolat.eu\/lv\/wp-json\/wp\/v2\/product\/106440","targetHints":{"allow":["GET"]}}],"collection":[{"href":"https:\/\/e.kosmolat.eu\/lv\/wp-json\/wp\/v2\/product"}],"about":[{"href":"https:\/\/e.kosmolat.eu\/lv\/wp-json\/wp\/v2\/types\/product"}],"wp:featuredmedia":[{"embeddable":true,"href":"https:\/\/e.kosmolat.eu\/lv\/wp-json\/wp\/v2\/media\/106444"}],"wp:attachment":[{"href":"https:\/\/e.kosmolat.eu\/lv\/wp-json\/wp\/v2\/media?parent=106440"}],"wp:term":[{"taxonomy":"product_cat","embeddable":true,"href":"https:\/\/e.kosmolat.eu\/lv\/wp-json\/wp\/v2\/product_cat?post=106440"},{"taxonomy":"product_tag","embeddable":true,"href":"https:\/\/e.kosmolat.eu\/lv\/wp-json\/wp\/v2\/product_tag?post=106440"}],"curies":[{"name":"wp","href":"https:\/\/api.w.org\/{rel}","templated":true}]}}