{"id":106432,"date":"2026-04-09T17:23:02","date_gmt":"2026-04-09T17:23:02","guid":{"rendered":"https:\/\/e.kosmolat.eu\/product\/pl-matu-balz-kondic-apjoms-un-speks-plan-un-novaj-m-250-ml\/"},"modified":"2026-04-09T17:23:15","modified_gmt":"2026-04-09T17:23:15","slug":"pl-matu-balz-kondic-apjoms-un-speks-plan-un-novaj-m-250-ml","status":"publish","type":"product","link":"https:\/\/e.kosmolat.eu\/lv\/product\/pl-matu-balz-kondic-apjoms-un-speks-plan-un-novaj-m-250-ml\/","title":{"rendered":"PL Matu balz.kondic.Apjoms un sp\u0113ks Pl\u0101n.un nov\u0101j.m, 250 ml"},"content":{"rendered":"<p>Pl\u0101niem un nov\u0101jin\u0101tiem matiem. Jaun\u0101 formula satur pantenolu un augu ekstraktu kompleksu (lins\u0113klu, n\u0101tru, kumel\u012b\u0161u, strute\u0146u, asinsz\u0101les, pela\u0161\u0137u un kvie\u0161u d\u012bg\u013cu ekstraktus). Dab\u012bg\u0101s akt\u012bv\u0101s sast\u0101vda\u013cas pie\u0161\u0137ir matiem apjomu un mirdzumu, padarot tos glud\u0101kus un kopt\u0101kus bez noslogo\u0161anas. <\/p>\n<p>Lieto\u0161ana: uzkl\u0101jiet uz t\u012briem, mitriem matiem, paturiet 1 min\u016bti un noskalojiet ar \u016bdeni. Ja nok\u013c\u016bst ac\u012bs, r\u016bp\u012bgi izskalojiet ar \u016bdeni. Nav \u0101rstniecisks l\u012bdzeklis.<\/p>\n","protected":false},"excerpt":{"rendered":"<p>Pl\u0101niem un nov\u0101jin\u0101tiem matiem. Jaun\u0101 formula satur pantenolu un augu ekstraktu kompleksu (lins\u0113klu, n\u0101tru, kumel\u012b\u0161u, strute\u0146u, asinsz\u0101les, pela\u0161\u0137u un kvie\u0161u d\u012bg\u013cu ekstraktus). Dab\u012bg\u0101s akt\u012bv\u0101s sast\u0101vda\u013cas pie\u0161\u0137ir matiem apjomu un mirdzumu, padarot tos glud\u0101kus un kopt\u0101kus bez noslogo\u0161anas. Lieto\u0161ana: uzkl\u0101jiet uz t\u012briem, mitriem matiem, paturiet 1 min\u016bti un noskalojiet ar \u016bdeni. Ja nok\u013c\u016bst ac\u012bs, r\u016bp\u012bgi izskalojiet [&#8230;]\n","protected":false},"featured_media":106436,"template":"","meta":[],"product_cat":[1638],"product_tag":[],"class_list":{"0":"post-106432","1":"product","2":"type-product","3":"status-publish","4":"has-post-thumbnail","6":"product_brand-private-label","7":"product_cat-balzami","9":"first","10":"instock","11":"taxable","12":"shipping-taxable","13":"product-type-simple"},"_links":{"self":[{"href":"https:\/\/e.kosmolat.eu\/lv\/wp-json\/wp\/v2\/product\/106432","targetHints":{"allow":["GET"]}}],"collection":[{"href":"https:\/\/e.kosmolat.eu\/lv\/wp-json\/wp\/v2\/product"}],"about":[{"href":"https:\/\/e.kosmolat.eu\/lv\/wp-json\/wp\/v2\/types\/product"}],"wp:featuredmedia":[{"embeddable":true,"href":"https:\/\/e.kosmolat.eu\/lv\/wp-json\/wp\/v2\/media\/106436"}],"wp:attachment":[{"href":"https:\/\/e.kosmolat.eu\/lv\/wp-json\/wp\/v2\/media?parent=106432"}],"wp:term":[{"taxonomy":"product_cat","embeddable":true,"href":"https:\/\/e.kosmolat.eu\/lv\/wp-json\/wp\/v2\/product_cat?post=106432"},{"taxonomy":"product_tag","embeddable":true,"href":"https:\/\/e.kosmolat.eu\/lv\/wp-json\/wp\/v2\/product_tag?post=106432"}],"curies":[{"name":"wp","href":"https:\/\/api.w.org\/{rel}","templated":true}]}}