{"id":106424,"date":"2026-04-09T17:22:44","date_gmt":"2026-04-09T17:22:44","guid":{"rendered":"https:\/\/e.kosmolat.eu\/product\/pl-stiprin-balzams-matu-skalos-visiem-matu-tipiem-natre-250-ml\/"},"modified":"2026-04-09T17:22:56","modified_gmt":"2026-04-09T17:22:56","slug":"pl-stiprin-balzams-matu-skalos-visiem-matu-tipiem-natre-250-ml","status":"publish","type":"product","link":"https:\/\/e.kosmolat.eu\/lv\/product\/pl-stiprin-balzams-matu-skalos-visiem-matu-tipiem-natre-250-ml\/","title":{"rendered":"PL Stiprin.balzams matu skalo\u0161.visiem matu tipiem N\u0101tre, 250 ml"},"content":{"rendered":"<p>Jaun\u0101 formula satur pantenolu un augu ekstraktu kompleksu (n\u0101tru, kumel\u012b\u0161u, strute\u0146u, asinsz\u0101les un pela\u0161\u0137u ekstraktus). Dab\u012bg\u0101s akt\u012bv\u0101s sast\u0101vda\u013cas baro un stiprina matus vis\u0101 to garum\u0101, padarot tos m\u012bkstus un mirdzo\u0161us. <\/p>\n<p>Lieto\u0161ana: uzkl\u0101jiet uz t\u012briem, mitriem matiem, paturiet 1 min\u016bti un noskalojiet ar \u016bdeni. Ja nok\u013c\u016bst ac\u012bs, r\u016bp\u012bgi izskalojiet ar \u016bdeni. Nav \u0101rstniecisks l\u012bdzeklis.<\/p>\n","protected":false},"excerpt":{"rendered":"<p>Jaun\u0101 formula satur pantenolu un augu ekstraktu kompleksu (n\u0101tru, kumel\u012b\u0161u, strute\u0146u, asinsz\u0101les un pela\u0161\u0137u ekstraktus). Dab\u012bg\u0101s akt\u012bv\u0101s sast\u0101vda\u013cas baro un stiprina matus vis\u0101 to garum\u0101, padarot tos m\u012bkstus un mirdzo\u0161us. Lieto\u0161ana: uzkl\u0101jiet uz t\u012briem, mitriem matiem, paturiet 1 min\u016bti un noskalojiet ar \u016bdeni. Ja nok\u013c\u016bst ac\u012bs, r\u016bp\u012bgi izskalojiet ar \u016bdeni. Nav \u0101rstniecisks l\u012bdzeklis.<\/p>\n","protected":false},"featured_media":106428,"template":"","meta":[],"product_cat":[1639],"product_tag":[],"class_list":{"0":"post-106424","1":"product","2":"type-product","3":"status-publish","4":"has-post-thumbnail","6":"product_brand-private-label","7":"product_cat-1639","9":"first","10":"instock","11":"taxable","12":"shipping-taxable","13":"product-type-simple"},"_links":{"self":[{"href":"https:\/\/e.kosmolat.eu\/lv\/wp-json\/wp\/v2\/product\/106424","targetHints":{"allow":["GET"]}}],"collection":[{"href":"https:\/\/e.kosmolat.eu\/lv\/wp-json\/wp\/v2\/product"}],"about":[{"href":"https:\/\/e.kosmolat.eu\/lv\/wp-json\/wp\/v2\/types\/product"}],"wp:featuredmedia":[{"embeddable":true,"href":"https:\/\/e.kosmolat.eu\/lv\/wp-json\/wp\/v2\/media\/106428"}],"wp:attachment":[{"href":"https:\/\/e.kosmolat.eu\/lv\/wp-json\/wp\/v2\/media?parent=106424"}],"wp:term":[{"taxonomy":"product_cat","embeddable":true,"href":"https:\/\/e.kosmolat.eu\/lv\/wp-json\/wp\/v2\/product_cat?post=106424"},{"taxonomy":"product_tag","embeddable":true,"href":"https:\/\/e.kosmolat.eu\/lv\/wp-json\/wp\/v2\/product_tag?post=106424"}],"curies":[{"name":"wp","href":"https:\/\/api.w.org\/{rel}","templated":true}]}}