{"id":106416,"date":"2026-04-09T17:22:24","date_gmt":"2026-04-09T17:22:24","guid":{"rendered":"https:\/\/e.kosmolat.eu\/product\/so-unique-parfim-kerm-spreju-komplekts-4-x-50-ml\/"},"modified":"2026-04-09T17:22:39","modified_gmt":"2026-04-09T17:22:39","slug":"so-unique-parfim-kerm-spreju-komplekts-4-x-50-ml","status":"publish","type":"product","link":"https:\/\/e.kosmolat.eu\/lv\/product\/so-unique-parfim-kerm-spreju-komplekts-4-x-50-ml\/","title":{"rendered":"So&#8230;? Unique Parfim. \u0137erm. spreju komplekts, 4 x 50 ml"},"content":{"rendered":"<p>Komplekt\u0101:<br \/>\n1. Vanilla Candy Parfim\u0113ts \u0137erme\u0146a sprejs Cukurs un zef\u012brs<br \/>\n2. Sweet Pea Parfim\u0113ts \u0137erme\u0146a sprejs \u016adens jasm\u012bns un vani\u013ca<br \/>\n3. Cashmere Parfim\u0113ts \u0137erme\u0146a sprejs Roz\u0101 bumbieris un tiar\u0113 zieds<br \/>\n4. Truffle Cream Parfim\u0113ts \u0137erme\u0146a sprejs Balt\u0101 \u0161okol\u0101de un kokosriekstu zieds<\/p>\n<p>Paredz\u0113ti smar\u017eu \u201csl\u0101\u0146o\u0161anai\u201d. UZLIESMOJO\u0160S \u0160\u0136IDRUMS.<\/p>\n<p>Lieto\u0161ana: tikai \u0101r\u012bgai lieto\u0161anai. Izsmidzin\u0101t 15 cm att\u0101lum\u0101 no \u0137erme\u0146a. Izvair\u012bties no saskares ar ac\u012bm. Uzglab\u0101t b\u0113rniem nepieejam\u0101 viet\u0101. Nelietot uz iekaisu\u0161as vai boj\u0101tas \u0101das.<\/p>\n","protected":false},"excerpt":{"rendered":"<p>Komplekt\u0101: 1. Vanilla Candy Parfim\u0113ts \u0137erme\u0146a sprejs Cukurs un zef\u012brs 2. Sweet Pea Parfim\u0113ts \u0137erme\u0146a sprejs \u016adens jasm\u012bns un vani\u013ca 3. Cashmere Parfim\u0113ts \u0137erme\u0146a sprejs Roz\u0101 bumbieris un tiar\u0113 zieds 4. Truffle Cream Parfim\u0113ts \u0137erme\u0146a sprejs Balt\u0101 \u0161okol\u0101de un kokosriekstu zieds Paredz\u0113ti smar\u017eu \u201csl\u0101\u0146o\u0161anai\u201d. UZLIESMOJO\u0160S \u0160\u0136IDRUMS. Lieto\u0161ana: tikai \u0101r\u012bgai lieto\u0161anai. Izsmidzin\u0101t 15 cm att\u0101lum\u0101 no [&#8230;]\n","protected":false},"featured_media":106420,"template":"","meta":[],"product_cat":[1855],"product_tag":[],"class_list":{"0":"post-106416","1":"product","2":"type-product","3":"status-publish","4":"has-post-thumbnail","6":"product_brand-incos_gb","7":"product_cat-dovanu-rinkiniai-moterim","9":"first","10":"instock","11":"taxable","12":"shipping-taxable","13":"product-type-simple"},"_links":{"self":[{"href":"https:\/\/e.kosmolat.eu\/lv\/wp-json\/wp\/v2\/product\/106416","targetHints":{"allow":["GET"]}}],"collection":[{"href":"https:\/\/e.kosmolat.eu\/lv\/wp-json\/wp\/v2\/product"}],"about":[{"href":"https:\/\/e.kosmolat.eu\/lv\/wp-json\/wp\/v2\/types\/product"}],"wp:featuredmedia":[{"embeddable":true,"href":"https:\/\/e.kosmolat.eu\/lv\/wp-json\/wp\/v2\/media\/106420"}],"wp:attachment":[{"href":"https:\/\/e.kosmolat.eu\/lv\/wp-json\/wp\/v2\/media?parent=106416"}],"wp:term":[{"taxonomy":"product_cat","embeddable":true,"href":"https:\/\/e.kosmolat.eu\/lv\/wp-json\/wp\/v2\/product_cat?post=106416"},{"taxonomy":"product_tag","embeddable":true,"href":"https:\/\/e.kosmolat.eu\/lv\/wp-json\/wp\/v2\/product_tag?post=106416"}],"curies":[{"name":"wp","href":"https:\/\/api.w.org\/{rel}","templated":true}]}}