{"id":106384,"date":"2026-04-09T17:21:10","date_gmt":"2026-04-09T17:21:10","guid":{"rendered":"https:\/\/e.kosmolat.eu\/product\/pax-moly-aud-sejas-maska-melnie-ikri-25-ml\/"},"modified":"2026-04-09T17:21:22","modified_gmt":"2026-04-09T17:21:22","slug":"pax-moly-aud-sejas-maska-melnie-ikri-25-ml","status":"publish","type":"product","link":"https:\/\/e.kosmolat.eu\/lv\/product\/pax-moly-aud-sejas-maska-melnie-ikri-25-ml\/","title":{"rendered":"PAX MOLY Aud. sejas maska Melnie ikri, 25 ml"},"content":{"rendered":"<p>Kosm\u0113tiskais l\u012bdzeklis ar divk\u0101r\u0161u, izgaismojo\u0161u un pretnoveco\u0161an\u0101s iedarb\u012bbu. \u012apa\u0161a maska \u0101das elast\u012bbas uzlabo\u0161anai, kas satur ikru ekstraktu, niac\u012bnam\u012bdu un adenoz\u012bnu, pal\u012bdz atjaunot \u0101du, nov\u0113r\u0161ot grumbu veido\u0161anos un nodro\u0161inot pilnv\u0113rt\u012bgu kop\u0161anu. \u0100da izskat\u0101s starojo\u0161a un svaiga, k\u0101 ar\u012b j\u016btas mitrin\u0101ta un barota.<\/p>\n<p>Lieto\u0161ana: not\u012briet un nosusiniet sejas \u0101du. Iz\u0146emiet masku no iepakojuma un uzkl\u0101jiet to uz sejas. Paturiet 10\u201320 min\u016btes, p\u0113c tam uzman\u012bgi no\u0146emiet. Ar maig\u0101m kust\u012bb\u0101m iemas\u0113jiet \u0101d\u0101 atliku\u0161\u0101s produkta paliekas. Maska paredz\u0113ta vienai lieto\u0161anas reizei.<\/p>\n<p>Piesardz\u012bbas pas\u0101kumi: ja rodas izsitumi, piet\u016bkums, nieze vai kairin\u0101jums, p\u0101rtrauciet maskas lieto\u0161anu un konsult\u0113jieties ar dermatologu. Ja produkts iek\u013c\u016bst ac\u012bs, r\u016bp\u012bgi izskalojiet t\u0101s ar \u016bdeni.<\/p>\n<p>Uzglab\u0101\u0161ana: uzglab\u0101t b\u0113rniem nepieejam\u0101 viet\u0101, temperat\u016br\u0101 no +5 \u00b0C l\u012bdz +25 \u00b0C, sarg\u0101jot no tie\u0161iem saules stariem un siltuma avotiem.<\/p>\n","protected":false},"excerpt":{"rendered":"<p>Kosm\u0113tiskais l\u012bdzeklis ar divk\u0101r\u0161u, izgaismojo\u0161u un pretnoveco\u0161an\u0101s iedarb\u012bbu. \u012apa\u0161a maska \u0101das elast\u012bbas uzlabo\u0161anai, kas satur ikru ekstraktu, niac\u012bnam\u012bdu un adenoz\u012bnu, pal\u012bdz atjaunot \u0101du, nov\u0113r\u0161ot grumbu veido\u0161anos un nodro\u0161inot pilnv\u0113rt\u012bgu kop\u0161anu. \u0100da izskat\u0101s starojo\u0161a un svaiga, k\u0101 ar\u012b j\u016btas mitrin\u0101ta un barota. Lieto\u0161ana: not\u012briet un nosusiniet sejas \u0101du. Iz\u0146emiet masku no iepakojuma un uzkl\u0101jiet to uz [&#8230;]\n","protected":false},"featured_media":106388,"template":"","meta":[],"product_cat":[1367],"product_tag":[],"class_list":{"0":"post-106384","1":"product","2":"type-product","3":"status-publish","4":"has-post-thumbnail","6":"product_brand-replay_kr","7":"product_cat-sejas-maskas","9":"first","10":"instock","11":"taxable","12":"shipping-taxable","13":"product-type-simple"},"_links":{"self":[{"href":"https:\/\/e.kosmolat.eu\/lv\/wp-json\/wp\/v2\/product\/106384","targetHints":{"allow":["GET"]}}],"collection":[{"href":"https:\/\/e.kosmolat.eu\/lv\/wp-json\/wp\/v2\/product"}],"about":[{"href":"https:\/\/e.kosmolat.eu\/lv\/wp-json\/wp\/v2\/types\/product"}],"wp:featuredmedia":[{"embeddable":true,"href":"https:\/\/e.kosmolat.eu\/lv\/wp-json\/wp\/v2\/media\/106388"}],"wp:attachment":[{"href":"https:\/\/e.kosmolat.eu\/lv\/wp-json\/wp\/v2\/media?parent=106384"}],"wp:term":[{"taxonomy":"product_cat","embeddable":true,"href":"https:\/\/e.kosmolat.eu\/lv\/wp-json\/wp\/v2\/product_cat?post=106384"},{"taxonomy":"product_tag","embeddable":true,"href":"https:\/\/e.kosmolat.eu\/lv\/wp-json\/wp\/v2\/product_tag?post=106384"}],"curies":[{"name":"wp","href":"https:\/\/api.w.org\/{rel}","templated":true}]}}