{"id":106376,"date":"2026-04-09T17:20:52","date_gmt":"2026-04-09T17:20:52","guid":{"rendered":"https:\/\/e.kosmolat.eu\/product\/pax-moly-aud-sejas-maska-ists-medus-25-ml\/"},"modified":"2026-04-09T17:21:05","modified_gmt":"2026-04-09T17:21:05","slug":"pax-moly-aud-sejas-maska-ists-medus-25-ml","status":"publish","type":"product","link":"https:\/\/e.kosmolat.eu\/lv\/product\/pax-moly-aud-sejas-maska-ists-medus-25-ml\/","title":{"rendered":"PAX MOLY Aud. sejas maska \u012asts medus, 25 ml"},"content":{"rendered":"<p>Kosm\u0113tiskais l\u012bdzeklis ar divk\u0101r\u0161u, izgaismojo\u0161u un pretnoveco\u0161an\u0101s iedarb\u012bbu. Pateicoties medus ekstraktam un 11 augu izcelsmes sast\u0101vda\u013c\u0101m, formula pie\u0161\u0137ir \u0101dai dabisku mirdzumu, k\u0101 ar\u012b mitrina to un uzlabo t\u0101s elast\u012bbu.<\/p>\n<p>Lieto\u0161ana: not\u012briet un nosusiniet sejas \u0101du. Iz\u0146emiet masku no iepakojuma un uzkl\u0101jiet to uz sejas. Paturiet 10\u201320 min\u016btes, p\u0113c tam uzman\u012bgi no\u0146emiet. Ar maig\u0101m kust\u012bb\u0101m iemas\u0113jiet \u0101d\u0101 atliku\u0161\u0101s produkta paliekas. Maska paredz\u0113ta vienai lieto\u0161anas reizei.<\/p>\n<p>Piesardz\u012bbas pas\u0101kumi: ja rodas izsitumi, piet\u016bkums, nieze vai kairin\u0101jums, p\u0101rtrauciet maskas lieto\u0161anu un konsult\u0113jieties ar dermatologu. Ja produkts iek\u013c\u016bst ac\u012bs, r\u016bp\u012bgi izskalojiet t\u0101s ar \u016bdeni.<\/p>\n<p>Uzglab\u0101t b\u0113rniem nepieejam\u0101 viet\u0101, temperat\u016br\u0101 no +5 \u00b0C l\u012bdz +25 \u00b0C, sarg\u0101jot no tie\u0161iem saules stariem un siltuma avotiem.<\/p>\n","protected":false},"excerpt":{"rendered":"<p>Kosm\u0113tiskais l\u012bdzeklis ar divk\u0101r\u0161u, izgaismojo\u0161u un pretnoveco\u0161an\u0101s iedarb\u012bbu. Pateicoties medus ekstraktam un 11 augu izcelsmes sast\u0101vda\u013c\u0101m, formula pie\u0161\u0137ir \u0101dai dabisku mirdzumu, k\u0101 ar\u012b mitrina to un uzlabo t\u0101s elast\u012bbu. Lieto\u0161ana: not\u012briet un nosusiniet sejas \u0101du. Iz\u0146emiet masku no iepakojuma un uzkl\u0101jiet to uz sejas. Paturiet 10\u201320 min\u016btes, p\u0113c tam uzman\u012bgi no\u0146emiet. Ar maig\u0101m kust\u012bb\u0101m iemas\u0113jiet [&#8230;]\n","protected":false},"featured_media":106380,"template":"","meta":[],"product_cat":[1367],"product_tag":[],"class_list":{"0":"post-106376","1":"product","2":"type-product","3":"status-publish","4":"has-post-thumbnail","6":"product_brand-replay_kr","7":"product_cat-sejas-maskas","9":"first","10":"instock","11":"taxable","12":"shipping-taxable","13":"product-type-simple"},"_links":{"self":[{"href":"https:\/\/e.kosmolat.eu\/lv\/wp-json\/wp\/v2\/product\/106376","targetHints":{"allow":["GET"]}}],"collection":[{"href":"https:\/\/e.kosmolat.eu\/lv\/wp-json\/wp\/v2\/product"}],"about":[{"href":"https:\/\/e.kosmolat.eu\/lv\/wp-json\/wp\/v2\/types\/product"}],"wp:featuredmedia":[{"embeddable":true,"href":"https:\/\/e.kosmolat.eu\/lv\/wp-json\/wp\/v2\/media\/106380"}],"wp:attachment":[{"href":"https:\/\/e.kosmolat.eu\/lv\/wp-json\/wp\/v2\/media?parent=106376"}],"wp:term":[{"taxonomy":"product_cat","embeddable":true,"href":"https:\/\/e.kosmolat.eu\/lv\/wp-json\/wp\/v2\/product_cat?post=106376"},{"taxonomy":"product_tag","embeddable":true,"href":"https:\/\/e.kosmolat.eu\/lv\/wp-json\/wp\/v2\/product_tag?post=106376"}],"curies":[{"name":"wp","href":"https:\/\/api.w.org\/{rel}","templated":true}]}}