{"id":106296,"date":"2026-04-09T17:17:40","date_gmt":"2026-04-09T17:17:40","guid":{"rendered":"https:\/\/e.kosmolat.eu\/product\/pax-moly-aud-sejas-maska-ists-avokado-25-ml\/"},"modified":"2026-04-09T17:17:55","modified_gmt":"2026-04-09T17:17:55","slug":"pax-moly-aud-sejas-maska-ists-avokado-25-ml","status":"publish","type":"product","link":"https:\/\/e.kosmolat.eu\/lv\/product\/pax-moly-aud-sejas-maska-ists-avokado-25-ml\/","title":{"rendered":"PAX MOLY Aud. sejas maska \u012asts avokado, 25 ml"},"content":{"rendered":"<p>Kosm\u0113tiskais l\u012bdzeklis ar divk\u0101r\u0161u, izgaismojo\u0161u un pretnoveco\u0161an\u0101s iedarb\u012bbu. Sejas maska mitrina un baro \u0101du. Maskas sast\u0101v\u0101 eso\u0161ais avokado ekstrakts, kas ir bag\u0101ts ar A, D un E vitam\u012bniem un Omega-9 tauksk\u0101b\u0113m, nodro\u0161ina \u0101du ar vis\u0101m nepiecie\u0161amaj\u0101m uzturviel\u0101m un antioksidantiem, padarot to mitrin\u0101tu, m\u012bkstu un elast\u012bgu. <\/p>\n<p>Lieto\u0161ana: not\u012briet un nosusiniet sejas \u0101du. Iz\u0146emiet masku no iepakojuma un uzkl\u0101jiet to uz sejas. Paturiet 10\u201320 min\u016btes, p\u0113c tam uzman\u012bgi no\u0146emiet. Ar maig\u0101m kust\u012bb\u0101m iemas\u0113jiet \u0101d\u0101 atliku\u0161\u0101s produkta paliekas. Maska paredz\u0113ta vienai lieto\u0161anas reizei.<\/p>\n<p>Piesardz\u012bbas pas\u0101kumi: ja rodas izsitumi, piet\u016bkums, nieze vai kairin\u0101jums, p\u0101rtrauciet maskas lieto\u0161anu un konsult\u0113jieties ar dermatologu. Ja produkts iek\u013c\u016bst ac\u012bs, r\u016bp\u012bgi izskalojiet t\u0101s ar \u016bdeni.<\/p>\n<p>Uzglab\u0101\u0161ana: uzglab\u0101t b\u0113rniem nepieejam\u0101 viet\u0101, temperat\u016br\u0101 no +5 \u00b0C l\u012bdz +25 \u00b0C, sarg\u0101jot no tie\u0161iem saules stariem un siltuma avotiem.<\/p>\n","protected":false},"excerpt":{"rendered":"<p>Kosm\u0113tiskais l\u012bdzeklis ar divk\u0101r\u0161u, izgaismojo\u0161u un pretnoveco\u0161an\u0101s iedarb\u012bbu. Sejas maska mitrina un baro \u0101du. Maskas sast\u0101v\u0101 eso\u0161ais avokado ekstrakts, kas ir bag\u0101ts ar A, D un E vitam\u012bniem un Omega-9 tauksk\u0101b\u0113m, nodro\u0161ina \u0101du ar vis\u0101m nepiecie\u0161amaj\u0101m uzturviel\u0101m un antioksidantiem, padarot to mitrin\u0101tu, m\u012bkstu un elast\u012bgu. Lieto\u0161ana: not\u012briet un nosusiniet sejas \u0101du. Iz\u0146emiet masku no iepakojuma [&#8230;]\n","protected":false},"featured_media":106300,"template":"","meta":[],"product_cat":[1367],"product_tag":[],"class_list":{"0":"post-106296","1":"product","2":"type-product","3":"status-publish","4":"has-post-thumbnail","6":"product_brand-replay_kr","7":"product_cat-sejas-maskas","9":"first","10":"instock","11":"taxable","12":"shipping-taxable","13":"product-type-simple"},"_links":{"self":[{"href":"https:\/\/e.kosmolat.eu\/lv\/wp-json\/wp\/v2\/product\/106296","targetHints":{"allow":["GET"]}}],"collection":[{"href":"https:\/\/e.kosmolat.eu\/lv\/wp-json\/wp\/v2\/product"}],"about":[{"href":"https:\/\/e.kosmolat.eu\/lv\/wp-json\/wp\/v2\/types\/product"}],"wp:featuredmedia":[{"embeddable":true,"href":"https:\/\/e.kosmolat.eu\/lv\/wp-json\/wp\/v2\/media\/106300"}],"wp:attachment":[{"href":"https:\/\/e.kosmolat.eu\/lv\/wp-json\/wp\/v2\/media?parent=106296"}],"wp:term":[{"taxonomy":"product_cat","embeddable":true,"href":"https:\/\/e.kosmolat.eu\/lv\/wp-json\/wp\/v2\/product_cat?post=106296"},{"taxonomy":"product_tag","embeddable":true,"href":"https:\/\/e.kosmolat.eu\/lv\/wp-json\/wp\/v2\/product_tag?post=106296"}],"curies":[{"name":"wp","href":"https:\/\/api.w.org\/{rel}","templated":true}]}}