{"id":106272,"date":"2026-04-09T17:16:44","date_gmt":"2026-04-09T17:16:44","guid":{"rendered":"https:\/\/e.kosmolat.eu\/product\/baroness-aud-sejas-maska-ar-zalas-tejas-ekstr-21-g\/"},"modified":"2026-04-09T17:16:57","modified_gmt":"2026-04-09T17:16:57","slug":"baroness-aud-sejas-maska-ar-zalas-tejas-ekstr-21-g","status":"publish","type":"product","link":"https:\/\/e.kosmolat.eu\/lv\/product\/baroness-aud-sejas-maska-ar-zalas-tejas-ekstr-21-g\/","title":{"rendered":"BARONESS Aud. sejas maska ar za\u013c\u0101s t\u0113jas ekstr., 21 g"},"content":{"rendered":"<p>Sejas maska lieliski piegu\u013c \u0101dai un pal\u012bdz atjaunot t\u0101s elast\u012bbu un pie\u0161\u0137irt tai jaunekl\u012bg\u0101ku izskatu, vienlaikus to mitrinot un sniedzot z\u012bdainuma un svaiguma saj\u016btu. Augsti koncentr\u0113ta barojo\u0161\u0101 Baroness sejas maska satur za\u013c\u0101s t\u0113jas ekstraktu, kas mitrina, nomierina un padara \u0101du vesel\u012bgu un elast\u012bgu. Aizsarg\u0101 \u0101du no br\u012bvo radik\u0101\u013cu iedarb\u012bbas, nov\u0113r\u0161ot priek\u0161laic\u012bgu noveco\u0161anos.<\/p>\n<p>Lieto\u0161ana: 1. P\u0113c att\u012br\u012b\u0161anas k\u0101rt\u012bgi nosusiniet sejas \u0101du. 2. Uzkl\u0101jiet masku uz sejas. 3. Atst\u0101jiet iedarboties 15-20 min\u016btes. 4. No\u0146emiet masku un viegli iepli\u0137\u0113jiet \u0101du ar pirkstu galiem. Nav nepiecie\u0161ams noskalot. \u013baujiet esencei turpin\u0101t ies\u016bkties.<\/p>\n<p>Uzman\u012bbu: Tikai \u0101r\u012bgai lieto\u0161anai. Nelietojiet uz boj\u0101tas \u0101das. Izvairieties no saskares ar ac\u012bm. Ja par\u0101d\u0101s kairin\u0101jums un\/vai izsitumi, r\u016bp\u012bgi noskalojiet ar \u016bdeni un nekav\u0113joties p\u0101rtrauciet lieto\u0161anu. Apmekl\u0113jiet \u0101rstu, ja simptomi saglab\u0101jas. Sarg\u0101jiet no b\u0113rniem.<\/p>\n","protected":false},"excerpt":{"rendered":"<p>Sejas maska lieliski piegu\u013c \u0101dai un pal\u012bdz atjaunot t\u0101s elast\u012bbu un pie\u0161\u0137irt tai jaunekl\u012bg\u0101ku izskatu, vienlaikus to mitrinot un sniedzot z\u012bdainuma un svaiguma saj\u016btu. Augsti koncentr\u0113ta barojo\u0161\u0101 Baroness sejas maska satur za\u013c\u0101s t\u0113jas ekstraktu, kas mitrina, nomierina un padara \u0101du vesel\u012bgu un elast\u012bgu. Aizsarg\u0101 \u0101du no br\u012bvo radik\u0101\u013cu iedarb\u012bbas, nov\u0113r\u0161ot priek\u0161laic\u012bgu noveco\u0161anos. Lieto\u0161ana: 1. P\u0113c [&#8230;]\n","protected":false},"featured_media":106276,"template":"","meta":[],"product_cat":[1370],"product_tag":[],"class_list":{"0":"post-106272","1":"product","2":"type-product","3":"status-publish","4":"has-post-thumbnail","6":"product_brand-replay_kr","7":"product_cat-1370","9":"first","10":"instock","11":"taxable","12":"shipping-taxable","13":"product-type-simple"},"_links":{"self":[{"href":"https:\/\/e.kosmolat.eu\/lv\/wp-json\/wp\/v2\/product\/106272","targetHints":{"allow":["GET"]}}],"collection":[{"href":"https:\/\/e.kosmolat.eu\/lv\/wp-json\/wp\/v2\/product"}],"about":[{"href":"https:\/\/e.kosmolat.eu\/lv\/wp-json\/wp\/v2\/types\/product"}],"wp:featuredmedia":[{"embeddable":true,"href":"https:\/\/e.kosmolat.eu\/lv\/wp-json\/wp\/v2\/media\/106276"}],"wp:attachment":[{"href":"https:\/\/e.kosmolat.eu\/lv\/wp-json\/wp\/v2\/media?parent=106272"}],"wp:term":[{"taxonomy":"product_cat","embeddable":true,"href":"https:\/\/e.kosmolat.eu\/lv\/wp-json\/wp\/v2\/product_cat?post=106272"},{"taxonomy":"product_tag","embeddable":true,"href":"https:\/\/e.kosmolat.eu\/lv\/wp-json\/wp\/v2\/product_tag?post=106272"}],"curies":[{"name":"wp","href":"https:\/\/api.w.org\/{rel}","templated":true}]}}