{"id":106264,"date":"2026-04-09T17:16:25","date_gmt":"2026-04-09T17:16:25","guid":{"rendered":"https:\/\/e.kosmolat.eu\/product\/baroness-aud-sejas-maska-ar-granatab-ekstr-21-g\/"},"modified":"2026-04-09T17:16:38","modified_gmt":"2026-04-09T17:16:38","slug":"baroness-aud-sejas-maska-ar-granatab-ekstr-21-g","status":"publish","type":"product","link":"https:\/\/e.kosmolat.eu\/lv\/product\/baroness-aud-sejas-maska-ar-granatab-ekstr-21-g\/","title":{"rendered":"BARONESS Aud. sejas maska ar gran\u0101t\u0101b. ekstr., 21 g"},"content":{"rendered":"<p>Sejas maska lieliski piegu\u013c \u0101dai un pal\u012bdz atjaunot t\u0101s elast\u012bbu un pie\u0161\u0137irt tai jaunekl\u012bg\u0101ku izskatu, vienlaikus to mitrinot un sniedzot z\u012bdainuma un svaiguma saj\u016btu. Augsti koncentr\u0113ta barojo\u0161\u0101 Baroness sejas maska satur gran\u0101t\u0101bola ekstraktu, kas atsvaidzina, padara \u0101du elast\u012bg\u0101ku un pal\u012bdz to atjaunot, mazinot pigment\u0101ciju.<\/p>\n<p>Lieto\u0161ana: 1. P\u0113c att\u012br\u012b\u0161anas k\u0101rt\u012bgi nosusiniet sejas \u0101du. 2. Uzkl\u0101jiet masku uz sejas. 3. Atst\u0101jiet iedarboties 15-20 min\u016btes. 4. No\u0146emiet masku un viegli iepli\u0137\u0113jiet \u0101du ar pirkstu galiem. Nav nepiecie\u0161ams noskalot. \u013baujiet esencei turpin\u0101t ies\u016bkties.<\/p>\n<p>Uzman\u012bbu: Tikai \u0101r\u012bgai lieto\u0161anai. Nelietojiet uz boj\u0101tas \u0101das. Izvairieties no saskares ar ac\u012bm. Ja par\u0101d\u0101s kairin\u0101jums un\/vai izsitumi, r\u016bp\u012bgi noskalojiet ar \u016bdeni un nekav\u0113joties p\u0101rtrauciet lieto\u0161anu. Apmekl\u0113jiet \u0101rstu, ja simptomi saglab\u0101jas. Sarg\u0101jiet no b\u0113rniem.<\/p>\n","protected":false},"excerpt":{"rendered":"<p>Sejas maska lieliski piegu\u013c \u0101dai un pal\u012bdz atjaunot t\u0101s elast\u012bbu un pie\u0161\u0137irt tai jaunekl\u012bg\u0101ku izskatu, vienlaikus to mitrinot un sniedzot z\u012bdainuma un svaiguma saj\u016btu. Augsti koncentr\u0113ta barojo\u0161\u0101 Baroness sejas maska satur gran\u0101t\u0101bola ekstraktu, kas atsvaidzina, padara \u0101du elast\u012bg\u0101ku un pal\u012bdz to atjaunot, mazinot pigment\u0101ciju. Lieto\u0161ana: 1. P\u0113c att\u012br\u012b\u0161anas k\u0101rt\u012bgi nosusiniet sejas \u0101du. 2. Uzkl\u0101jiet masku [&#8230;]\n","protected":false},"featured_media":106268,"template":"","meta":[],"product_cat":[1370],"product_tag":[],"class_list":{"0":"post-106264","1":"product","2":"type-product","3":"status-publish","4":"has-post-thumbnail","6":"product_brand-replay_kr","7":"product_cat-1370","9":"first","10":"instock","11":"taxable","12":"shipping-taxable","13":"product-type-simple"},"_links":{"self":[{"href":"https:\/\/e.kosmolat.eu\/lv\/wp-json\/wp\/v2\/product\/106264","targetHints":{"allow":["GET"]}}],"collection":[{"href":"https:\/\/e.kosmolat.eu\/lv\/wp-json\/wp\/v2\/product"}],"about":[{"href":"https:\/\/e.kosmolat.eu\/lv\/wp-json\/wp\/v2\/types\/product"}],"wp:featuredmedia":[{"embeddable":true,"href":"https:\/\/e.kosmolat.eu\/lv\/wp-json\/wp\/v2\/media\/106268"}],"wp:attachment":[{"href":"https:\/\/e.kosmolat.eu\/lv\/wp-json\/wp\/v2\/media?parent=106264"}],"wp:term":[{"taxonomy":"product_cat","embeddable":true,"href":"https:\/\/e.kosmolat.eu\/lv\/wp-json\/wp\/v2\/product_cat?post=106264"},{"taxonomy":"product_tag","embeddable":true,"href":"https:\/\/e.kosmolat.eu\/lv\/wp-json\/wp\/v2\/product_tag?post=106264"}],"curies":[{"name":"wp","href":"https:\/\/api.w.org\/{rel}","templated":true}]}}