{"id":106224,"date":"2026-04-09T17:14:49","date_gmt":"2026-04-09T17:14:49","guid":{"rendered":"https:\/\/e.kosmolat.eu\/product\/baroness-aud-sejas-maska-ar-gliemezu-muc-21-g\/"},"modified":"2026-04-09T17:15:02","modified_gmt":"2026-04-09T17:15:02","slug":"baroness-aud-sejas-maska-ar-gliemezu-muc-21-g","status":"publish","type":"product","link":"https:\/\/e.kosmolat.eu\/lv\/product\/baroness-aud-sejas-maska-ar-gliemezu-muc-21-g\/","title":{"rendered":"BARONESS Aud. sejas maska ar glieme\u017eu muc., 21 g"},"content":{"rendered":"<p>Sejas maska lieliski piegu\u013c \u0101dai un pal\u012bdz atjaunot t\u0101s elast\u012bbu un uzlabot izskatu, mitrinot \u0101du un pie\u0161\u0137irot tai z\u012bdainumu un svaigumu. Baroness sejas maska satur glieme\u017eu muc\u012bnu, kas samazina grumbu un ar vecumu saist\u012btu izmai\u0146u redzam\u012bbu, k\u0101 ar\u012b uztur \u0101das mitrumu, elast\u012bbu un tvirtumu, pie\u0161\u0137irot tai jaunekl\u012bg\u0101ku izskatu.<\/p>\n<p>Lieto\u0161ana: 1. P\u0113c att\u012br\u012b\u0161anas k\u0101rt\u012bgi nosusiniet sejas \u0101du. 2. Uzkl\u0101jiet masku uz sejas. 3. Atst\u0101jiet iedarboties 15-20 min\u016btes. 4. No\u0146emiet masku un viegli iepli\u0137\u0113jiet \u0101du ar pirkstu galiem. Nav nepiecie\u0161ams noskalot. \u013baujiet esencei turpin\u0101t ies\u016bkties.<\/p>\n<p>Uzman\u012bbu: Tikai \u0101r\u012bgai lieto\u0161anai. Nelietojiet uz boj\u0101tas \u0101das. Izvairieties no saskares ar ac\u012bm. Ja par\u0101d\u0101s kairin\u0101jums un\/vai izsitumi, r\u016bp\u012bgi nomazg\u0101jiet ar \u016bdeni un nekav\u0113joties p\u0101rtrauciet lieto\u0161anu. Apmekl\u0113jiet \u0101rstu, ja simptomi saglab\u0101jas. Sarg\u0101jiet no b\u0113rniem.<\/p>\n","protected":false},"excerpt":{"rendered":"<p>Sejas maska lieliski piegu\u013c \u0101dai un pal\u012bdz atjaunot t\u0101s elast\u012bbu un uzlabot izskatu, mitrinot \u0101du un pie\u0161\u0137irot tai z\u012bdainumu un svaigumu. Baroness sejas maska satur glieme\u017eu muc\u012bnu, kas samazina grumbu un ar vecumu saist\u012btu izmai\u0146u redzam\u012bbu, k\u0101 ar\u012b uztur \u0101das mitrumu, elast\u012bbu un tvirtumu, pie\u0161\u0137irot tai jaunekl\u012bg\u0101ku izskatu. Lieto\u0161ana: 1. P\u0113c att\u012br\u012b\u0161anas k\u0101rt\u012bgi nosusiniet sejas [&#8230;]\n","protected":false},"featured_media":106228,"template":"","meta":[],"product_cat":[1370],"product_tag":[],"class_list":{"0":"post-106224","1":"product","2":"type-product","3":"status-publish","4":"has-post-thumbnail","6":"product_brand-replay_kr","7":"product_cat-1370","9":"first","10":"instock","11":"taxable","12":"shipping-taxable","13":"product-type-simple"},"_links":{"self":[{"href":"https:\/\/e.kosmolat.eu\/lv\/wp-json\/wp\/v2\/product\/106224","targetHints":{"allow":["GET"]}}],"collection":[{"href":"https:\/\/e.kosmolat.eu\/lv\/wp-json\/wp\/v2\/product"}],"about":[{"href":"https:\/\/e.kosmolat.eu\/lv\/wp-json\/wp\/v2\/types\/product"}],"wp:featuredmedia":[{"embeddable":true,"href":"https:\/\/e.kosmolat.eu\/lv\/wp-json\/wp\/v2\/media\/106228"}],"wp:attachment":[{"href":"https:\/\/e.kosmolat.eu\/lv\/wp-json\/wp\/v2\/media?parent=106224"}],"wp:term":[{"taxonomy":"product_cat","embeddable":true,"href":"https:\/\/e.kosmolat.eu\/lv\/wp-json\/wp\/v2\/product_cat?post=106224"},{"taxonomy":"product_tag","embeddable":true,"href":"https:\/\/e.kosmolat.eu\/lv\/wp-json\/wp\/v2\/product_tag?post=106224"}],"curies":[{"name":"wp","href":"https:\/\/api.w.org\/{rel}","templated":true}]}}