{"id":106200,"date":"2026-04-09T17:13:52","date_gmt":"2026-04-09T17:13:52","guid":{"rendered":"https:\/\/e.kosmolat.eu\/product\/baroness-aud-sejas-maska-ar-syn-ake-pept-21-g\/"},"modified":"2026-04-09T17:14:05","modified_gmt":"2026-04-09T17:14:05","slug":"baroness-aud-sejas-maska-ar-syn-ake-pept-21-g","status":"publish","type":"product","link":"https:\/\/e.kosmolat.eu\/lv\/product\/baroness-aud-sejas-maska-ar-syn-ake-pept-21-g\/","title":{"rendered":"BARONESS Aud. sejas maska ar Syn-Ake pept., 21 g"},"content":{"rendered":"<p>Augsti koncentr\u0113ta barojo\u0161\u0101 Baroness sejas maska satur Syn-Ake pept\u012bdu, kas pal\u012bdz mitrin\u0101t un savilkt \u0101du, samazin\u0101t grumbas un \u0101das noveco\u0161an\u0101s paz\u012bmes. Seja izskat\u0101s glud\u0101ka un jaun\u0101ka.<\/p>\n<p>Lieto\u0161ana: 1. P\u0113c att\u012br\u012b\u0161anas k\u0101rt\u012bgi nosusiniet sejas \u0101du. 2. Uzkl\u0101jiet masku uz sejas. 3. Atst\u0101jiet iedarboties 15-20 min\u016btes. 4. No\u0146emiet masku un viegli iepli\u0137\u0113jiet \u0101du ar pirkstu galiem. Nav nepiecie\u0161ams noskalot. \u013baujiet esencei turpin\u0101t ies\u016bkties.<\/p>\n<p>Uzman\u012bbu: Tikai \u0101r\u012bgai lieto\u0161anai. Nelietojiet uz boj\u0101tas \u0101das. Izvairieties no saskares ar ac\u012bm. Ja par\u0101d\u0101s kairin\u0101jums un\/vai izsitumi, r\u016bp\u012bgi noskalojiet ar \u016bdeni un nekav\u0113joties p\u0101rtrauciet lieto\u0161anu. Apmekl\u0113jiet \u0101rstu, ja simptomi saglab\u0101jas. Sarg\u0101jiet no b\u0113rniem.<\/p>\n","protected":false},"excerpt":{"rendered":"<p>Augsti koncentr\u0113ta barojo\u0161\u0101 Baroness sejas maska satur Syn-Ake pept\u012bdu, kas pal\u012bdz mitrin\u0101t un savilkt \u0101du, samazin\u0101t grumbas un \u0101das noveco\u0161an\u0101s paz\u012bmes. Seja izskat\u0101s glud\u0101ka un jaun\u0101ka. Lieto\u0161ana: 1. P\u0113c att\u012br\u012b\u0161anas k\u0101rt\u012bgi nosusiniet sejas \u0101du. 2. Uzkl\u0101jiet masku uz sejas. 3. Atst\u0101jiet iedarboties 15-20 min\u016btes. 4. No\u0146emiet masku un viegli iepli\u0137\u0113jiet \u0101du ar pirkstu galiem. Nav [&#8230;]\n","protected":false},"featured_media":106204,"template":"","meta":[],"product_cat":[1370],"product_tag":[],"class_list":{"0":"post-106200","1":"product","2":"type-product","3":"status-publish","4":"has-post-thumbnail","6":"product_brand-replay_kr","7":"product_cat-1370","9":"first","10":"instock","11":"taxable","12":"shipping-taxable","13":"product-type-simple"},"_links":{"self":[{"href":"https:\/\/e.kosmolat.eu\/lv\/wp-json\/wp\/v2\/product\/106200","targetHints":{"allow":["GET"]}}],"collection":[{"href":"https:\/\/e.kosmolat.eu\/lv\/wp-json\/wp\/v2\/product"}],"about":[{"href":"https:\/\/e.kosmolat.eu\/lv\/wp-json\/wp\/v2\/types\/product"}],"wp:featuredmedia":[{"embeddable":true,"href":"https:\/\/e.kosmolat.eu\/lv\/wp-json\/wp\/v2\/media\/106204"}],"wp:attachment":[{"href":"https:\/\/e.kosmolat.eu\/lv\/wp-json\/wp\/v2\/media?parent=106200"}],"wp:term":[{"taxonomy":"product_cat","embeddable":true,"href":"https:\/\/e.kosmolat.eu\/lv\/wp-json\/wp\/v2\/product_cat?post=106200"},{"taxonomy":"product_tag","embeddable":true,"href":"https:\/\/e.kosmolat.eu\/lv\/wp-json\/wp\/v2\/product_tag?post=106200"}],"curies":[{"name":"wp","href":"https:\/\/api.w.org\/{rel}","templated":true}]}}