{"id":106104,"date":"2026-04-09T17:10:13","date_gmt":"2026-04-09T17:10:13","guid":{"rendered":"https:\/\/e.kosmolat.eu\/product\/maksl-skropstu-pusk-4479-c-izl-10-mm-60-gab\/"},"modified":"2026-04-09T17:10:24","modified_gmt":"2026-04-09T17:10:24","slug":"maksl-skropstu-pusk-4479-c-izl-10-mm-60-gab","status":"publish","type":"product","link":"https:\/\/e.kosmolat.eu\/lv\/product\/maksl-skropstu-pusk-4479-c-izl-10-mm-60-gab\/","title":{"rendered":"M\u0101ksl. skropstu pu\u0161\u0137. 4479, C izl., 10 mm, 60 gab."},"content":{"rendered":"<p>Uzkl\u0101jiet nelielu daudzumu skropstu l\u012bmes uz skropstu pu\u0161\u0137\u012b\u0161u pamatnes un novietojiet tos p\u0113c iesp\u0113jas tuv\u0101k dabisko skropstu sakn\u0113m. Saudz\u012bgi piespiediet, lai nostiprin\u0101tu.<\/p>\n","protected":false},"excerpt":{"rendered":"<p>Uzkl\u0101jiet nelielu daudzumu skropstu l\u012bmes uz skropstu pu\u0161\u0137\u012b\u0161u pamatnes un novietojiet tos p\u0113c iesp\u0113jas tuv\u0101k dabisko skropstu sakn\u0113m. Saudz\u012bgi piespiediet, lai nostiprin\u0101tu.<\/p>\n","protected":false},"featured_media":106108,"template":"","meta":[],"product_cat":[1509],"product_tag":[],"class_list":{"0":"post-106104","1":"product","2":"type-product","3":"status-publish","4":"has-post-thumbnail","6":"product_brand-donegal-sp-zo-o-_pl","7":"product_cat-maksligas-skropstas","9":"first","10":"instock","11":"taxable","12":"shipping-taxable","13":"product-type-simple"},"_links":{"self":[{"href":"https:\/\/e.kosmolat.eu\/lv\/wp-json\/wp\/v2\/product\/106104","targetHints":{"allow":["GET"]}}],"collection":[{"href":"https:\/\/e.kosmolat.eu\/lv\/wp-json\/wp\/v2\/product"}],"about":[{"href":"https:\/\/e.kosmolat.eu\/lv\/wp-json\/wp\/v2\/types\/product"}],"wp:featuredmedia":[{"embeddable":true,"href":"https:\/\/e.kosmolat.eu\/lv\/wp-json\/wp\/v2\/media\/106108"}],"wp:attachment":[{"href":"https:\/\/e.kosmolat.eu\/lv\/wp-json\/wp\/v2\/media?parent=106104"}],"wp:term":[{"taxonomy":"product_cat","embeddable":true,"href":"https:\/\/e.kosmolat.eu\/lv\/wp-json\/wp\/v2\/product_cat?post=106104"},{"taxonomy":"product_tag","embeddable":true,"href":"https:\/\/e.kosmolat.eu\/lv\/wp-json\/wp\/v2\/product_tag?post=106104"}],"curies":[{"name":"wp","href":"https:\/\/api.w.org\/{rel}","templated":true}]}}