{"id":106088,"date":"2026-04-09T17:09:36","date_gmt":"2026-04-09T17:09:36","guid":{"rendered":"https:\/\/e.kosmolat.eu\/product\/ng-matu-veidos-suka-9590\/"},"modified":"2026-04-09T17:09:48","modified_gmt":"2026-04-09T17:09:48","slug":"ng-matu-veidos-suka-9590","status":"publish","type":"product","link":"https:\/\/e.kosmolat.eu\/lv\/product\/ng-matu-veidos-suka-9590\/","title":{"rendered":"NG Matu veido\u0161. suka 9590"},"content":{"rendered":"<p>Birste stil\u012bgai matu veido\u0161anai. Piem\u0113rota visiem matu tipiem.<\/p>\n<p>Kop\u0161ana: t\u012br\u012bt silt\u0101 \u016bden\u012b.<\/p>\n","protected":false},"excerpt":{"rendered":"<p>Birste stil\u012bgai matu veido\u0161anai. Piem\u0113rota visiem matu tipiem. Kop\u0161ana: t\u012br\u012bt silt\u0101 \u016bden\u012b.<\/p>\n","protected":false},"featured_media":106092,"template":"","meta":[],"product_cat":[1667],"product_tag":[],"class_list":{"0":"post-106088","1":"product","2":"type-product","3":"status-publish","4":"has-post-thumbnail","6":"product_brand-donegal-sp-zo-o-_pl","7":"product_cat-aksesuari-matiem","9":"first","10":"instock","11":"taxable","12":"shipping-taxable","13":"product-type-simple"},"_links":{"self":[{"href":"https:\/\/e.kosmolat.eu\/lv\/wp-json\/wp\/v2\/product\/106088","targetHints":{"allow":["GET"]}}],"collection":[{"href":"https:\/\/e.kosmolat.eu\/lv\/wp-json\/wp\/v2\/product"}],"about":[{"href":"https:\/\/e.kosmolat.eu\/lv\/wp-json\/wp\/v2\/types\/product"}],"wp:featuredmedia":[{"embeddable":true,"href":"https:\/\/e.kosmolat.eu\/lv\/wp-json\/wp\/v2\/media\/106092"}],"wp:attachment":[{"href":"https:\/\/e.kosmolat.eu\/lv\/wp-json\/wp\/v2\/media?parent=106088"}],"wp:term":[{"taxonomy":"product_cat","embeddable":true,"href":"https:\/\/e.kosmolat.eu\/lv\/wp-json\/wp\/v2\/product_cat?post=106088"},{"taxonomy":"product_tag","embeddable":true,"href":"https:\/\/e.kosmolat.eu\/lv\/wp-json\/wp\/v2\/product_tag?post=106088"}],"curies":[{"name":"wp","href":"https:\/\/api.w.org\/{rel}","templated":true}]}}