{"id":106080,"date":"2026-04-09T17:09:18","date_gmt":"2026-04-09T17:09:18","guid":{"rendered":"https:\/\/e.kosmolat.eu\/product\/scarlet-matu-suka-1290\/"},"modified":"2026-04-15T06:07:21","modified_gmt":"2026-04-15T06:07:21","slug":"scarlet-matu-suka-1290","status":"publish","type":"product","link":"https:\/\/e.kosmolat.eu\/lv\/product\/scarlet-matu-suka-1290\/","title":{"rendered":"Scarlet Matu suka 1290"},"content":{"rendered":"<p>R\u016bp\u012bgi iz\u0137emm\u0113 pat garus un biezus matus. Ide\u0101li piem\u0113rota ar\u012b kondicioniera vienm\u0113r\u012bgai sadalei pa matiem. Viegli t\u012br\u0101ma.<\/p>\n<p>Faktisk\u0101 preces kr\u0101sa var at\u0161\u0137irties no att\u0113l\u0101 redzam\u0101s.<\/p>\n","protected":false},"excerpt":{"rendered":"<p>R\u016bp\u012bgi iz\u0137emm\u0113 pat garus un biezus matus. Ide\u0101li piem\u0113rota ar\u012b kondicioniera vienm\u0113r\u012bgai sadalei pa matiem. Viegli t\u012br\u0101ma. Faktisk\u0101 preces kr\u0101sa var at\u0161\u0137irties no att\u0113l\u0101 redzam\u0101s.<\/p>\n","protected":false},"featured_media":106084,"template":"","meta":[],"product_cat":[1667],"product_tag":[],"class_list":{"0":"post-106080","1":"product","2":"type-product","3":"status-publish","4":"has-post-thumbnail","6":"product_brand-donegal-sp-zo-o-_pl","7":"product_cat-aksesuari-matiem","9":"first","10":"outofstock","11":"taxable","12":"shipping-taxable","13":"product-type-simple"},"_links":{"self":[{"href":"https:\/\/e.kosmolat.eu\/lv\/wp-json\/wp\/v2\/product\/106080","targetHints":{"allow":["GET"]}}],"collection":[{"href":"https:\/\/e.kosmolat.eu\/lv\/wp-json\/wp\/v2\/product"}],"about":[{"href":"https:\/\/e.kosmolat.eu\/lv\/wp-json\/wp\/v2\/types\/product"}],"wp:featuredmedia":[{"embeddable":true,"href":"https:\/\/e.kosmolat.eu\/lv\/wp-json\/wp\/v2\/media\/106084"}],"wp:attachment":[{"href":"https:\/\/e.kosmolat.eu\/lv\/wp-json\/wp\/v2\/media?parent=106080"}],"wp:term":[{"taxonomy":"product_cat","embeddable":true,"href":"https:\/\/e.kosmolat.eu\/lv\/wp-json\/wp\/v2\/product_cat?post=106080"},{"taxonomy":"product_tag","embeddable":true,"href":"https:\/\/e.kosmolat.eu\/lv\/wp-json\/wp\/v2\/product_tag?post=106080"}],"curies":[{"name":"wp","href":"https:\/\/api.w.org\/{rel}","templated":true}]}}