{"id":106072,"date":"2026-04-09T17:09:00","date_gmt":"2026-04-09T17:09:00","guid":{"rendered":"https:\/\/e.kosmolat.eu\/product\/maksligas-skropstas-4439-uz-caursp-sloks-2-gab\/"},"modified":"2026-04-24T05:50:19","modified_gmt":"2026-04-24T05:50:19","slug":"maksligas-skropstas-4439-uz-caursp-sloks-2-gab","status":"publish","type":"product","link":"https:\/\/e.kosmolat.eu\/lv\/product\/maksligas-skropstas-4439-uz-caursp-sloks-2-gab\/","title":{"rendered":"M\u0101ksl\u012bgas skropstas 4439 uz caursp. sloks. (2 gab.)"},"content":{"rendered":"<p>Apgrieziet m\u0101ksl\u012bg\u0101s skropstas atbilsto\u0161i acu formai un garumam. Uzkl\u0101jiet nelielu daudzumu skropstu l\u012bmes uz pamatnes un novietojiet to p\u0113c iesp\u0113jas tuv\u0101k dabisko skropstu sakn\u0113m. Saudz\u012bgi piespiediet, lai nostiprin\u0101tu.<\/p>\n","protected":false},"excerpt":{"rendered":"<p>Apgrieziet m\u0101ksl\u012bg\u0101s skropstas atbilsto\u0161i acu formai un garumam. Uzkl\u0101jiet nelielu daudzumu skropstu l\u012bmes uz pamatnes un novietojiet to p\u0113c iesp\u0113jas tuv\u0101k dabisko skropstu sakn\u0113m. Saudz\u012bgi piespiediet, lai nostiprin\u0101tu.<\/p>\n","protected":false},"featured_media":106076,"template":"","meta":[],"product_cat":[1509],"product_tag":[],"class_list":{"0":"post-106072","1":"product","2":"type-product","3":"status-publish","4":"has-post-thumbnail","6":"product_brand-donegal-sp-zo-o-_pl","7":"product_cat-maksligas-skropstas","9":"first","10":"instock","11":"taxable","12":"shipping-taxable","13":"product-type-simple"},"_links":{"self":[{"href":"https:\/\/e.kosmolat.eu\/lv\/wp-json\/wp\/v2\/product\/106072","targetHints":{"allow":["GET"]}}],"collection":[{"href":"https:\/\/e.kosmolat.eu\/lv\/wp-json\/wp\/v2\/product"}],"about":[{"href":"https:\/\/e.kosmolat.eu\/lv\/wp-json\/wp\/v2\/types\/product"}],"wp:featuredmedia":[{"embeddable":true,"href":"https:\/\/e.kosmolat.eu\/lv\/wp-json\/wp\/v2\/media\/106076"}],"wp:attachment":[{"href":"https:\/\/e.kosmolat.eu\/lv\/wp-json\/wp\/v2\/media?parent=106072"}],"wp:term":[{"taxonomy":"product_cat","embeddable":true,"href":"https:\/\/e.kosmolat.eu\/lv\/wp-json\/wp\/v2\/product_cat?post=106072"},{"taxonomy":"product_tag","embeddable":true,"href":"https:\/\/e.kosmolat.eu\/lv\/wp-json\/wp\/v2\/product_tag?post=106072"}],"curies":[{"name":"wp","href":"https:\/\/api.w.org\/{rel}","templated":true}]}}