{"id":106064,"date":"2026-04-09T17:08:44","date_gmt":"2026-04-09T17:08:44","guid":{"rendered":"https:\/\/e.kosmolat.eu\/product\/maksligas-skropstas-2-gab-4473\/"},"modified":"2026-04-09T17:08:55","modified_gmt":"2026-04-09T17:08:55","slug":"maksligas-skropstas-2-gab-4473","status":"publish","type":"product","link":"https:\/\/e.kosmolat.eu\/lv\/product\/maksligas-skropstas-2-gab-4473\/","title":{"rendered":"M\u0101ksl\u012bgas skropstas  (2 gab.) 4473"},"content":{"rendered":"<p>Apgrieziet m\u0101ksl\u012bg\u0101s skropstas atbilsto\u0161i acu formai un garumam. Uzkl\u0101jiet nelielu daudzumu skropstu l\u012bmes uz pamatnes un novietojiet to p\u0113c iesp\u0113jas tuv\u0101k dabisko skropstu sakn\u0113m. Saudz\u012bgi piespiediet, lai nostiprin\u0101tu.<\/p>\n","protected":false},"excerpt":{"rendered":"<p>Apgrieziet m\u0101ksl\u012bg\u0101s skropstas atbilsto\u0161i acu formai un garumam. Uzkl\u0101jiet nelielu daudzumu skropstu l\u012bmes uz pamatnes un novietojiet to p\u0113c iesp\u0113jas tuv\u0101k dabisko skropstu sakn\u0113m. Saudz\u012bgi piespiediet, lai nostiprin\u0101tu.<\/p>\n","protected":false},"featured_media":106068,"template":"","meta":[],"product_cat":[1509],"product_tag":[],"class_list":{"0":"post-106064","1":"product","2":"type-product","3":"status-publish","4":"has-post-thumbnail","6":"product_brand-donegal-sp-zo-o-_pl","7":"product_cat-maksligas-skropstas","9":"first","10":"instock","11":"taxable","12":"shipping-taxable","13":"product-type-simple"},"_links":{"self":[{"href":"https:\/\/e.kosmolat.eu\/lv\/wp-json\/wp\/v2\/product\/106064","targetHints":{"allow":["GET"]}}],"collection":[{"href":"https:\/\/e.kosmolat.eu\/lv\/wp-json\/wp\/v2\/product"}],"about":[{"href":"https:\/\/e.kosmolat.eu\/lv\/wp-json\/wp\/v2\/types\/product"}],"wp:featuredmedia":[{"embeddable":true,"href":"https:\/\/e.kosmolat.eu\/lv\/wp-json\/wp\/v2\/media\/106068"}],"wp:attachment":[{"href":"https:\/\/e.kosmolat.eu\/lv\/wp-json\/wp\/v2\/media?parent=106064"}],"wp:term":[{"taxonomy":"product_cat","embeddable":true,"href":"https:\/\/e.kosmolat.eu\/lv\/wp-json\/wp\/v2\/product_cat?post=106064"},{"taxonomy":"product_tag","embeddable":true,"href":"https:\/\/e.kosmolat.eu\/lv\/wp-json\/wp\/v2\/product_tag?post=106064"}],"curies":[{"name":"wp","href":"https:\/\/api.w.org\/{rel}","templated":true}]}}