{"id":106032,"date":"2026-04-09T17:07:32","date_gmt":"2026-04-09T17:07:32","guid":{"rendered":"https:\/\/e.kosmolat.eu\/product\/metala-matu-spradzes-krabisi-2-gab-fa-5702\/"},"modified":"2026-04-15T06:07:08","modified_gmt":"2026-04-15T06:07:08","slug":"metala-matu-spradzes-krabisi-2-gab-fa-5702","status":"publish","type":"product","link":"https:\/\/e.kosmolat.eu\/lv\/product\/metala-matu-spradzes-krabisi-2-gab-fa-5702\/","title":{"rendered":"Met\u0101la matu spr\u0101dzes-krab\u012b\u0161i, 2 gab. FA-5702"},"content":{"rendered":"","protected":false},"excerpt":{"rendered":"","protected":false},"featured_media":106036,"template":"","meta":[],"product_cat":[1667],"product_tag":[],"class_list":{"0":"post-106032","1":"product","2":"type-product","3":"status-publish","4":"has-post-thumbnail","6":"product_brand-donegal-sp-zo-o-_pl","7":"product_cat-aksesuari-matiem","9":"first","10":"instock","11":"taxable","12":"shipping-taxable","13":"product-type-simple"},"_links":{"self":[{"href":"https:\/\/e.kosmolat.eu\/lv\/wp-json\/wp\/v2\/product\/106032","targetHints":{"allow":["GET"]}}],"collection":[{"href":"https:\/\/e.kosmolat.eu\/lv\/wp-json\/wp\/v2\/product"}],"about":[{"href":"https:\/\/e.kosmolat.eu\/lv\/wp-json\/wp\/v2\/types\/product"}],"wp:featuredmedia":[{"embeddable":true,"href":"https:\/\/e.kosmolat.eu\/lv\/wp-json\/wp\/v2\/media\/106036"}],"wp:attachment":[{"href":"https:\/\/e.kosmolat.eu\/lv\/wp-json\/wp\/v2\/media?parent=106032"}],"wp:term":[{"taxonomy":"product_cat","embeddable":true,"href":"https:\/\/e.kosmolat.eu\/lv\/wp-json\/wp\/v2\/product_cat?post=106032"},{"taxonomy":"product_tag","embeddable":true,"href":"https:\/\/e.kosmolat.eu\/lv\/wp-json\/wp\/v2\/product_tag?post=106032"}],"curies":[{"name":"wp","href":"https:\/\/api.w.org\/{rel}","templated":true}]}}