{"id":106008,"date":"2026-04-09T17:06:39","date_gmt":"2026-04-09T17:06:39","guid":{"rendered":"https:\/\/e.kosmolat.eu\/product\/r-o-c-s-zobu-pasta-aktivais-magnijs-94-g\/"},"modified":"2026-04-10T13:25:38","modified_gmt":"2026-04-10T13:25:38","slug":"r-o-c-s-zobu-pasta-aktivais-magnijs-94-g","status":"publish","type":"product","link":"https:\/\/e.kosmolat.eu\/lv\/product\/r-o-c-s-zobu-pasta-aktivais-magnijs-94-g\/","title":{"rendered":"R.O.C.S. Zobu pasta Akt\u012bvais magnijs, 94 g"},"content":{"rendered":"<p>Biopieejamo miner\u0101lvielu avots: magnijs, kalcijs, fosfors un sil\u012bcijs. Sast\u0101v\u0101 ietilpst magnijs augst\u0101 koncentr\u0101cij\u0101, kas ir noz\u012bm\u012bgs \u0137\u012bmiskais elements, un tas ir nepiecie\u0161ams vair\u0101k nek\u0101 300 fermentu darb\u012bbas nodro\u0161in\u0101\u0161anai. \u0160ie fermenti papildus cit\u0101m funkcij\u0101m nodro\u0161ina ar\u012b zobu un kaulu mineraliz\u0101ciju. Magnijs ietekm\u0113 \u0137erme\u0146a vesel\u012bbas st\u0101vokli, normaliz\u0113jot ener\u0123ijas metabolismu. Tas ar\u012b samazina gingiv\u012bta ra\u0161an\u0101s risku (smaganu iekaisums). Magnijs kombin\u0101cij\u0101 ar cit\u0101m miner\u0101lviel\u0101m, tostarp kalciju un fosforu, uzlabo zobu emaljas remineraliz\u0101cijas procesu. Magnijs un ksil\u012bts (3%) nov\u0113r\u0161 kariog\u0113no bakt\u0113riju veido\u0161anos. Zobu pastai piem\u012bt maigi atsvaidzino\u0161a gar\u0161a. <\/p>\n<p>P\u0113c lieto\u0161anas nav ieteicama t\u016bl\u012bt\u0113ja mutes skalo\u0161ana. <\/p>\n<p>Der\u012bguma termi\u0146\u0161: 3 gadi. <\/p>\n<p>Kliniski pier\u0101d\u012bts.<\/p>\n","protected":false},"excerpt":{"rendered":"<p>Biopieejamo miner\u0101lvielu avots: magnijs, kalcijs, fosfors un sil\u012bcijs. Sast\u0101v\u0101 ietilpst magnijs augst\u0101 koncentr\u0101cij\u0101, kas ir noz\u012bm\u012bgs \u0137\u012bmiskais elements, un tas ir nepiecie\u0161ams vair\u0101k nek\u0101 300 fermentu darb\u012bbas nodro\u0161in\u0101\u0161anai. \u0160ie fermenti papildus cit\u0101m funkcij\u0101m nodro\u0161ina ar\u012b zobu un kaulu mineraliz\u0101ciju. Magnijs ietekm\u0113 \u0137erme\u0146a vesel\u012bbas st\u0101vokli, normaliz\u0113jot ener\u0123ijas metabolismu. Tas ar\u012b samazina gingiv\u012bta ra\u0161an\u0101s risku (smaganu iekaisums). [&#8230;]\n","protected":false},"featured_media":106012,"template":"","meta":[],"product_cat":[1309],"product_tag":[],"class_list":{"0":"post-106008","1":"product","2":"type-product","3":"status-publish","4":"has-post-thumbnail","6":"product_brand-rocs","7":"product_cat-1309","9":"first","10":"outofstock","11":"taxable","12":"shipping-taxable","13":"product-type-simple"},"_links":{"self":[{"href":"https:\/\/e.kosmolat.eu\/lv\/wp-json\/wp\/v2\/product\/106008","targetHints":{"allow":["GET"]}}],"collection":[{"href":"https:\/\/e.kosmolat.eu\/lv\/wp-json\/wp\/v2\/product"}],"about":[{"href":"https:\/\/e.kosmolat.eu\/lv\/wp-json\/wp\/v2\/types\/product"}],"wp:featuredmedia":[{"embeddable":true,"href":"https:\/\/e.kosmolat.eu\/lv\/wp-json\/wp\/v2\/media\/106012"}],"wp:attachment":[{"href":"https:\/\/e.kosmolat.eu\/lv\/wp-json\/wp\/v2\/media?parent=106008"}],"wp:term":[{"taxonomy":"product_cat","embeddable":true,"href":"https:\/\/e.kosmolat.eu\/lv\/wp-json\/wp\/v2\/product_cat?post=106008"},{"taxonomy":"product_tag","embeddable":true,"href":"https:\/\/e.kosmolat.eu\/lv\/wp-json\/wp\/v2\/product_tag?post=106008"}],"curies":[{"name":"wp","href":"https:\/\/api.w.org\/{rel}","templated":true}]}}