{"id":106000,"date":"2026-04-09T17:06:22","date_gmt":"2026-04-09T17:06:22","guid":{"rendered":"https:\/\/e.kosmolat.eu\/product\/r-o-c-s-zobu-pasta-aktivais-kalcijs-94-g\/"},"modified":"2026-04-10T13:25:22","modified_gmt":"2026-04-10T13:25:22","slug":"r-o-c-s-zobu-pasta-aktivais-kalcijs-94-g","status":"publish","type":"product","link":"https:\/\/e.kosmolat.eu\/lv\/product\/r-o-c-s-zobu-pasta-aktivais-kalcijs-94-g\/","title":{"rendered":"R.O.C.S. Zobu pasta Akt\u012bvais kalcijs, 94 g"},"content":{"rendered":"<p>Zobu stiprin\u0101\u0161anai nodro\u0161ina biolo\u0123iski pieejamo kalciju, fosforu, sil\u012bciju un magniju optim\u0101l\u0101s proporcij\u0101s. Ksil\u012bts (3%) ir iek\u013cauts aplikuma kontrolei, mikrofloras normaliz\u0113\u0161anai un remineraliz\u0101cijas veicin\u0101\u0161anai. Zemas abrazivit\u0101tes pak\u0101pes formula paredz\u0113ta cilv\u0113kiem ar jut\u012bgiem zobiem un emaljas defektiem. <\/p>\n<p>Der\u012bguma termi\u0146\u0161: 3 gadi.<\/p>\n","protected":false},"excerpt":{"rendered":"<p>Zobu stiprin\u0101\u0161anai nodro\u0161ina biolo\u0123iski pieejamo kalciju, fosforu, sil\u012bciju un magniju optim\u0101l\u0101s proporcij\u0101s. Ksil\u012bts (3%) ir iek\u013cauts aplikuma kontrolei, mikrofloras normaliz\u0113\u0161anai un remineraliz\u0101cijas veicin\u0101\u0161anai. Zemas abrazivit\u0101tes pak\u0101pes formula paredz\u0113ta cilv\u0113kiem ar jut\u012bgiem zobiem un emaljas defektiem. Der\u012bguma termi\u0146\u0161: 3 gadi.<\/p>\n","protected":false},"featured_media":106004,"template":"","meta":[],"product_cat":[1306],"product_tag":[],"class_list":{"0":"post-106000","1":"product","2":"type-product","3":"status-publish","4":"has-post-thumbnail","6":"product_brand-rocs","7":"product_cat-zobu-pastas-un-zelejas","9":"first","10":"instock","11":"taxable","12":"shipping-taxable","13":"product-type-simple"},"_links":{"self":[{"href":"https:\/\/e.kosmolat.eu\/lv\/wp-json\/wp\/v2\/product\/106000","targetHints":{"allow":["GET"]}}],"collection":[{"href":"https:\/\/e.kosmolat.eu\/lv\/wp-json\/wp\/v2\/product"}],"about":[{"href":"https:\/\/e.kosmolat.eu\/lv\/wp-json\/wp\/v2\/types\/product"}],"wp:featuredmedia":[{"embeddable":true,"href":"https:\/\/e.kosmolat.eu\/lv\/wp-json\/wp\/v2\/media\/106004"}],"wp:attachment":[{"href":"https:\/\/e.kosmolat.eu\/lv\/wp-json\/wp\/v2\/media?parent=106000"}],"wp:term":[{"taxonomy":"product_cat","embeddable":true,"href":"https:\/\/e.kosmolat.eu\/lv\/wp-json\/wp\/v2\/product_cat?post=106000"},{"taxonomy":"product_tag","embeddable":true,"href":"https:\/\/e.kosmolat.eu\/lv\/wp-json\/wp\/v2\/product_tag?post=106000"}],"curies":[{"name":"wp","href":"https:\/\/api.w.org\/{rel}","templated":true}]}}