{"id":105984,"date":"2026-04-09T17:05:48","date_gmt":"2026-04-09T17:05:48","guid":{"rendered":"https:\/\/e.kosmolat.eu\/product\/eci-power-unit-matte-matets-matu-veidos-vasks-150-ml\/"},"modified":"2026-04-09T17:06:00","modified_gmt":"2026-04-09T17:06:00","slug":"eci-power-unit-matte-matets-matu-veidos-vasks-150-ml","status":"publish","type":"product","link":"https:\/\/e.kosmolat.eu\/lv\/product\/eci-power-unit-matte-matets-matu-veidos-vasks-150-ml\/","title":{"rendered":"ECI Power Unit Matte Mat\u0113ts matu veido\u0161. vasks, 150 ml"},"content":{"rendered":"<p>Matu vasks ir ide\u0101li piem\u0113rots person\u012bg\u0101 stila veido\u0161anai. Nodro\u0161ina elast\u012bgu fiks\u0101ciju un pie\u0161\u0137ir matiem dabisku sp\u012bdumu. <\/p>\n<p>Lieto\u0161ana: uzkl\u0101jiet uz sausiem matiem. Lai izveidotu v\u0113lamo friz\u016bru, pa\u0146emiet nelielu daudzumu vaska plaukst\u0101s un vienm\u0113r\u012bgi sadaliet to matos.<\/p>\n<p>Uzman\u012bbu!<br \/>\nTikai \u0101r\u012bgai lieto\u0161anai. Izvairieties no saskares ar ac\u012bm. Ja nok\u013c\u016bst ac\u012bs, r\u016bp\u012bgi izskalojiet t\u0101s ar lielu daudzumu \u016bdens. Uzglab\u0101jiet b\u0113rniem nepieejam\u0101 viet\u0101, istabas temperat\u016br\u0101.<\/p>\n","protected":false},"excerpt":{"rendered":"<p>Matu vasks ir ide\u0101li piem\u0113rots person\u012bg\u0101 stila veido\u0161anai. Nodro\u0161ina elast\u012bgu fiks\u0101ciju un pie\u0161\u0137ir matiem dabisku sp\u012bdumu. Lieto\u0161ana: uzkl\u0101jiet uz sausiem matiem. Lai izveidotu v\u0113lamo friz\u016bru, pa\u0146emiet nelielu daudzumu vaska plaukst\u0101s un vienm\u0113r\u012bgi sadaliet to matos. Uzman\u012bbu! Tikai \u0101r\u012bgai lieto\u0161anai. Izvairieties no saskares ar ac\u012bm. Ja nok\u013c\u016bst ac\u012bs, r\u016bp\u012bgi izskalojiet t\u0101s ar lielu daudzumu \u016bdens. Uzglab\u0101jiet [&#8230;]\n","protected":false},"featured_media":105988,"template":"","meta":[],"product_cat":[1651],"product_tag":[],"class_list":{"0":"post-105984","1":"product","2":"type-product","3":"status-publish","4":"has-post-thumbnail","6":"product_brand-sora_tr","7":"product_cat-zelejas-kremi-ellas-u-c","9":"first","10":"instock","11":"taxable","12":"shipping-taxable","13":"product-type-simple"},"_links":{"self":[{"href":"https:\/\/e.kosmolat.eu\/lv\/wp-json\/wp\/v2\/product\/105984","targetHints":{"allow":["GET"]}}],"collection":[{"href":"https:\/\/e.kosmolat.eu\/lv\/wp-json\/wp\/v2\/product"}],"about":[{"href":"https:\/\/e.kosmolat.eu\/lv\/wp-json\/wp\/v2\/types\/product"}],"wp:featuredmedia":[{"embeddable":true,"href":"https:\/\/e.kosmolat.eu\/lv\/wp-json\/wp\/v2\/media\/105988"}],"wp:attachment":[{"href":"https:\/\/e.kosmolat.eu\/lv\/wp-json\/wp\/v2\/media?parent=105984"}],"wp:term":[{"taxonomy":"product_cat","embeddable":true,"href":"https:\/\/e.kosmolat.eu\/lv\/wp-json\/wp\/v2\/product_cat?post=105984"},{"taxonomy":"product_tag","embeddable":true,"href":"https:\/\/e.kosmolat.eu\/lv\/wp-json\/wp\/v2\/product_tag?post=105984"}],"curies":[{"name":"wp","href":"https:\/\/api.w.org\/{rel}","templated":true}]}}