{"id":105976,"date":"2026-04-09T17:05:24","date_gmt":"2026-04-09T17:05:24","guid":{"rendered":"https:\/\/e.kosmolat.eu\/product\/dp-stiklu-tirisanas-lidzeklis-750-ml\/"},"modified":"2026-04-10T08:35:03","modified_gmt":"2026-04-10T08:35:03","slug":"dp-stiklu-tirisanas-lidzeklis-750-ml","status":"publish","type":"product","link":"https:\/\/e.kosmolat.eu\/lv\/product\/dp-stiklu-tirisanas-lidzeklis-750-ml\/","title":{"rendered":"DP Stiklu t\u012br\u012b\u0161anas l\u012bdzeklis, 750 ml"},"content":{"rendered":"<p>Univers\u0101ls t\u012br\u012b\u0161anas l\u012bdzeklis putek\u013cu no\u0146em\u0161anai, k\u0101 ar\u012b logu, spogu\u013cu, plastmasas un lamin\u0101ta virsmu t\u012br\u012b\u0161anai. Padara virsmas sp\u012bd\u012bgas un pie\u0161\u0137ir pat\u012bkamu arom\u0101tu, neatst\u0101jot \u0161v\u012bkas.<\/p>\n<p>Lieto\u0161ana:<br \/>\n1. Izsmidziniet l\u012bdzekli apm\u0113ram 20 cm att\u0101lum\u0101 no t\u012br\u0101m\u0101s virsmas<br \/>\n2. Vienm\u0113r\u012bgi noslaukiet ar sausu dr\u0101nu l\u012bdz piln\u012bgai iz\u017e\u016b\u0161anai.<\/p>\n<p>Sast\u0101v\u0101: maz\u0101k par 5 % anjonu virsmakt\u012bvo vielu. Smar\u017eas un arom\u0101tisk\u0101s kompoz\u012bcijas. Konservants: Benzisothiazolinone.<\/p>\n<p>EUH208 Satur: 1,2-benzizotiazol-3(2H)-ons un reakcijas masa: 5-hlor-2-metil- 2H-izotiazol-3-ons; 2-metil-2H- izotiazol-3-ons (3:1). Var izrais\u012bt aler\u0123isku reakciju.<br \/>\nDro\u0161\u012bbas pras\u012bbu apz\u012bm\u0113jumi:<br \/>\nP101 Medic\u012bniska padoma nepiecie\u0161am\u012bbas gad\u012bjum\u0101 attiec\u012bg\u0101 inform\u0101cija ir nor\u0101d\u012bta uz iepakojuma vai eti\u0137etes.<br \/>\nP102 Sarg\u0101t no b\u0113rniem.<br \/>\nP103 Pirms izmanto\u0161anas izlas\u012bt eti\u0137eti.<\/p>\n","protected":false},"excerpt":{"rendered":"<p>Univers\u0101ls t\u012br\u012b\u0161anas l\u012bdzeklis putek\u013cu no\u0146em\u0161anai, k\u0101 ar\u012b logu, spogu\u013cu, plastmasas un lamin\u0101ta virsmu t\u012br\u012b\u0161anai. Padara virsmas sp\u012bd\u012bgas un pie\u0161\u0137ir pat\u012bkamu arom\u0101tu, neatst\u0101jot \u0161v\u012bkas. Lieto\u0161ana: 1. Izsmidziniet l\u012bdzekli apm\u0113ram 20 cm att\u0101lum\u0101 no t\u012br\u0101m\u0101s virsmas 2. Vienm\u0113r\u012bgi noslaukiet ar sausu dr\u0101nu l\u012bdz piln\u012bgai iz\u017e\u016b\u0161anai. Sast\u0101v\u0101: maz\u0101k par 5 % anjonu virsmakt\u012bvo vielu. Smar\u017eas un arom\u0101tisk\u0101s kompoz\u012bcijas. [&#8230;]\n","protected":false},"featured_media":105980,"template":"","meta":[],"product_cat":[1720],"product_tag":[],"class_list":{"0":"post-105976","1":"product","2":"type-product","3":"status-publish","4":"has-post-thumbnail","6":"product_brand-italchimica-it","7":"product_cat-logiem-un-stikliem","9":"first","10":"instock","11":"taxable","12":"shipping-taxable","13":"product-type-simple"},"_links":{"self":[{"href":"https:\/\/e.kosmolat.eu\/lv\/wp-json\/wp\/v2\/product\/105976","targetHints":{"allow":["GET"]}}],"collection":[{"href":"https:\/\/e.kosmolat.eu\/lv\/wp-json\/wp\/v2\/product"}],"about":[{"href":"https:\/\/e.kosmolat.eu\/lv\/wp-json\/wp\/v2\/types\/product"}],"wp:featuredmedia":[{"embeddable":true,"href":"https:\/\/e.kosmolat.eu\/lv\/wp-json\/wp\/v2\/media\/105980"}],"wp:attachment":[{"href":"https:\/\/e.kosmolat.eu\/lv\/wp-json\/wp\/v2\/media?parent=105976"}],"wp:term":[{"taxonomy":"product_cat","embeddable":true,"href":"https:\/\/e.kosmolat.eu\/lv\/wp-json\/wp\/v2\/product_cat?post=105976"},{"taxonomy":"product_tag","embeddable":true,"href":"https:\/\/e.kosmolat.eu\/lv\/wp-json\/wp\/v2\/product_tag?post=105976"}],"curies":[{"name":"wp","href":"https:\/\/api.w.org\/{rel}","templated":true}]}}