{"id":105968,"date":"2026-04-09T17:04:39","date_gmt":"2026-04-09T17:04:39","guid":{"rendered":"https:\/\/e.kosmolat.eu\/product\/lebelage-black-snail-acu-krems-ex-40-ml\/"},"modified":"2026-04-11T20:09:29","modified_gmt":"2026-04-11T20:09:29","slug":"lebelage-black-snail-acu-krems-ex-40-ml","status":"publish","type":"product","link":"https:\/\/e.kosmolat.eu\/lv\/product\/lebelage-black-snail-acu-krems-ex-40-ml\/","title":{"rendered":"Lebelage Black Snail Acu kr\u0113ms EX, 40 ml"},"content":{"rendered":"<p>Funkcion\u0101l\u0101 pretgrumbu kosm\u0113tika<br \/>\nKr\u0113ms \u0101dai ap ac\u012bm, kas satur glieme\u017ea g\u013cotu filtr\u0101tu, kas pal\u012bdz padar\u012bt \u0101du elast\u012bgu un gludu, pieg\u0101d\u0101jot nepietiekamus bar\u012bbas vielas un mitrumu zonai ap ac\u012bm, kas k\u013c\u016bst nevienm\u0113r\u012bga ikdienas noguruma d\u0113\u013c.<\/p>\n<p>Lieto\u0161ana: P\u0113c sejas mazg\u0101\u0161anas no r\u012bta un vakar\u0101 sagatavojiet \u0101du ar toniku. Uzkl\u0101jiet atbilsto\u0161u daudzumu, maigi uzkl\u0101jiet ap ac\u012bm un maigi iepli\u0137\u0113jiet, lai lab\u0101k uzs\u016bktos.<\/p>\n<p>Efekts: pal\u012bdz izl\u012bdzin\u0101t \u0101das grumbas.<\/p>\n<p>Lieto\u0161ana: uzkl\u0101jiet atbilsto\u0161u daudzumu produkta un vienm\u0113r\u012bgi sadaliet uz \u0101das.<\/p>\n<p>Piesardz\u012bbas pas\u0101kumi:<br \/>\nA. Lietojot kosm\u0113tiku vai p\u0113c t\u0101s lieto\u0161anas, ja rodas neparasti simptomi vai blakuspar\u0101d\u012bbas, piem\u0113ram, sarkani plankumi, piet\u016bkums, nieze vai kairin\u0101jums saules gaismas iedarb\u012bbas d\u0113\u013c, konsult\u0113jieties ar speci\u0101listu.<br \/>\nB. Nelietojiet uz ievainot\u0101m viet\u0101m.<br \/>\nC. Uzglab\u0101\u0161anas un lieto\u0161anas piesardz\u012bbas pas\u0101kumi:<br \/>\n1. Glab\u0101jiet b\u0113rniem nepieejam\u0101 viet\u0101.<br \/>\n2. Sarg\u0101jiet no tie\u0161as saules gaismas.<\/p>\n","protected":false},"excerpt":{"rendered":"<p>Funkcion\u0101l\u0101 pretgrumbu kosm\u0113tika Kr\u0113ms \u0101dai ap ac\u012bm, kas satur glieme\u017ea g\u013cotu filtr\u0101tu, kas pal\u012bdz padar\u012bt \u0101du elast\u012bgu un gludu, pieg\u0101d\u0101jot nepietiekamus bar\u012bbas vielas un mitrumu zonai ap ac\u012bm, kas k\u013c\u016bst nevienm\u0113r\u012bga ikdienas noguruma d\u0113\u013c. Lieto\u0161ana: P\u0113c sejas mazg\u0101\u0161anas no r\u012bta un vakar\u0101 sagatavojiet \u0101du ar toniku. Uzkl\u0101jiet atbilsto\u0161u daudzumu, maigi uzkl\u0101jiet ap ac\u012bm un maigi [&#8230;]\n","protected":false},"featured_media":105972,"template":"","meta":[],"product_cat":[1588],"product_tag":[],"class_list":{"0":"post-105968","1":"product","2":"type-product","3":"status-publish","4":"has-post-thumbnail","6":"product_brand-replay_kr","7":"product_cat-acu-kremi","9":"first","10":"instock","11":"taxable","12":"shipping-taxable","13":"product-type-simple"},"_links":{"self":[{"href":"https:\/\/e.kosmolat.eu\/lv\/wp-json\/wp\/v2\/product\/105968","targetHints":{"allow":["GET"]}}],"collection":[{"href":"https:\/\/e.kosmolat.eu\/lv\/wp-json\/wp\/v2\/product"}],"about":[{"href":"https:\/\/e.kosmolat.eu\/lv\/wp-json\/wp\/v2\/types\/product"}],"wp:featuredmedia":[{"embeddable":true,"href":"https:\/\/e.kosmolat.eu\/lv\/wp-json\/wp\/v2\/media\/105972"}],"wp:attachment":[{"href":"https:\/\/e.kosmolat.eu\/lv\/wp-json\/wp\/v2\/media?parent=105968"}],"wp:term":[{"taxonomy":"product_cat","embeddable":true,"href":"https:\/\/e.kosmolat.eu\/lv\/wp-json\/wp\/v2\/product_cat?post=105968"},{"taxonomy":"product_tag","embeddable":true,"href":"https:\/\/e.kosmolat.eu\/lv\/wp-json\/wp\/v2\/product_tag?post=105968"}],"curies":[{"name":"wp","href":"https:\/\/api.w.org\/{rel}","templated":true}]}}