{"id":105960,"date":"2026-04-09T17:04:21","date_gmt":"2026-04-09T17:04:21","guid":{"rendered":"https:\/\/e.kosmolat.eu\/product\/lebelage-peach-roku-krems-100-ml\/"},"modified":"2026-04-21T06:15:42","modified_gmt":"2026-04-21T06:15:42","slug":"lebelage-peach-roku-krems-100-ml","status":"publish","type":"product","link":"https:\/\/e.kosmolat.eu\/lv\/product\/lebelage-peach-roku-krems-100-ml\/","title":{"rendered":"Lebelage Peach roku kr\u0113ms, 100 ml"},"content":{"rendered":"<p>Svaiga un maiga saj\u016bta<br \/>\n\u0160is roku kr\u0113ms pal\u012bdz mitrin\u0101t sausas un raupjas rokas, kas cietu\u0161as no \u0101r\u0113jiem vides faktoriem. Tas satur persiku ekstraktu, kas pal\u012bdz saglab\u0101t roku maigumu un gludumu.<\/p>\n<p>Lieto\u0161ana: P\u0113c roku mazg\u0101\u0161anas uzkl\u0101jiet atbilsto\u0161u daudzumu un vienm\u0113r\u012bgi izl\u012bdziniet uz \u0101das. Viegli iemas\u0113jiet, l\u012bdz produkts ies\u016bcies.<\/p>\n<p>Piesardz\u012bbas pas\u0101kumi: A. Lietojot kosm\u0113tiku vai p\u0113c t\u0101s lieto\u0161anas, ja rodas neparasti simptomi vai blakuspar\u0101d\u012bbas, piem\u0113ram, sarkani plankumi, piet\u016bkums, nieze vai kairin\u0101jums saules gaismas iedarb\u012bbas d\u0113\u013c, konsult\u0113jieties ar speci\u0101listu.<br \/>\nB. Nelietojiet uz ievainot\u0101m viet\u0101m.<br \/>\nC. Uzglab\u0101\u0161anas un lieto\u0161anas piesardz\u012bbas pas\u0101kumi:<br \/>\n1. Glab\u0101jiet b\u0113rniem nepieejam\u0101 viet\u0101.<br \/>\n2. Sarg\u0101jiet no tie\u0161as saules gaismas.<\/p>\n","protected":false},"excerpt":{"rendered":"<p>Svaiga un maiga saj\u016bta \u0160is roku kr\u0113ms pal\u012bdz mitrin\u0101t sausas un raupjas rokas, kas cietu\u0161as no \u0101r\u0113jiem vides faktoriem. Tas satur persiku ekstraktu, kas pal\u012bdz saglab\u0101t roku maigumu un gludumu. Lieto\u0161ana: P\u0113c roku mazg\u0101\u0161anas uzkl\u0101jiet atbilsto\u0161u daudzumu un vienm\u0113r\u012bgi izl\u012bdziniet uz \u0101das. Viegli iemas\u0113jiet, l\u012bdz produkts ies\u016bcies. Piesardz\u012bbas pas\u0101kumi: A. Lietojot kosm\u0113tiku vai p\u0113c t\u0101s [&#8230;]\n","protected":false},"featured_media":105964,"template":"","meta":[],"product_cat":[1302],"product_tag":[],"class_list":{"0":"post-105960","1":"product","2":"type-product","3":"status-publish","4":"has-post-thumbnail","6":"product_brand-replay_kr","7":"product_cat-roku-kopsanas-kosmetika","9":"first","10":"outofstock","11":"taxable","12":"shipping-taxable","13":"product-type-simple"},"_links":{"self":[{"href":"https:\/\/e.kosmolat.eu\/lv\/wp-json\/wp\/v2\/product\/105960","targetHints":{"allow":["GET"]}}],"collection":[{"href":"https:\/\/e.kosmolat.eu\/lv\/wp-json\/wp\/v2\/product"}],"about":[{"href":"https:\/\/e.kosmolat.eu\/lv\/wp-json\/wp\/v2\/types\/product"}],"wp:featuredmedia":[{"embeddable":true,"href":"https:\/\/e.kosmolat.eu\/lv\/wp-json\/wp\/v2\/media\/105964"}],"wp:attachment":[{"href":"https:\/\/e.kosmolat.eu\/lv\/wp-json\/wp\/v2\/media?parent=105960"}],"wp:term":[{"taxonomy":"product_cat","embeddable":true,"href":"https:\/\/e.kosmolat.eu\/lv\/wp-json\/wp\/v2\/product_cat?post=105960"},{"taxonomy":"product_tag","embeddable":true,"href":"https:\/\/e.kosmolat.eu\/lv\/wp-json\/wp\/v2\/product_tag?post=105960"}],"curies":[{"name":"wp","href":"https:\/\/api.w.org\/{rel}","templated":true}]}}