{"id":105952,"date":"2026-04-09T17:04:02","date_gmt":"2026-04-09T17:04:02","guid":{"rendered":"https:\/\/e.kosmolat.eu\/product\/lebelage-black-snail-ampulu-krems-70-ml\/"},"modified":"2026-04-21T05:42:51","modified_gmt":"2026-04-21T05:42:51","slug":"lebelage-black-snail-ampulu-krems-70-ml","status":"publish","type":"product","link":"https:\/\/e.kosmolat.eu\/lv\/product\/lebelage-black-snail-ampulu-krems-70-ml\/","title":{"rendered":"Lebelage Black Snail Ampulu kr\u0113ms, 70 ml"},"content":{"rendered":"<p>Funkcion\u0101l\u0101 pretgrumbu kosm\u0113tika<br \/>\nKr\u0113ms, kas satur melno glieme\u017eu muc\u012bna filtr\u0101tu, lai pieg\u0101d\u0101tu nepietiekamus bar\u012bbas vielas un mitrumu \u0101dai, kas nogurusi no ikdienas slodzes, padarot \u0101du elast\u012bgu un gludu.<\/p>\n<p>Lieto\u0161ana: P\u0113d\u0113j\u0101 pamata grima uzkl\u0101\u0161anas posm\u0101 uzkl\u0101jiet atbilsto\u0161u daudzumu uz sejas un kakla, izl\u012bdziniet to, it k\u0101 velkot no apak\u0161as uz aug\u0161u, un p\u0113c tam paceliet to uz aug\u0161u, it k\u0101 viegli piespie\u017eot ar ab\u0101m rok\u0101m, lai pabeigtu.<\/p>\n<p>Efekts: pal\u012bdz uzlabot \u0101das grumbu izskatu.<\/p>\n<p>Apjoms un lieto\u0161ana: uzkl\u0101jiet piem\u0113rotu daudzumu uz plaukstas un vienm\u0113r\u012bgi uzkl\u0101jiet uz \u0101das.<\/p>\n<p>Piesardz\u012bbas pas\u0101kumi:<br \/>\nA. Lietojot kosm\u0113tiku vai p\u0113c t\u0101s lieto\u0161anas, ja rodas k\u0101di neparasti simptomi vai blakuspar\u0101d\u012bbas, piem\u0113ram, sarkani plankumi, piet\u016bkums, nieze vai citas blakuspar\u0101d\u012bbas, kas saist\u012btas ar tie\u0161u saules gaismu, konsult\u0113jieties ar speci\u0101listu.<br \/>\nB. Nelietojiet uz ievainot\u0101m viet\u0101m.<br \/>\nC. Piesardz\u012bbas pas\u0101kumi uzglab\u0101\u0161anai un r\u012bc\u012bbai<br \/>\n1. Glab\u0101jiet b\u0113rniem nepieejam\u0101 viet\u0101.<br \/>\n2. Sarg\u0101jiet no tie\u0161as saules gaismas.<\/p>\n","protected":false},"excerpt":{"rendered":"<p>Funkcion\u0101l\u0101 pretgrumbu kosm\u0113tika Kr\u0113ms, kas satur melno glieme\u017eu muc\u012bna filtr\u0101tu, lai pieg\u0101d\u0101tu nepietiekamus bar\u012bbas vielas un mitrumu \u0101dai, kas nogurusi no ikdienas slodzes, padarot \u0101du elast\u012bgu un gludu. Lieto\u0161ana: P\u0113d\u0113j\u0101 pamata grima uzkl\u0101\u0161anas posm\u0101 uzkl\u0101jiet atbilsto\u0161u daudzumu uz sejas un kakla, izl\u012bdziniet to, it k\u0101 velkot no apak\u0161as uz aug\u0161u, un p\u0113c tam paceliet to [&#8230;]\n","protected":false},"featured_media":105956,"template":"","meta":[],"product_cat":[1320],"product_tag":[],"class_list":{"0":"post-105952","1":"product","2":"type-product","3":"status-publish","4":"has-post-thumbnail","6":"product_brand-replay_kr","7":"product_cat-sejas-kremi","9":"first","10":"instock","11":"taxable","12":"shipping-taxable","13":"product-type-simple"},"_links":{"self":[{"href":"https:\/\/e.kosmolat.eu\/lv\/wp-json\/wp\/v2\/product\/105952","targetHints":{"allow":["GET"]}}],"collection":[{"href":"https:\/\/e.kosmolat.eu\/lv\/wp-json\/wp\/v2\/product"}],"about":[{"href":"https:\/\/e.kosmolat.eu\/lv\/wp-json\/wp\/v2\/types\/product"}],"wp:featuredmedia":[{"embeddable":true,"href":"https:\/\/e.kosmolat.eu\/lv\/wp-json\/wp\/v2\/media\/105956"}],"wp:attachment":[{"href":"https:\/\/e.kosmolat.eu\/lv\/wp-json\/wp\/v2\/media?parent=105952"}],"wp:term":[{"taxonomy":"product_cat","embeddable":true,"href":"https:\/\/e.kosmolat.eu\/lv\/wp-json\/wp\/v2\/product_cat?post=105952"},{"taxonomy":"product_tag","embeddable":true,"href":"https:\/\/e.kosmolat.eu\/lv\/wp-json\/wp\/v2\/product_tag?post=105952"}],"curies":[{"name":"wp","href":"https:\/\/api.w.org\/{rel}","templated":true}]}}