{"id":105856,"date":"2026-04-09T17:00:32","date_gmt":"2026-04-09T17:00:32","guid":{"rendered":"https:\/\/e.kosmolat.eu\/product\/pax-moly-aud-sejas-maska-ar-centella-asiatica-ekstr-25-ml\/"},"modified":"2026-04-09T17:00:46","modified_gmt":"2026-04-09T17:00:46","slug":"pax-moly-aud-sejas-maska-ar-centella-asiatica-ekstr-25-ml","status":"publish","type":"product","link":"https:\/\/e.kosmolat.eu\/lv\/product\/pax-moly-aud-sejas-maska-ar-centella-asiatica-ekstr-25-ml\/","title":{"rendered":"PAX MOLY Aud. sejas maska ar Centella asiatica ekstr., 25 ml"},"content":{"rendered":"<p>Satur Centella Asiatica ekstraktu un asi\u0101tikoz\u012bdu, madekasos\u012bdu, madekas\u012bnsk\u0101bi un azi\u0101tisko sk\u0101bi, kas pal\u012bdz stiprin\u0101t \u0101das aizsargbarjeru un nomierin\u0101t noguru\u0161u \u0101du.<\/p>\n<p>\u0100da izskat\u0101s redzami starojo\u0161\u0101ka un mirdzo\u0161\u0101ka, un ir labi mitrin\u0101ta un barota. <\/p>\n<p>1. P\u0113c sejas att\u012br\u012b\u0161anas nomieriniet \u0101du.<br \/>\n2. Iz\u0146emiet masku no iepakojuma, uzlieciet to uz sejas, r\u016bp\u012bgi izl\u012bdzinot.<br \/>\n3. Atp\u016btieties 10\u201320 min\u016btes un no\u0146emiet masku.<br \/>\n4. \u013baujiet \u0101dai uzs\u016bkt atliku\u0161o esenci, viegli to ieklopojot.<\/p>\n<p>Uzglab\u0101t b\u0113rniem nepieejam\u0101 viet\u0101, temperat\u016br\u0101 no +5 \u00b0\u0421 l\u012bdz +25 \u00b0\u0421, sarg\u0101jot no tie\u0161iem saules stariem, siltuma avotiem.<\/p>\n","protected":false},"excerpt":{"rendered":"<p>Satur Centella Asiatica ekstraktu un asi\u0101tikoz\u012bdu, madekasos\u012bdu, madekas\u012bnsk\u0101bi un azi\u0101tisko sk\u0101bi, kas pal\u012bdz stiprin\u0101t \u0101das aizsargbarjeru un nomierin\u0101t noguru\u0161u \u0101du. \u0100da izskat\u0101s redzami starojo\u0161\u0101ka un mirdzo\u0161\u0101ka, un ir labi mitrin\u0101ta un barota. 1. P\u0113c sejas att\u012br\u012b\u0161anas nomieriniet \u0101du. 2. Iz\u0146emiet masku no iepakojuma, uzlieciet to uz sejas, r\u016bp\u012bgi izl\u012bdzinot. 3. Atp\u016btieties 10\u201320 min\u016btes un no\u0146emiet [&#8230;]\n","protected":false},"featured_media":105860,"template":"","meta":[],"product_cat":[1367],"product_tag":[],"class_list":{"0":"post-105856","1":"product","2":"type-product","3":"status-publish","4":"has-post-thumbnail","6":"product_brand-replay_kr","7":"product_cat-sejas-maskas","9":"first","10":"instock","11":"taxable","12":"shipping-taxable","13":"product-type-simple"},"_links":{"self":[{"href":"https:\/\/e.kosmolat.eu\/lv\/wp-json\/wp\/v2\/product\/105856","targetHints":{"allow":["GET"]}}],"collection":[{"href":"https:\/\/e.kosmolat.eu\/lv\/wp-json\/wp\/v2\/product"}],"about":[{"href":"https:\/\/e.kosmolat.eu\/lv\/wp-json\/wp\/v2\/types\/product"}],"wp:featuredmedia":[{"embeddable":true,"href":"https:\/\/e.kosmolat.eu\/lv\/wp-json\/wp\/v2\/media\/105860"}],"wp:attachment":[{"href":"https:\/\/e.kosmolat.eu\/lv\/wp-json\/wp\/v2\/media?parent=105856"}],"wp:term":[{"taxonomy":"product_cat","embeddable":true,"href":"https:\/\/e.kosmolat.eu\/lv\/wp-json\/wp\/v2\/product_cat?post=105856"},{"taxonomy":"product_tag","embeddable":true,"href":"https:\/\/e.kosmolat.eu\/lv\/wp-json\/wp\/v2\/product_tag?post=105856"}],"curies":[{"name":"wp","href":"https:\/\/api.w.org\/{rel}","templated":true}]}}